{"id":14415,"date":"2019-03-04T22:58:44","date_gmt":"2019-03-04T22:58:44","guid":{"rendered":"https:\/\/portugal-fiberglass.com\/liege-fuer-pool-und-garten\/"},"modified":"2025-07-24T14:49:06","modified_gmt":"2025-07-24T14:49:06","slug":"liege-fuer-pool-und-garten","status":"publish","type":"page","link":"https:\/\/portugal-fiberglass.com\/de\/liege-fuer-pool-und-garten\/","title":{"rendered":"Liege f\u00fcr Pool und Garten"},"content":{"rendered":"<div class=\"wpb-content-wrapper\"><p>[vc_row][vc_column css=&#8220;.vc_custom_1721991900883{padding-top: 20px !important;}&#8220; woodmart_css_id=&#8220;66a382c0d0219&#8243; parallax_scroll=&#8220;no&#8220; woodmart_sticky_column=&#8220;false&#8220; wd_collapsible_content_switcher=&#8220;no&#8220; wd_column_role_offcanvas_desktop=&#8220;no&#8220; wd_column_role_offcanvas_tablet=&#8220;no&#8220; wd_column_role_offcanvas_mobile=&#8220;no&#8220; wd_column_role_content_desktop=&#8220;no&#8220; wd_column_role_content_tablet=&#8220;no&#8220; wd_column_role_content_mobile=&#8220;no&#8220; mobile_bg_img_hidden=&#8220;no&#8220; tablet_bg_img_hidden=&#8220;no&#8220; woodmart_parallax=&#8220;0&#8243; woodmart_box_shadow=&#8220;no&#8220; responsive_spacing=&#8220;eyJwYXJhbV90eXBlIjoid29vZG1hcnRfcmVzcG9uc2l2ZV9zcGFjaW5nIiwic2VsZWN0b3JfaWQiOiI2NmEzODJjMGQwMjE5Iiwic2hvcnRjb2RlIjoidmNfY29sdW1uIiwiZGF0YSI6eyJ0YWJsZXQiOnt9LCJtb2JpbGUiOnt9fX0=&#8220; mobile_reset_margin=&#8220;no&#8220; tablet_reset_margin=&#8220;no&#8220; wd_z_index=&#8220;no&#8220;]\n\t\t<div id=\"wd-674d939bbbf33\" class=\"title-wrapper wd-wpb wd-set-mb reset-last-child  wd-rs-674d939bbbf33 wd-title-color-default wd-title-style-default text-center  wd-underline-colored\">\n\t\t\t\n\t\t\t<div class=\"liner-continer\">\n\t\t\t\t<h4 class=\"woodmart-title-container title  wd-font-weight- wd-fontsize-l\" >Sonnenliegen<\/h4>\n\t\t\t\t\t\t\t<\/div>\n\t\t\t\n\t\t\t\n\t\t\t\n\t\t<\/div>\n\t\t\n\t\t[\/vc_column][\/vc_row][vc_row content_placement=&#8220;middle&#8220; css=&#8220;.vc_custom_1722962698528{margin-bottom: 25px !important;}&#8220; woodmart_css_id=&#8220;66b252d64938a&#8220; responsive_spacing=&#8220;eyJwYXJhbV90eXBlIjoid29vZG1hcnRfcmVzcG9uc2l2ZV9zcGFjaW5nIiwic2VsZWN0b3JfaWQiOiI2NmIyNTJkNjQ5MzhhIiwic2hvcnRjb2RlIjoidmNfcm93IiwiZGF0YSI6eyJ0YWJsZXQiOnt9LCJtb2JpbGUiOnsibWFyZ2luLXRvcCI6IjAifX19&#8243; mobile_bg_img_hidden=&#8220;no&#8220; tablet_bg_img_hidden=&#8220;no&#8220; woodmart_parallax=&#8220;0&#8243; woodmart_gradient_switch=&#8220;no&#8220; row_reverse_mobile=&#8220;0&#8243; row_reverse_tablet=&#8220;0&#8243; woodmart_disable_overflow=&#8220;0&#8243; woodmart_box_shadow=&#8220;no&#8220; wd_z_index=&#8220;no&#8220;][vc_column css=&#8220;.vc_custom_1503987927476{margin-bottom: 35px !important;padding-top: 0px !important;}&#8220; offset=&#8220;vc_col-md-6&#8243;][vc_row_inner][vc_column_inner width=&#8220;1\/2&#8243; css=&#8220;.vc_custom_1746704666761{padding-top: 40px !important;}&#8220; offset=&#8220;vc_col-xs-12&#8243; woodmart_css_id=&#8220;681c99162ff4e&#8220; responsive_spacing=&#8220;eyJwYXJhbV90eXBlIjoid29vZG1hcnRfcmVzcG9uc2l2ZV9zcGFjaW5nIiwic2VsZWN0b3JfaWQiOiI2ODFjOTkxNjJmZjRlIiwic2hvcnRjb2RlIjoidmNfY29sdW1uX2lubmVyIiwiZGF0YSI6eyJ0YWJsZXQiOnsicGFkZGluZy10b3AiOiIwcHgifSwibW9iaWxlIjp7fX19&#8243; parallax_scroll=&#8220;no&#8220; woodmart_sticky_column=&#8220;false&#8220; wd_collapsible_content_switcher=&#8220;no&#8220; wd_column_role_offcanvas_desktop=&#8220;no&#8220; wd_column_role_offcanvas_tablet=&#8220;no&#8220; wd_column_role_offcanvas_mobile=&#8220;no&#8220; wd_column_role_content_desktop=&#8220;no&#8220; wd_column_role_content_tablet=&#8220;no&#8220; wd_column_role_content_mobile=&#8220;no&#8220; mobile_bg_img_hidden=&#8220;no&#8220; tablet_bg_img_hidden=&#8220;no&#8220; woodmart_parallax=&#8220;0&#8243; woodmart_box_shadow=&#8220;no&#8220; wd_z_index=&#8220;no&#8220;][vc_single_image image=&#8220;18265&#8243; img_size=&#8220;full&#8220; alignment=&#8220;center&#8220; onclick=&#8220;custom_link&#8220; css=&#8220;&#8220; link=&#8220;https:\/\/portugal-fiberglass.com\/de\/produkt\/in-pool-sonnenliege-tagus-1147-npg\/&#8220; parallax_scroll=&#8220;no&#8220; woodmart_inline=&#8220;no&#8220;][\/vc_column_inner][vc_column_inner width=&#8220;1\/2&#8243; css=&#8220;.vc_custom_1746704676755{padding-top: 0px !important;}&#8220; offset=&#8220;vc_col-xs-12&#8243; woodmart_css_id=&#8220;681c991c9a23f&#8220; parallax_scroll=&#8220;no&#8220; woodmart_sticky_column=&#8220;false&#8220; wd_collapsible_content_switcher=&#8220;no&#8220; wd_column_role_offcanvas_desktop=&#8220;no&#8220; wd_column_role_offcanvas_tablet=&#8220;no&#8220; wd_column_role_offcanvas_mobile=&#8220;no&#8220; wd_column_role_content_desktop=&#8220;no&#8220; wd_column_role_content_tablet=&#8220;no&#8220; wd_column_role_content_mobile=&#8220;no&#8220; mobile_bg_img_hidden=&#8220;no&#8220; tablet_bg_img_hidden=&#8220;no&#8220; woodmart_parallax=&#8220;0&#8243; woodmart_box_shadow=&#8220;no&#8220; responsive_spacing=&#8220;eyJwYXJhbV90eXBlIjoid29vZG1hcnRfcmVzcG9uc2l2ZV9zcGFjaW5nIiwic2VsZWN0b3JfaWQiOiI2ODFjOTkxYzlhMjNmIiwic2hvcnRjb2RlIjoidmNfY29sdW1uX2lubmVyIiwiZGF0YSI6eyJ0YWJsZXQiOnt9LCJtb2JpbGUiOnt9fX0=&#8220; wd_z_index=&#8220;no&#8220;][vc_single_image image=&#8220;18206&#8243; img_size=&#8220;full&#8220; alignment=&#8220;center&#8220; onclick=&#8220;custom_link&#8220; css=&#8220;&#8220; link=&#8220;https:\/\/portugal-fiberglass.com\/de\/produkt\/in-pool-sonnenliege-tagus-1147-npg\/&#8220; parallax_scroll=&#8220;no&#8220; woodmart_inline=&#8220;no&#8220;][\/vc_column_inner][\/vc_row_inner][\/vc_column][vc_column css=&#8220;.vc_custom_1746701789032{margin-bottom: 35px !important;padding-top: 0px !important;}&#8220; offset=&#8220;vc_col-md-6&#8243; woodmart_css_id=&#8220;681c8dd45c1c3&#8243; responsive_spacing=&#8220;eyJwYXJhbV90eXBlIjoid29vZG1hcnRfcmVzcG9uc2l2ZV9zcGFjaW5nIiwic2VsZWN0b3JfaWQiOiI2ODFjOGRkNDVjMWMzIiwic2hvcnRjb2RlIjoidmNfY29sdW1uIiwiZGF0YSI6eyJ0YWJsZXQiOnt9LCJtb2JpbGUiOnt9fX0=&#8220; parallax_scroll=&#8220;no&#8220; mobile_bg_img_hidden=&#8220;no&#8220; tablet_bg_img_hidden=&#8220;no&#8220; woodmart_parallax=&#8220;0&#8243; woodmart_sticky_column=&#8220;false&#8220; mobile_reset_margin=&#8220;no&#8220; tablet_reset_margin=&#8220;no&#8220; wd_collapsible_content_switcher=&#8220;no&#8220; wd_column_role_offcanvas_desktop=&#8220;no&#8220; wd_column_role_offcanvas_tablet=&#8220;no&#8220; wd_column_role_offcanvas_mobile=&#8220;no&#8220; wd_column_role_content_desktop=&#8220;no&#8220; wd_column_role_content_tablet=&#8220;no&#8220; wd_column_role_content_mobile=&#8220;no&#8220; woodmart_box_shadow=&#8220;no&#8220; wd_z_index=&#8220;no&#8220;]\t\t<div id=\"wd-681c8def35498\" class=\"wd-text-block wd-wpb reset-last-child wd-rs-681c8def35498 text-center color-primary wd-fontsize-custom font-primary vc_custom_1746701833228\">\n\t\t\t<p><em>Entwickelt f\u00fcr den Einsatz im Pool. <\/em><\/p>\n\t\t<\/div>\n\t\t\n\t\t<div id=\"wd-681c8e0b2a874\" class=\"title-wrapper wd-wpb wd-set-mb reset-last-child  wd-rs-681c8e0b2a874 wd-title-color-default wd-title-style-default text-center vc_custom_1746701840870 wd-width-custom wd-underline-colored\">\n\t\t\t\n\t\t\t<div class=\"liner-continer\">\n\t\t\t\t<h4 class=\"woodmart-title-container title  wd-font-weight-400 wd-fontsize-l\" ><strong>Tagus 1147 NPG<\/strong><\/h4>\n\t\t\t\t\t\t\t<\/div>\n\t\t\t\n\t\t\t\t\t\t\t<div class=\"title-after_title reset-last-child  wd-fontsize-xs\">Mit ihrem eleganten, modernen Design eignet sie sich perfekt zum Entspannen \u2013 ob im heimischen Garten oder in einem stilvollen Hotel. Sie verwandelt jeden Ort in etwas Besonderes. Entwickelt f\u00fcr den Einsatz im Pool.<\/div>\n\t\t\t\n\t\t\t\n\t\t<\/div>\n\t\t\n\t\t[vc_row_inner content_placement=&#8220;middle&#8220; woodmart_css_id=&#8220;66953cf8ea19b&#8220; responsive_spacing=&#8220;eyJwYXJhbV90eXBlIjoid29vZG1hcnRfcmVzcG9uc2l2ZV9zcGFjaW5nIiwic2VsZWN0b3JfaWQiOiI2Njk1M2NmOGVhMTliIiwic2hvcnRjb2RlIjoidmNfcm93X2lubmVyIiwiZGF0YSI6eyJ0YWJsZXQiOnt9LCJtb2JpbGUiOnt9fX0=&#8220; mobile_bg_img_hidden=&#8220;no&#8220; tablet_bg_img_hidden=&#8220;no&#8220; woodmart_parallax=&#8220;0&#8243; woodmart_gradient_switch=&#8220;no&#8220; woodmart_box_shadow=&#8220;no&#8220; wd_z_index=&#8220;no&#8220; woodmart_disable_overflow=&#8220;0&#8243; row_reverse_mobile=&#8220;0&#8243; row_reverse_tablet=&#8220;0&#8243;][vc_column_inner woodmart_text_align=&#8220;center&#8220; woodmart_css_id=&#8220;681c8f57c5407&#8243; parallax_scroll=&#8220;no&#8220; woodmart_sticky_column=&#8220;false&#8220; wd_collapsible_content_switcher=&#8220;no&#8220; wd_column_role_offcanvas_desktop=&#8220;no&#8220; wd_column_role_offcanvas_tablet=&#8220;no&#8220; wd_column_role_offcanvas_mobile=&#8220;no&#8220; wd_column_role_content_desktop=&#8220;no&#8220; wd_column_role_content_tablet=&#8220;no&#8220; wd_column_role_content_mobile=&#8220;no&#8220; mobile_bg_img_hidden=&#8220;no&#8220; tablet_bg_img_hidden=&#8220;no&#8220; woodmart_parallax=&#8220;0&#8243; woodmart_box_shadow=&#8220;no&#8220; responsive_spacing=&#8220;eyJwYXJhbV90eXBlIjoid29vZG1hcnRfcmVzcG9uc2l2ZV9zcGFjaW5nIiwic2VsZWN0b3JfaWQiOiI2ODFjOGY1N2M1NDA3Iiwic2hvcnRjb2RlIjoidmNfY29sdW1uX2lubmVyIiwiZGF0YSI6eyJ0YWJsZXQiOnt9LCJtb2JpbGUiOnt9fX0=&#8220; wd_z_index=&#8220;no&#8220;]<div id=\"wd-688247a230a5f\" class=\" wd-rs-688247a230a5f  wd-button-wrapper text-center inline-element\"><a href=\"https:\/\/portugal-fiberglass.com\/de\/produkt\/in-pool-sonnenliege-tagus-1147-npg\/\" title=\"\" class=\"btn btn-color-primary btn-style-default btn-shape-round btn-size-default\">Mehr entdecken<\/a><\/div><div id=\"wd-688247af2149c\" class=\" wd-rs-688247af2149c  wd-button-wrapper text-center inline-element\"><a href=\"https:\/\/portugal-fiberglass.com\/de\/produkt\/magnetisches-kissen-tagus-1255\/\" title=\"Tagus 1255-Kissen\" class=\"btn btn-style-bordered btn-shape-round btn-size-default\">Magnetkissen<\/a><\/div>[\/vc_column_inner][\/vc_row_inner][\/vc_column][\/vc_row][vc_row css=&#8220;.vc_custom_1724188837969{margin-bottom: 0px !important;}&#8220; woodmart_css_id=&#8220;66c5089a3b912&#8243; responsive_spacing=&#8220;eyJwYXJhbV90eXBlIjoid29vZG1hcnRfcmVzcG9uc2l2ZV9zcGFjaW5nIiwic2VsZWN0b3JfaWQiOiI2NmM1MDg5YTNiOTEyIiwic2hvcnRjb2RlIjoidmNfcm93IiwiZGF0YSI6eyJ0YWJsZXQiOnt9LCJtb2JpbGUiOnt9fX0=&#8220; mobile_bg_img_hidden=&#8220;no&#8220; tablet_bg_img_hidden=&#8220;no&#8220; woodmart_parallax=&#8220;0&#8243; woodmart_gradient_switch=&#8220;no&#8220; woodmart_box_shadow=&#8220;no&#8220; wd_z_index=&#8220;no&#8220; woodmart_disable_overflow=&#8220;0&#8243; row_reverse_mobile=&#8220;0&#8243; row_reverse_tablet=&#8220;0&#8243;][vc_column]<style data-type=\"vc_shortcodes-custom-css\">.vc_custom_1720599765601{margin-right: 0px !important;margin-bottom: 80px !important;margin-left: 0px !important;}.vc_custom_1722979904060{padding-top: 40px !important;padding-right: 40px !important;padding-bottom: 10px !important;padding-left: 40px !important;background-color: #69a197 !important;border-radius: 10px !important;}#wd-66c3b88099e00 .info-box-title{line-height:34px;font-size:24px;}#wd-66c3b8be45f67 .info-box-title{line-height:34px;font-size:24px;}#wd-66cc91b334c0f .info-box-title{line-height:34px;font-size:24px;}#wd-66c77828a3d55 .info-box-title{line-height:34px;font-size:24px;}<\/style><div class=\"wpb-content-wrapper\">[vc_row css=\".vc_custom_1720599765601{margin-right: 0px !important;margin-bottom: 80px !important;margin-left: 0px !important;}\" woodmart_css_id=\"668e434d9d974\" responsive_spacing=\"eyJwYXJhbV90eXBlIjoid29vZG1hcnRfcmVzcG9uc2l2ZV9zcGFjaW5nIiwic2VsZWN0b3JfaWQiOiI2NjhlNDM0ZDlkOTc0Iiwic2hvcnRjb2RlIjoidmNfcm93IiwiZGF0YSI6eyJ0YWJsZXQiOnt9LCJtb2JpbGUiOnt9fX0=\" mobile_bg_img_hidden=\"no\" tablet_bg_img_hidden=\"no\" woodmart_parallax=\"0\" woodmart_gradient_switch=\"no\" woodmart_box_shadow=\"no\" wd_z_index=\"no\" woodmart_disable_overflow=\"0\" row_reverse_mobile=\"0\" row_reverse_tablet=\"0\"][vc_column][vc_row_inner content_placement=\"top\" css=\".vc_custom_1722979904060{padding-top: 40px !important;padding-right: 40px !important;padding-bottom: 10px !important;padding-left: 40px !important;background-color: #69a197 !important;border-radius: 10px !important;}\" woodmart_css_id=\"66b29635953bd\" responsive_spacing=\"eyJwYXJhbV90eXBlIjoid29vZG1hcnRfcmVzcG9uc2l2ZV9zcGFjaW5nIiwic2VsZWN0b3JfaWQiOiI2NmIyOTYzNTk1M2JkIiwic2hvcnRjb2RlIjoidmNfcm93X2lubmVyIiwiZGF0YSI6eyJ0YWJsZXQiOnt9LCJtb2JpbGUiOnt9fX0=\" mobile_bg_img_hidden=\"no\" tablet_bg_img_hidden=\"no\" woodmart_parallax=\"0\" woodmart_gradient_switch=\"no\" woodmart_box_shadow=\"no\" wd_z_index=\"no\" woodmart_disable_overflow=\"0\" row_reverse_mobile=\"0\" row_reverse_tablet=\"0\"][vc_column_inner width=\"1\/4\"]\t\t\t<div class=\"info-box-wrapper\">\n\t\t\t\t<div id=\"wd-66c3b88099e00\" class=\" wd-rs-66c3b88099e00 wd-info-box wd-wpb text-left box-icon-align-top box-style- color-scheme-light wd-bg-none \">\n\t\t\t\t\t\t\t\t\t\t\t<div class=\"box-icon-wrapper  box-with-icon box-icon-simple\">\n\t\t\t\t\t\t\t<div class=\"info-box-icon\">\n\t\t\t\t\t\t\t\t<div class=\"info-svg-wrapper\" style=\"width: 52px;height: 52px;\"><img decoding=\"async\"  src=\"https:\/\/portugal-fiberglass.com\/wp-content\/uploads\/2024\/08\/icon-fabricado-em-portugal-portugal-fiberglass.svg\"  loading=\"lazy\" width=\"52\" height=\"52\"><\/div>\t\t\t\t\t\t\t<\/div>\n\t\t\t\t\t\t<\/div>\n\t\t\t\t\t\t\t\t\t\t<div class=\"info-box-content\">\n\t\t\t\t\t\t<h4 class=\"info-box-title title box-title-style-default wd-fontsize-m\">Hergestellt in Portugal<\/h4>\t\t\t\t\t\t<div class=\"info-box-inner reset-last-child\"><p>Von der Idee bis zur Entstehung werden unsere St\u00fccke in Portugal mit gr\u00f6\u00dfter Sorgfalt aus hochwertigsten europ\u00e4ischen Materialien handgefertigt<\/p>\n<\/div>\n\n\t\t\t\t\t\t\t\t\t\t\t<\/div>\n\n\t\t\t\t\t\n\t\t\t\t\t\t\t\t\t<\/div>\n\t\t\t<\/div>\n\t\t[\/vc_column_inner][vc_column_inner width=\"1\/4\"]\t\t\t<div class=\"info-box-wrapper\">\n\t\t\t\t<div id=\"wd-66c3b8be45f67\" class=\" wd-rs-66c3b8be45f67 wd-info-box wd-wpb text-left box-icon-align-top box-style- color-scheme-light wd-bg-none \">\n\t\t\t\t\t\t\t\t\t\t\t<div class=\"box-icon-wrapper  box-with-icon box-icon-simple\">\n\t\t\t\t\t\t\t<div class=\"info-box-icon\">\n\t\t\t\t\t\t\t\t<div class=\"info-svg-wrapper\" style=\"width: 52px;height: 52px;\"><img decoding=\"async\"  src=\"https:\/\/portugal-fiberglass.com\/wp-content\/uploads\/2024\/08\/icone-qualidade-nautica-portugal-fiberglass.svg\"  loading=\"lazy\" width=\"52\" height=\"52\"><\/div>\t\t\t\t\t\t\t<\/div>\n\t\t\t\t\t\t<\/div>\n\t\t\t\t\t\t\t\t\t\t<div class=\"info-box-content\">\n\t\t\t\t\t\t<h4 class=\"info-box-title title box-title-style-default wd-fontsize-m\">Marine-Qualit\u00e4t<\/h4>\t\t\t\t\t\t<div class=\"info-box-inner reset-last-child\"><p>Gefertigt aus den gleichen marine-tauglichen Materialien, die auch im Yachtbau verwendet werden<\/p>\n<\/div>\n\n\t\t\t\t\t\t\t\t\t\t\t<\/div>\n\n\t\t\t\t\t\n\t\t\t\t\t\t\t\t\t<\/div>\n\t\t\t<\/div>\n\t\t[\/vc_column_inner][vc_column_inner width=\"1\/4\"]\t\t\t<div class=\"info-box-wrapper\">\n\t\t\t\t<div id=\"wd-66cc91b334c0f\" class=\" wd-rs-66cc91b334c0f wd-info-box wd-wpb text-left box-icon-align-top box-style- color-scheme-light wd-bg-none \">\n\t\t\t\t\t\t\t\t\t\t\t<div class=\"box-icon-wrapper  box-with-icon box-icon-simple\">\n\t\t\t\t\t\t\t<div class=\"info-box-icon\">\n\t\t\t\t\t\t\t\t<div class=\"info-svg-wrapper\" style=\"width: 52px;height: 52px;\"><img decoding=\"async\"  src=\"https:\/\/portugal-fiberglass.com\/wp-content\/uploads\/2024\/08\/icon-producao-artesanal-portugal-fiberglass.svg\"  loading=\"lazy\" width=\"52\" height=\"52\"><\/div>\t\t\t\t\t\t\t<\/div>\n\t\t\t\t\t\t<\/div>\n\t\t\t\t\t\t\t\t\t\t<div class=\"info-box-content\">\n\t\t\t\t\t\t<h4 class=\"info-box-title title box-title-style-default wd-fontsize-m\">Handgefertigte Produktion<\/h4>\t\t\t\t\t\t<div class=\"info-box-inner reset-last-child\"><p>Achtsame Produktion mit Fokus auf Details, durch einen langsamen Aush\u00e4rtungsprozess, der einen niedrigen Energieverbrauch gew\u00e4hrleistet<\/p>\n<\/div>\n\n\t\t\t\t\t\t\t\t\t\t\t<\/div>\n\n\t\t\t\t\t\n\t\t\t\t\t\t\t\t\t<\/div>\n\t\t\t<\/div>\n\t\t[\/vc_column_inner][vc_column_inner width=\"1\/4\"]\t\t\t<div class=\"info-box-wrapper\">\n\t\t\t\t<div id=\"wd-66c77828a3d55\" class=\" wd-rs-66c77828a3d55 wd-info-box wd-wpb text-left box-icon-align-top box-style- color-scheme-light wd-bg-none \">\n\t\t\t\t\t\t\t\t\t\t\t<div class=\"box-icon-wrapper  box-with-icon box-icon-simple\">\n\t\t\t\t\t\t\t<div class=\"info-box-icon\">\n\t\t\t\t\t\t\t\t<div class=\"info-svg-wrapper\" style=\"width: 52px;height: 52px;\"><img decoding=\"async\"  src=\"https:\/\/portugal-fiberglass.com\/wp-content\/uploads\/2024\/08\/icone-industria-hotelaria-portugal-fiberglass.svg\"  loading=\"lazy\" width=\"52\" height=\"52\"><\/div>\t\t\t\t\t\t\t<\/div>\n\t\t\t\t\t\t<\/div>\n\t\t\t\t\t\t\t\t\t\t<div class=\"info-box-content\">\n\t\t\t\t\t\t<h4 class=\"info-box-title title box-title-style-default wd-fontsize-m\">Hotellerie<\/h4>\t\t\t\t\t\t<div class=\"info-box-inner reset-last-child\"><p>Unsere Produkte finden Sie in erstaunlichen Hotels. Die verwendeten Materialien sorgen daf\u00fcr, dass sie langlebig, leicht und einfach zu handhaben sind.<\/p>\n<\/div>\n\n\t\t\t\t\t\t\t\t\t\t\t<\/div>\n\n\t\t\t\t\t\n\t\t\t\t\t\t\t\t\t<\/div>\n\t\t\t<\/div>\n\t\t[\/vc_column_inner][\/vc_row_inner][\/vc_column][\/vc_row]<\/div>[\/vc_column][\/vc_row][vc_row content_placement=&#8220;middle&#8220; row_reverse_mobile=&#8220;1&#8243; css=&#8220;.vc_custom_1724189113870{margin-bottom: 45px !important;}&#8220; woodmart_css_id=&#8220;66c509b3c19e4&#8243; responsive_spacing=&#8220;eyJwYXJhbV90eXBlIjoid29vZG1hcnRfcmVzcG9uc2l2ZV9zcGFjaW5nIiwic2VsZWN0b3JfaWQiOiI2NmM1MDliM2MxOWU0Iiwic2hvcnRjb2RlIjoidmNfcm93IiwiZGF0YSI6eyJ0YWJsZXQiOnt9LCJtb2JpbGUiOnsibWFyZ2luLWJvdHRvbSI6IjE1cHgifX19&#8243; mobile_bg_img_hidden=&#8220;no&#8220; tablet_bg_img_hidden=&#8220;no&#8220; woodmart_parallax=&#8220;0&#8243; woodmart_gradient_switch=&#8220;no&#8220; row_reverse_tablet=&#8220;0&#8243; woodmart_disable_overflow=&#8220;0&#8243; woodmart_box_shadow=&#8220;no&#8220; wd_z_index=&#8220;no&#8220;][vc_column width=&#8220;1\/2&#8243; woodmart_text_align=&#8220;right&#8220; css=&#8220;.vc_custom_1628058490327{margin-bottom: 35px !important;padding-top: 0px !important;}&#8220; woodmart_css_id=&#8220;610a337112ebd&#8220; responsive_spacing=&#8220;eyJwYXJhbV90eXBlIjoid29vZG1hcnRfcmVzcG9uc2l2ZV9zcGFjaW5nIiwic2VsZWN0b3JfaWQiOiI2MTBhMzM3MTEyZWJkIiwic2hvcnRjb2RlIjoidmNfY29sdW1uIiwiZGF0YSI6eyJ0YWJsZXQiOnt9LCJtb2JpbGUiOnt9fX0=&#8220; parallax_scroll=&#8220;no&#8220; mobile_bg_img_hidden=&#8220;no&#8220; tablet_bg_img_hidden=&#8220;no&#8220; woodmart_parallax=&#8220;0&#8243; woodmart_sticky_column=&#8220;false&#8220; mobile_reset_margin=&#8220;no&#8220; tablet_reset_margin=&#8220;no&#8220;]\t\t<div id=\"wd-669537313acbe\" class=\"wd-text-block wd-wpb reset-last-child wd-rs-669537313acbe text-right color-scheme-dark color-title wd-fontsize-custom font-primary vc_custom_1721055028668\">\n\t\t\t<p>Werten Sie Ihren Au\u00dfenbereich mit unserer<br \/>\n<em><strong>Tagus 1147<\/strong><\/em> Sonnenliege auf<\/p>\n\t\t<\/div>\n\t\t\t\t<div id=\"wd-669536997a0a8\" class=\"wd-text-block wd-wpb reset-last-child wd-rs-669536997a0a8 text-right wd-width-enabled color-scheme-dark wd-fontsize-custom vc_custom_1721055010890\" style=\"--wd-max-width: 80%;\">\n\t\t\t<p>Mit ihrem eleganten, modernen Design eignet sie sich perfekt zum Entspannen \u2013 ob im heimischen Garten oder in einem stilvollen Hotel. Sie verwandelt jeden Ort in etwas Besonderes.<\/p>\n\t\t<\/div>\n\t\t<div id=\"wd-688247cc3a13e\" class=\" wd-rs-688247cc3a13e  wd-button-wrapper text-center inline-element\"><a href=\"https:\/\/portugal-fiberglass.com\/de\/produkt\/tagus-1147-outdoor-liegestuhl\/\" title=\"\" class=\"btn btn-color-primary btn-style-default btn-shape-round btn-size-default\">Mehr entdecken<\/a><\/div><div id=\"wd-688247bcc5949\" class=\" wd-rs-688247bcc5949  wd-button-wrapper text-center inline-element\"><a href=\"https:\/\/portugal-fiberglass.com\/de\/produkt\/magnetisches-kissen-tagus-1255\/\" title=\"\" class=\"btn btn-style-bordered btn-shape-round btn-size-default\">Magnetkissen<\/a><\/div>[\/vc_column][vc_column width=&#8220;1\/2&#8243; css=&#8220;.vc_custom_1634214803028{margin-bottom: 25px !important;padding-top: 0px !important;}&#8220; woodmart_css_id=&#8220;6168238b0cc04&#8243; woodmart_parallax=&#8220;0&#8243; parallax_scroll=&#8220;no&#8220; woodmart_sticky_column=&#8220;false&#8220; mobile_bg_img_hidden=&#8220;no&#8220; tablet_bg_img_hidden=&#8220;no&#8220; woodmart_box_shadow=&#8220;no&#8220; wd_z_index=&#8220;no&#8220; responsive_spacing=&#8220;eyJwYXJhbV90eXBlIjoid29vZG1hcnRfcmVzcG9uc2l2ZV9zcGFjaW5nIiwic2VsZWN0b3JfaWQiOiI2MTY4MjM4YjBjYzA0Iiwic2hvcnRjb2RlIjoidmNfY29sdW1uIiwiZGF0YSI6eyJ0YWJsZXQiOnt9LCJtb2JpbGUiOnt9fX0=&#8220; wd_collapsible_content_switcher=&#8220;no&#8220; mobile_reset_margin=&#8220;no&#8220; tablet_reset_margin=&#8220;no&#8220;][vc_row_inner content_placement=&#8220;middle&#8220;][vc_column_inner width=&#8220;1\/2&#8243; css=&#8220;.vc_custom_1502454533190{padding-top: 0px !important;}&#8220;][vc_single_image image=&#8220;16809&#8243; img_size=&#8220;full&#8220; alignment=&#8220;center&#8220; onclick=&#8220;custom_link&#8220; css=&#8220;&#8220; link=&#8220;https:\/\/portugal-fiberglass.com\/de\/produkt\/tagus-1147-outdoor-liegestuhl\/&#8220; parallax_scroll=&#8220;no&#8220; woodmart_inline=&#8220;no&#8220;][\/vc_column_inner][vc_column_inner width=&#8220;1\/2&#8243; css=&#8220;.vc_custom_1502454527869{padding-top: 0px !important;}&#8220;][vc_single_image image=&#8220;16817&#8243; img_size=&#8220;full&#8220; alignment=&#8220;center&#8220; onclick=&#8220;custom_link&#8220; css=&#8220;&#8220; link=&#8220;https:\/\/portugal-fiberglass.com\/de\/produkt\/tagus-1147-outdoor-liegestuhl\/&#8220; parallax_scroll=&#8220;no&#8220; woodmart_inline=&#8220;no&#8220;][\/vc_column_inner][\/vc_row_inner][\/vc_column][\/vc_row]<\/p>\n<\/div>","protected":false},"excerpt":{"rendered":"<p>[vc_row][vc_column css=&#8220;.vc_custom_1721991900883{padding-top: 20px !important;}&#8220; woodmart_css_id=&#8220;66a382c0d0219&#8243; parallax_scroll=&#8220;no&#8220; woodmart_sticky_column=&#8220;false&#8220; wd_collapsible_content_switcher=&#8220;no&#8220; wd_column_role_offcanvas_desktop=&#8220;no&#8220; wd_column_role_offcanvas_tablet=&#8220;no&#8220; wd_column_role_offcanvas_mobile=&#8220;no&#8220; wd_column_role_content_desktop=&#8220;no&#8220; wd_column_role_content_tablet=&#8220;no&#8220; wd_column_role_content_mobile=&#8220;no&#8220; mobile_bg_img_hidden=&#8220;no&#8220; tablet_bg_img_hidden=&#8220;no&#8220; woodmart_parallax=&#8220;0&#8243; woodmart_box_shadow=&#8220;no&#8220; responsive_spacing=&#8220;eyJwYXJhbV90eXBlIjoid29vZG1hcnRfcmVzcG9uc2l2ZV9zcGFjaW5nIiwic2VsZWN0b3JfaWQiOiI2NmEzODJjMGQwMjE5Iiwic2hvcnRjb2RlIjoidmNfY29sdW1uIiwiZGF0YSI6eyJ0YWJsZXQiOnt9LCJtb2JpbGUiOnt9fX0=&#8220; mobile_reset_margin=&#8220;no&#8220;<\/p>\n","protected":false},"author":1,"featured_media":14416,"parent":0,"menu_order":0,"comment_status":"closed","ping_status":"closed","template":"","meta":{"footnotes":""},"class_list":["post-14415","page","type-page","status-publish","has-post-thumbnail","hentry"],"_links":{"self":[{"href":"https:\/\/portugal-fiberglass.com\/de\/wp-json\/wp\/v2\/pages\/14415","targetHints":{"allow":["GET"]}}],"collection":[{"href":"https:\/\/portugal-fiberglass.com\/de\/wp-json\/wp\/v2\/pages"}],"about":[{"href":"https:\/\/portugal-fiberglass.com\/de\/wp-json\/wp\/v2\/types\/page"}],"author":[{"embeddable":true,"href":"https:\/\/portugal-fiberglass.com\/de\/wp-json\/wp\/v2\/users\/1"}],"replies":[{"embeddable":true,"href":"https:\/\/portugal-fiberglass.com\/de\/wp-json\/wp\/v2\/comments?post=14415"}],"version-history":[{"count":11,"href":"https:\/\/portugal-fiberglass.com\/de\/wp-json\/wp\/v2\/pages\/14415\/revisions"}],"predecessor-version":[{"id":18282,"href":"https:\/\/portugal-fiberglass.com\/de\/wp-json\/wp\/v2\/pages\/14415\/revisions\/18282"}],"wp:featuredmedia":[{"embeddable":true,"href":"https:\/\/portugal-fiberglass.com\/de\/wp-json\/wp\/v2\/media\/14416"}],"wp:attachment":[{"href":"https:\/\/portugal-fiberglass.com\/de\/wp-json\/wp\/v2\/media?parent=14415"}],"curies":[{"name":"wp","href":"https:\/\/api.w.org\/{rel}","templated":true}]}}