{"id":1969,"date":"2021-02-15T00:56:14","date_gmt":"2021-02-14T23:56:14","guid":{"rendered":"https:\/\/portugal-fiberglass.com\/es-ES\/profesional\/?page_id=1969"},"modified":"2021-02-19T11:54:54","modified_gmt":"2021-02-19T10:54:54","slug":"acceso-al-area-profesionales","status":"publish","type":"page","link":"https:\/\/portugal-fiberglass.com\/es-ES\/profesional\/acceso-al-area-profesionales\/","title":{"rendered":"Acceso al \u00c1rea Profesionales"},"content":{"rendered":"<section class=\"wpb-content-wrapper\"><p>[vc_row full_width=\u00bbstretch_row\u00bb css=\u00bb.vc_custom_1613346286975{background-color: #fbd1a2 !important;}\u00bb][vc_column width=\u00bb1\/12&#8243;][\/vc_column][vc_column width=\u00bb10\/12&#8243;]<div id=\"la_heading_69f63dc6ee601\" class=\"la-headings text-center\"><h1 class=\"js-el heading-tag la-unit-responsive hidden\" style=\"\" >Acceso al \u00c1rea Profesionales<\/h1><\/div>\n<div id=\"la_heading_69f63dc6ee709\" class=\"la-headings text-center\"><h2 class=\"js-el heading-tag la-unit-responsive hidden\" style=\"\" >Si es un usuario registrado, simplemente valide sus datos en el sistema y podra\u0301 acceder a todas las funcionalidades.<\/h2><\/div>\n<div id=\"la_divider69f63dc6ee769\" class=\"js-el la-divider la-unit-responsive\" data-la_component=\"UnitResponsive\"  data-el_target='#la_divider69f63dc6ee769'  data-el_media_sizes='{&quot;padding-top&quot;:&quot;xlg:50px;lg:30px;md:20px;&quot;}' ><\/div>\n<div id=\"la_heading_69f63dc6ee853\" class=\"la-headings text-center\"><h2 class=\"js-el heading-tag la-unit-responsive\" style=\"\" >Acceso al \u00c1rea Profesionales<\/h2><div class=\"js-el subheading-tag la-unit-responsive\" style=\"\" ><h4 class=\"title\">\u00bfEs una empresa? Si es un profesional, reg\u00edstrese en nuestro sitio y espere la aprobaci\u00f3n de la informaci\u00f3n proporcionada.<\/h4>\n<\/div><\/div>\n<div id=\"la_divider69f63dc6ee8ec\" class=\"js-el la-divider la-unit-responsive\" data-la_component=\"UnitResponsive\"  data-el_target='#la_divider69f63dc6ee8ec'  data-el_media_sizes='{&quot;padding-top&quot;:&quot;xlg:80px;lg:60px;md:20px;&quot;}' ><\/div>\n[\/vc_column][vc_column width=\u00bb1\/12&#8243;][\/vc_column][\/vc_row][vc_row full_width=\u00bbstretch_row\u00bb equal_height=\u00bbyes\u00bb css=\u00bb.vc_custom_1613407061078{background-color: #fbd1a2 !important;}\u00bb][vc_column width=\u00bb1\/12&#8243;][\/vc_column][vc_column width=\u00bb5\/12&#8243; la_animation_duration=\u00bb1&#8243; la_animation_delay=\u00bb0&#8243; la_animation_iteration_count=\u00bb1&#8243; css=\u00bb.vc_custom_1613406555117{padding-bottom: 40px !important;background-color: #fde398 !important;}\u00bb]<div id=\"la_heading_69f63dc6ee9c0\" class=\"la-headings text-center\"><h2 class=\"js-el heading-tag la-unit-responsive\" style=\"\"  data-la_component=\"UnitResponsive\"  data-el_target='#la_heading_69f63dc6ee9c0 .heading-tag'  data-el_media_sizes='{&quot;font-size&quot;:&quot;&quot;,&quot;line-height&quot;:&quot;xlg:98px;lg:72px;&quot;}' >Ya estoy registrado<\/h2><div class=\"js-el subheading-tag la-unit-responsive\" style=\"\" ><p>Si es un usuario registrado, simplemente valide sus datos en el sistema y podra\u0301 acceder a todas las funcionalidades.<\/p>\n<\/div><\/div>\n[vc_column_text]<form class=\"woocommerce-form woocommerce-form-login login\" method=\"post\" >\n\n\t\n\t\n\t<p class=\"form-row form-row-first\">\n\t\t<label for=\"username\">Correo electr\u00f3nico&nbsp;<span class=\"required\" aria-hidden=\"true\">*<\/span><span class=\"screen-reader-text\">Obligatorio<\/span><\/label>\n\t\t<input type=\"text\" class=\"input-text\" name=\"username\" id=\"username\" autocomplete=\"username\" required aria-required=\"true\" \/>\n\t<\/p>\n\t<p class=\"form-row form-row-last\">\n\t\t<label for=\"password\">Contrase\u00f1a&nbsp;<span class=\"required\" aria-hidden=\"true\">*<\/span><span class=\"screen-reader-text\">Obligatorio<\/span><\/label>\n\t\t<input class=\"input-text woocommerce-Input\" type=\"password\" name=\"password\" id=\"password\" autocomplete=\"current-password\" required aria-required=\"true\" \/>\n\t<\/p>\n\t<div class=\"clear\"><\/div>\n\n\t\n\t<p class=\"form-row\">\n\t\t<label class=\"woocommerce-form__label woocommerce-form__label-for-checkbox woocommerce-form-login__rememberme\">\n\t\t\t<input class=\"woocommerce-form__input woocommerce-form__input-checkbox\" name=\"rememberme\" type=\"checkbox\" id=\"rememberme\" value=\"forever\" \/> <span>Recu\u00e9rdame<\/span>\n\t\t<\/label>\n\t\t<input type=\"hidden\" id=\"woocommerce-login-nonce\" name=\"woocommerce-login-nonce\" value=\"bbfc0a0a8d\" \/><input type=\"hidden\" name=\"_wp_http_referer\" value=\"\/es-ES\/profesional\/wp-json\/wp\/v2\/pages\/1969\" \/>\t\t<input type=\"hidden\" name=\"redirect\" value=\"https:\/\/portugal-fiberglass.com\/es-ES\/profesional\/mi-cuenta\/\" \/>\n\t\t<button type=\"submit\" class=\"woocommerce-button button woocommerce-form-login__submit\" name=\"login\" value=\"Acceder\">Acceder<\/button>\n\t<\/p>\n\t<p class=\"lost_password\">\n\t\t<a href=\"https:\/\/portugal-fiberglass.com\/es-ES\/profesional\/mi-cuenta\/contrasena-olvidada\/\">\u00bfOlvidaste la contrase\u00f1a?<\/a>\n\t<\/p>\n\n\t<div class=\"clear\"><\/div>\n\n\t\n<\/form>\n[\/vc_column_text][\/vc_column][vc_column width=\u00bb5\/12&#8243; la_animation_duration=\u00bb1&#8243; la_animation_delay=\u00bb0&#8243; la_animation_iteration_count=\u00bb1&#8243; css=\u00bb.vc_custom_1613346320813{background-color: #ffffff !important;}\u00bb]<div id=\"la_heading_69f63dc6ef11e\" class=\"la-headings text-center\"><h2 class=\"js-el heading-tag la-unit-responsive\" style=\"\"  data-la_component=\"UnitResponsive\"  data-el_target='#la_heading_69f63dc6ef11e .heading-tag'  data-el_media_sizes='{&quot;font-size&quot;:&quot;&quot;,&quot;line-height&quot;:&quot;xlg:98px;lg:72px;&quot;}' >Quiero solicitar el registro.<\/h2><div class=\"js-el subheading-tag la-unit-responsive\" style=\"\" ><p>Haga clic en el bot\u00f3n \u201cRegistrarme\u201d, rellene el formulario de solicitud de alta y env\u00ede toda la documentaci\u00f3n que le ser\u00e1 solicitada.<\/p>\n<p>Si es un profesional, aqu\u00ed puede iniciar el proceso de registro y poder realizar pedidos con descuentos especiales y sin IVA.<\/p>\n<\/div><\/div>\n<div id=\"la_divider69f63dc6ef1a6\" class=\"js-el la-divider la-unit-responsive\" data-la_component=\"UnitResponsive\"  data-el_target='#la_divider69f63dc6ef1a6'  data-el_media_sizes='{&quot;padding-top&quot;:&quot;xlg:30px;lg:20px;md:20px;&quot;}' ><\/div>\n<div class=\"btn-wrapper btn-align-center\">\n    <a class=\"btn btn-color-black btn-align-center btn-size-md btn-style-flat btn-shape-square btn-brw-1\" href=\"https:\/\/portugal-fiberglass.com\/es-ES\/profesional\/registro-en-area-profesionales\/\" title=\"Registro en \u00c1rea Profesionales\"><span>Registrarme<\/span><\/a><\/div><div id=\"la_divider69f63dc6ef282\" class=\"js-el la-divider la-unit-responsive\" data-la_component=\"UnitResponsive\"  data-el_target='#la_divider69f63dc6ef282'  data-el_media_sizes='{&quot;padding-top&quot;:&quot;xlg:110px;lg:110px;md:50px;&quot;}' ><\/div>\n[\/vc_column][vc_column width=\u00bb1\/12&#8243;][\/vc_column][\/vc_row][vc_row full_width=\u00bbstretch_row\u00bb css=\u00bb.vc_custom_1613347093716{background-color: #fbd1a2 !important;}\u00bb][vc_column la_animation_duration=\u00bb1&#8243; la_animation_delay=\u00bb0&#8243; la_animation_iteration_count=\u00bb1&#8243; offset=\u00bbvc_hidden-sm vc_hidden-xs\u00bb]<div id=\"la_divider69f63dc6ef2fa\" class=\"js-el la-divider la-unit-responsive\" data-la_component=\"UnitResponsive\"  data-el_target='#la_divider69f63dc6ef2fa'  data-el_media_sizes='{&quot;padding-top&quot;:&quot;xlg:90px;lg:90px;&quot;}' ><\/div>\n[\/vc_column][\/vc_row]<\/p>\n<\/section>","protected":false},"excerpt":{"rendered":"<p>[vc_row full_width=\u00bbstretch_row\u00bb css=\u00bb.vc_custom_1613346286975{background-color: #fbd1a2 !important;}\u00bb][vc_column width=\u00bb1\/12&#8243;][\/vc_column][vc_column width=\u00bb10\/12&#8243;][\/vc_column][vc_column width=\u00bb1\/12&#8243;][\/vc_column][\/vc_row][vc_row full_width=\u00bbstretch_row\u00bb equal_height=\u00bbyes\u00bb css=\u00bb.vc_custom_1613407061078{background-color: #fbd1a2 !important;}\u00bb][vc_column width=\u00bb1\/12&#8243;][\/vc_column][vc_column width=\u00bb5\/12&#8243; la_animation_duration=\u00bb1&#8243; la_animation_delay=\u00bb0&#8243; la_animation_iteration_count=\u00bb1&#8243; css=\u00bb.vc_custom_1613406555117{padding-bottom: 40px&hellip;<\/p>\n","protected":false},"author":1,"featured_media":0,"parent":0,"menu_order":0,"comment_status":"closed","ping_status":"closed","template":"","meta":{"footnotes":""},"class_list":["post-1969","page","type-page","status-publish","hentry"],"_links":{"self":[{"href":"https:\/\/portugal-fiberglass.com\/es-ES\/profesional\/wp-json\/wp\/v2\/pages\/1969"}],"collection":[{"href":"https:\/\/portugal-fiberglass.com\/es-ES\/profesional\/wp-json\/wp\/v2\/pages"}],"about":[{"href":"https:\/\/portugal-fiberglass.com\/es-ES\/profesional\/wp-json\/wp\/v2\/types\/page"}],"author":[{"embeddable":true,"href":"https:\/\/portugal-fiberglass.com\/es-ES\/profesional\/wp-json\/wp\/v2\/users\/1"}],"replies":[{"embeddable":true,"href":"https:\/\/portugal-fiberglass.com\/es-ES\/profesional\/wp-json\/wp\/v2\/comments?post=1969"}],"version-history":[{"count":13,"href":"https:\/\/portugal-fiberglass.com\/es-ES\/profesional\/wp-json\/wp\/v2\/pages\/1969\/revisions"}],"predecessor-version":[{"id":2030,"href":"https:\/\/portugal-fiberglass.com\/es-ES\/profesional\/wp-json\/wp\/v2\/pages\/1969\/revisions\/2030"}],"wp:attachment":[{"href":"https:\/\/portugal-fiberglass.com\/es-ES\/profesional\/wp-json\/wp\/v2\/media?parent=1969"}],"curies":[{"name":"wp","href":"https:\/\/api.w.org\/{rel}","templated":true}]}}