{"id":1042,"date":"2020-01-22T16:20:30","date_gmt":"2020-01-22T15:20:30","guid":{"rendered":"https:\/\/portugal-fiberglass.com\/es-ES\/?page_id=1042"},"modified":"2022-03-06T18:09:28","modified_gmt":"2022-03-06T17:09:28","slug":"home-portugal-fiberglass","status":"publish","type":"page","link":"https:\/\/portugal-fiberglass.com\/es-ES\/","title":{"rendered":"Home Portugal fiberglass"},"content":{"rendered":"<section class=\"wpb-content-wrapper\"><p>[vc_row][vc_column width=\u00bb1\/12&#8243;][\/vc_column][vc_column width=\u00bb7\/12&#8243;][vc_custom_heading text=\u00bbPortugal Fiberglass &#8211; Productos em Fibra de Vidrio\u00bb font_container=\u00bbtag:h1|text_align:left\u00bb use_theme_fonts=\u00bbyes\u00bb el_class=\u00bbhidden\u00bb][vc_custom_heading text=\u00bbPortugal Fiberglass &#8211; Hecho para resistir<br \/>\nNos encanta crear productos en composite o pol\u00edmero reforzado con fibra de vidrio (PRFV) como toboganes, material para piscinas, tanques<br \/>\nlavadora y tambi\u00e9n tenemos malla de fibra de vidrio para peque\u00f1os arreglos.<br \/>\n\u00a1Los toboganes que producimos est\u00e1n hechos para iniciarse en la nataci\u00f3n! Pensado y dise\u00f1ado para piscinas, resistente al cloro y perfecto para ense\u00f1ar a los m\u00e1s peque\u00f1os a bucear. \u00a1Nuestro tobog\u00e1n m\u00e1s vendido es el Mini Red Slide o el Mini Tobogan Vermelho y lo puedes encontrar en pr\u00e1cticamente todas las piscinas municipales de Portugal!<br \/>\nNuestros tanques de lavado son los m\u00e1s vendidos en Portugal y los \u00fanicos que se venden exclusivamente en l\u00ednea por nosotros. Desde la producci\u00f3n hasta los hogares de nuestros clientes.<br \/>\n\u00a1En 2019 agregamos a nuestra cartera de hamacas, el Tagus 1147! Hecho completamente de fibra de vidrio, durar\u00e1n d\u00e9cadas y agregar\u00e1n sofisticaci\u00f3n y elegancia junto a piscinas o jardines.\u00bb use_theme_fonts=\u00bbyes\u00bb el_class=\u00bbhidden\u00bb]<div id=\"la_carousel_5473404769f62974d3f9d\" class=\"la-carousel-wrapper la_carousel_horizontal\" data-gutter=\"15\">\n    <div data-la_component=\"AutoCarousel\" class=\"js-el la-slick-slider\" data-slick_customPaging=\"&lt;span style=&quot;color:#ff765a;&quot;&gt;&lt;i class=&quot;fa fa-circle&quot;&gt;&lt;\/i&gt;&lt;\/span&gt;\" data-slider_config=\"{&quot;slidesToShow&quot;:1,&quot;slidesToScroll&quot;:1,&quot;dots&quot;:true,&quot;autoplay&quot;:true,&quot;autoplaySpeed&quot;:7000,&quot;speed&quot;:500,&quot;infinite&quot;:false,&quot;arrows&quot;:false,&quot;swipe&quot;:true,&quot;draggable&quot;:true,&quot;touchMove&quot;:true,&quot;pauseOnHover&quot;:false,&quot;responsive&quot;:[{&quot;breakpoint&quot;:1824,&quot;settings&quot;:{&quot;slidesToShow&quot;:1,&quot;slidesToScroll&quot;:1}},{&quot;breakpoint&quot;:1200,&quot;settings&quot;:{&quot;slidesToShow&quot;:1,&quot;slidesToScroll&quot;:1}},{&quot;breakpoint&quot;:992,&quot;settings&quot;:{&quot;slidesToShow&quot;:1,&quot;slidesToScroll&quot;:1}},{&quot;breakpoint&quot;:768,&quot;settings&quot;:{&quot;slidesToShow&quot;:1,&quot;slidesToScroll&quot;:1}},{&quot;breakpoint&quot;:576,&quot;settings&quot;:{&quot;slidesToShow&quot;:1,&quot;slidesToScroll&quot;:1}}],&quot;pauseOnDotsHover&quot;:true}\">\n        [vc_single_image image=\u00bb1043&#8243; img_size=\u00bbfull\u00bb alignment=\u00bbcenter\u00bb onclick=\u00bbcustom_link\u00bb link=\u00bbhttps:\/\/portugal-fiberglass.com\/es-ES\/producto\/tumbona-de-piscina-tagus-1147-fibra-de-vidrio-npg\/\u00bb][vc_single_image image=\u00bb1050&#8243; img_size=\u00bbfull\u00bb alignment=\u00bbcenter\u00bb onclick=\u00bbcustom_link\u00bb link=\u00bbhttps:\/\/portugal-fiberglass.com\/es-ES\/producto\/mini-tobogan-red-slide-para-ninos-piscina-en-fibra-de-vidrio-anti-uv-exterior-interior\/\u00bb][vc_single_image image=\u00bb1054&#8243; img_size=\u00bbfull\u00bb alignment=\u00bbcenter\u00bb onclick=\u00bbcustom_link\u00bb link=\u00bbhttps:\/\/portugal-fiberglass.com\/es-ES\/producto\/super-tobogan-para-ninos-piscina-premium-en-fibra-de-vidrio-anti-uv-exterior-interior\/\u00bb]    <\/div>\n<\/div><style data-la_component=\"InsertCustomCSS\">\n    #la_carousel_5473404769f62974d3f9d{\n        margin-left: -15px;\n        margin-right: -15px;\n    }\n    #la_carousel_5473404769f62974d3f9d .la-item-wrap.slick-slide{\n        padding-left: 15px;\n        padding-right: 15px;\n    }\n<\/style>\n[\/vc_column][vc_column width=\u00bb3\/12&#8243;]<div id=\"la_divider69f62974d4187\" class=\"js-el la-divider la-unit-responsive\" data-la_component=\"UnitResponsive\"  data-el_target='#la_divider69f62974d4187'  data-el_media_sizes='{&quot;padding-top&quot;:&quot;md:20px;sm:20px;xs:15px;mb:15px;&quot;}' ><\/div>\n<div id=\"la_carousel_168849984469f62974d4228\" class=\"la-carousel-wrapper la_carousel_horizontal\" data-gutter=\"15\">\n    <div data-la_component=\"AutoCarousel\" class=\"js-el la-slick-slider\" data-slick_customPaging=\"&lt;span style=&quot;color:#ff765a;&quot;&gt;&lt;i class=&quot;fa fa-circle&quot;&gt;&lt;\/i&gt;&lt;\/span&gt;\" data-slider_config=\"{&quot;slidesToShow&quot;:1,&quot;slidesToScroll&quot;:1,&quot;dots&quot;:true,&quot;autoplay&quot;:true,&quot;autoplaySpeed&quot;:7000,&quot;speed&quot;:500,&quot;infinite&quot;:false,&quot;arrows&quot;:false,&quot;swipe&quot;:true,&quot;draggable&quot;:true,&quot;touchMove&quot;:true,&quot;pauseOnHover&quot;:false,&quot;responsive&quot;:[{&quot;breakpoint&quot;:1824,&quot;settings&quot;:{&quot;slidesToShow&quot;:1,&quot;slidesToScroll&quot;:1}},{&quot;breakpoint&quot;:1200,&quot;settings&quot;:{&quot;slidesToShow&quot;:1,&quot;slidesToScroll&quot;:1}},{&quot;breakpoint&quot;:992,&quot;settings&quot;:{&quot;slidesToShow&quot;:1,&quot;slidesToScroll&quot;:1}},{&quot;breakpoint&quot;:768,&quot;settings&quot;:{&quot;slidesToShow&quot;:1,&quot;slidesToScroll&quot;:1}},{&quot;breakpoint&quot;:576,&quot;settings&quot;:{&quot;slidesToShow&quot;:1,&quot;slidesToScroll&quot;:1}}],&quot;pauseOnDotsHover&quot;:true}\">\n        [vc_single_image image=\u00bb1047&#8243; img_size=\u00bbfull\u00bb alignment=\u00bbcenter\u00bb onclick=\u00bbcustom_link\u00bb link=\u00bbhttps:\/\/portugal-fiberglass.com\/es-ES\/producto\/podium-salida-piscina-plataforma-en-fibra-de-vidrio-para-recambio\/\u00bb]    <\/div>\n<\/div><style data-la_component=\"InsertCustomCSS\">\n    #la_carousel_168849984469f62974d4228{\n        margin-left: -15px;\n        margin-right: -15px;\n    }\n    #la_carousel_168849984469f62974d4228 .la-item-wrap.slick-slide{\n        padding-left: 15px;\n        padding-right: 15px;\n    }\n<\/style>\n<div id=\"la_divider69f62974d42c2\" class=\"js-el la-divider la-unit-responsive\" data-la_component=\"UnitResponsive\"  data-el_target='#la_divider69f62974d42c2'  data-el_media_sizes='{&quot;padding-top&quot;:&quot;lg:17px;&quot;}' ><\/div>\n<div id=\"la_carousel_156617882369f62974d432b\" class=\"la-carousel-wrapper la_carousel_horizontal\" data-gutter=\"15\">\n    <div data-la_component=\"AutoCarousel\" class=\"js-el la-slick-slider\" data-slick_customPaging=\"&lt;span style=&quot;color:#ff765a;&quot;&gt;&lt;i class=&quot;fa fa-circle&quot;&gt;&lt;\/i&gt;&lt;\/span&gt;\" data-slider_config=\"{&quot;slidesToShow&quot;:1,&quot;slidesToScroll&quot;:1,&quot;dots&quot;:true,&quot;autoplay&quot;:true,&quot;autoplaySpeed&quot;:7000,&quot;speed&quot;:500,&quot;infinite&quot;:false,&quot;arrows&quot;:false,&quot;swipe&quot;:true,&quot;draggable&quot;:true,&quot;touchMove&quot;:true,&quot;pauseOnHover&quot;:false,&quot;responsive&quot;:[{&quot;breakpoint&quot;:1824,&quot;settings&quot;:{&quot;slidesToShow&quot;:1,&quot;slidesToScroll&quot;:1}},{&quot;breakpoint&quot;:1200,&quot;settings&quot;:{&quot;slidesToShow&quot;:1,&quot;slidesToScroll&quot;:1}},{&quot;breakpoint&quot;:992,&quot;settings&quot;:{&quot;slidesToShow&quot;:1,&quot;slidesToScroll&quot;:1}},{&quot;breakpoint&quot;:768,&quot;settings&quot;:{&quot;slidesToShow&quot;:1,&quot;slidesToScroll&quot;:1}},{&quot;breakpoint&quot;:576,&quot;settings&quot;:{&quot;slidesToShow&quot;:1,&quot;slidesToScroll&quot;:1}}],&quot;pauseOnDotsHover&quot;:true}\">\n        [vc_single_image image=\u00bb1046&#8243; img_size=\u00bbfull\u00bb alignment=\u00bbcenter\u00bb onclick=\u00bbcustom_link\u00bb link=\u00bbhttps:\/\/portugal-fiberglass.com\/es-ES\/campana-de-toboganes-exclusiva-para-la-administracion-publica-campana-natacion-para-todos\/\u00bb]    <\/div>\n<\/div><style data-la_component=\"InsertCustomCSS\">\n    #la_carousel_156617882369f62974d432b{\n        margin-left: -15px;\n        margin-right: -15px;\n    }\n    #la_carousel_156617882369f62974d432b .la-item-wrap.slick-slide{\n        padding-left: 15px;\n        padding-right: 15px;\n    }\n<\/style>\n<div id=\"la_divider69f62974d43ae\" class=\"js-el la-divider la-unit-responsive\" data-la_component=\"UnitResponsive\"  data-el_target='#la_divider69f62974d43ae'  data-el_media_sizes='{&quot;padding-top&quot;:&quot;lg:17px;&quot;}' ><\/div>\n<div id=\"la_carousel_104606847869f62974d4414\" class=\"la-carousel-wrapper la_carousel_horizontal\" data-gutter=\"15\">\n    <div data-la_component=\"AutoCarousel\" class=\"js-el la-slick-slider\" data-slick_customPaging=\"&lt;span style=&quot;color:#ff765a;&quot;&gt;&lt;i class=&quot;fa fa-circle&quot;&gt;&lt;\/i&gt;&lt;\/span&gt;\" data-slider_config=\"{&quot;slidesToShow&quot;:1,&quot;slidesToScroll&quot;:1,&quot;dots&quot;:true,&quot;autoplay&quot;:true,&quot;autoplaySpeed&quot;:7000,&quot;speed&quot;:500,&quot;infinite&quot;:false,&quot;arrows&quot;:false,&quot;swipe&quot;:true,&quot;draggable&quot;:true,&quot;touchMove&quot;:true,&quot;pauseOnHover&quot;:false,&quot;responsive&quot;:[{&quot;breakpoint&quot;:1824,&quot;settings&quot;:{&quot;slidesToShow&quot;:1,&quot;slidesToScroll&quot;:1}},{&quot;breakpoint&quot;:1200,&quot;settings&quot;:{&quot;slidesToShow&quot;:1,&quot;slidesToScroll&quot;:1}},{&quot;breakpoint&quot;:992,&quot;settings&quot;:{&quot;slidesToShow&quot;:1,&quot;slidesToScroll&quot;:1}},{&quot;breakpoint&quot;:768,&quot;settings&quot;:{&quot;slidesToShow&quot;:1,&quot;slidesToScroll&quot;:1}},{&quot;breakpoint&quot;:576,&quot;settings&quot;:{&quot;slidesToShow&quot;:1,&quot;slidesToScroll&quot;:1}}],&quot;pauseOnDotsHover&quot;:true}\">\n        [vc_single_image image=\u00bb2393&#8243; img_size=\u00bbfull\u00bb alignment=\u00bbcenter\u00bb onclick=\u00bbcustom_link\u00bb link=\u00bbhttps:\/\/portugal-fiberglass.com\/es-ES\/producto\/tumbona-de-jardin-tagus-1147-fibra-de-vidrio-espana-exterior\/\u00bb]    <\/div>\n<\/div><style data-la_component=\"InsertCustomCSS\">\n    #la_carousel_104606847869f62974d4414{\n        margin-left: -15px;\n        margin-right: -15px;\n    }\n    #la_carousel_104606847869f62974d4414 .la-item-wrap.slick-slide{\n        padding-left: 15px;\n        padding-right: 15px;\n    }\n<\/style>\n[\/vc_column][vc_column width=\u00bb1\/12&#8243;][\/vc_column][\/vc_row][vc_row][vc_column]<div id=\"la_divider69f62974d44ac\" class=\"js-el la-divider la-unit-responsive\" data-la_component=\"UnitResponsive\"  data-el_target='#la_divider69f62974d44ac'  data-el_media_sizes='{&quot;padding-top&quot;:&quot;lg:50px;&quot;}' ><\/div>\n[\/vc_column][\/vc_row][vc_row][vc_column width=\u00bb1\/3&#8243;]<div id=\"la_icon_boxes_69f62974d4695\" class=\"la-sc-icon-boxes wpb_content_element icon-type-normal icon-pos-top icon-style-simple ib-link-none centrado-mobile\">\n    <div class=\"icon-boxes-inner\"><div class=\"box-icon-top\"><div class=\"box-icon-inner type-icon\"><div class=\"wrap-icon\"><div class=\"box-icon box-icon-style-simple\"><span><i class=\"la-icon shopping_delivery-fast\"><\/i><\/span><\/div><\/div><\/div><\/div><div class=\"box-contents\"><div class=\"box-heading\"><div class=\"h5 js-el la-unit-responsive icon-heading padding-left-10 font-weight-400 letter-spacing-1 centrado-mobile\" style=\"\" >ENV\u00cdO GRATIS<\/div><\/div><div class=\"js-el la-unit-responsive box-description centrado-mobile\" style=\"\" ><p style=\"text-align: center;\">En todos nuestros productos<br \/>\nPara Espa\u00f1a peninsular<\/p>\n<\/div><\/div><\/div>\n<\/div>\n<style data-la_component=\"InsertCustomCSS\">#la_icon_boxes_69f62974d4695.la-sc-icon-boxes .wrap-icon .box-icon span{line-height:44px;font-size:44px;width:44px;height:44px;color:#111111}#la_icon_boxes_69f62974d4695.icon-type-normal:hover .wrap-icon .box-icon span{color:#111111}<\/style>\n        [\/vc_column][vc_column width=\u00bb1\/3&#8243;]<div id=\"la_icon_boxes_69f62974d4897\" class=\"la-sc-icon-boxes wpb_content_element icon-type-normal icon-pos-top icon-style-simple ib-link-none centrado-mobile\">\n    <div class=\"icon-boxes-inner\"><div class=\"box-icon-top\"><div class=\"box-icon-inner type-icon\"><div class=\"wrap-icon\"><div class=\"box-icon box-icon-style-simple\"><span><i class=\"la-icon objects_support-17\"><\/i><\/span><\/div><\/div><\/div><\/div><div class=\"box-contents\"><div class=\"box-heading\"><div class=\"h5 js-el la-unit-responsive icon-heading padding-left-10 font-weight-400 letter-spacing-1 centrado-mobile\" style=\"\" >CENTRO DE AYUDA<\/div><\/div><div class=\"js-el la-unit-responsive box-description centrado-mobile\" style=\"\" ><p style=\"text-align: center;\">Disponible por tel\u00e9fono, chat o correo electr\u00f3nico<br \/>\nToda la semana<\/p>\n<\/div><\/div><\/div>\n<\/div>\n<style data-la_component=\"InsertCustomCSS\">#la_icon_boxes_69f62974d4897.la-sc-icon-boxes .wrap-icon .box-icon span{line-height:44px;font-size:44px;width:44px;height:44px;color:#111111}#la_icon_boxes_69f62974d4897.icon-type-normal:hover .wrap-icon .box-icon span{color:#111111}<\/style>\n        [\/vc_column][vc_column width=\u00bb1\/3&#8243;]<div id=\"la_icon_boxes_69f62974d4a6d\" class=\"la-sc-icon-boxes wpb_content_element icon-type-normal icon-pos-top icon-style-simple ib-link-none centrado-mobile\">\n    <div class=\"icon-boxes-inner\"><div class=\"box-icon-top\"><div class=\"box-icon-inner type-icon\"><div class=\"wrap-icon\"><div class=\"box-icon box-icon-style-simple\"><span><i class=\"la-icon business_money-time\"><\/i><\/span><\/div><\/div><\/div><\/div><div class=\"box-contents\"><div class=\"box-heading\"><div class=\"h5 js-el la-unit-responsive icon-heading padding-left-10 font-weight-400 letter-spacing-1 centrado-mobile\" style=\"\" >100% SATISFECHO O REEMBOLSADO<\/div><\/div><div class=\"js-el la-unit-responsive box-description centrado-mobile\" style=\"\" ><p style=\"text-align: center;\">Tienes 15 d\u00edas para devolver el pedido<br \/>\nY ser reembolsado<\/p>\n<\/div><\/div><\/div>\n<\/div>\n<style data-la_component=\"InsertCustomCSS\">#la_icon_boxes_69f62974d4a6d.la-sc-icon-boxes .wrap-icon .box-icon span{line-height:44px;font-size:44px;width:44px;height:44px;color:#111111}#la_icon_boxes_69f62974d4a6d.icon-type-normal:hover .wrap-icon .box-icon span{color:#111111}<\/style>\n        [\/vc_column][\/vc_row]<\/p>\n<\/section>","protected":false},"excerpt":{"rendered":"<p>[vc_row][vc_column width=\u00bb1\/12&#8243;][\/vc_column][vc_column width=\u00bb7\/12&#8243;][vc_custom_heading text=\u00bbPortugal Fiberglass &#8211; Productos em Fibra de Vidrio\u00bb font_container=\u00bbtag:h1|text_align:left\u00bb use_theme_fonts=\u00bbyes\u00bb el_class=\u00bbhidden\u00bb][vc_custom_heading text=\u00bbPortugal Fiberglass &#8211; Hecho para resistir&hellip;<\/p>\n","protected":false},"author":1,"featured_media":1043,"parent":0,"menu_order":0,"comment_status":"closed","ping_status":"closed","template":"","meta":{"footnotes":""},"class_list":["post-1042","page","type-page","status-publish","has-post-thumbnail","hentry"],"_links":{"self":[{"href":"https:\/\/portugal-fiberglass.com\/es-ES\/wp-json\/wp\/v2\/pages\/1042"}],"collection":[{"href":"https:\/\/portugal-fiberglass.com\/es-ES\/wp-json\/wp\/v2\/pages"}],"about":[{"href":"https:\/\/portugal-fiberglass.com\/es-ES\/wp-json\/wp\/v2\/types\/page"}],"author":[{"embeddable":true,"href":"https:\/\/portugal-fiberglass.com\/es-ES\/wp-json\/wp\/v2\/users\/1"}],"replies":[{"embeddable":true,"href":"https:\/\/portugal-fiberglass.com\/es-ES\/wp-json\/wp\/v2\/comments?post=1042"}],"version-history":[{"count":11,"href":"https:\/\/portugal-fiberglass.com\/es-ES\/wp-json\/wp\/v2\/pages\/1042\/revisions"}],"predecessor-version":[{"id":2395,"href":"https:\/\/portugal-fiberglass.com\/es-ES\/wp-json\/wp\/v2\/pages\/1042\/revisions\/2395"}],"wp:featuredmedia":[{"embeddable":true,"href":"https:\/\/portugal-fiberglass.com\/es-ES\/wp-json\/wp\/v2\/media\/1043"}],"wp:attachment":[{"href":"https:\/\/portugal-fiberglass.com\/es-ES\/wp-json\/wp\/v2\/media?parent=1042"}],"curies":[{"name":"wp","href":"https:\/\/api.w.org\/{rel}","templated":true}]}}