{"id":1102,"date":"2020-01-24T12:03:18","date_gmt":"2020-01-24T11:03:18","guid":{"rendered":"https:\/\/portugal-fiberglass.com\/es-ES\/?page_id=1102"},"modified":"2020-04-04T13:05:37","modified_gmt":"2020-04-04T11:05:37","slug":"proyectos-disenos-personalizados-de-fibra-de-vidrio-construccion-arquitectura","status":"publish","type":"page","link":"https:\/\/portugal-fiberglass.com\/es-ES\/proyectos-disenos-personalizados-de-fibra-de-vidrio-construccion-arquitectura\/","title":{"rendered":"Proyectos Dise\u00f1os Personalizados de Fibra de Vidrio Construccion Arquitectura"},"content":{"rendered":"<section class=\"wpb-content-wrapper\"><p>[vc_row][vc_column la_animation_duration=\u00bb1&#8243; la_animation_delay=\u00bb0&#8243; la_animation_iteration_count=\u00bb1&#8243; offset=\u00bbvc_col-md-offset-1 vc_col-md-6&#8243;]<div id=\"la_heading_69f63d679b0b5\" class=\"la-headings text-left\"><h1 class=\"js-el heading-tag la-unit-responsive hidden\" style=\"\"  data-la_component=\"UnitResponsive\"  data-el_target='#la_heading_69f63d679b0b5 .heading-tag'  data-el_media_sizes='{&quot;font-size&quot;:&quot;lg:32px;md:24px;sm:20px;&quot;,&quot;line-height&quot;:&quot;&quot;}' >Somos proveedores de piezas de fibra de vidrio<\/h1><\/div>\n<div id=\"la_heading_69f63d679b1e2\" class=\"la-headings text-left\"><div class=\"js-el subheading-tag la-unit-responsive\" style=\"\"  data-la_component=\"UnitResponsive\"  data-el_target='#la_heading_69f63d679b1e2 .subheading-tag'  data-el_media_sizes='{&quot;font-size&quot;:&quot;lg:16px;&quot;,&quot;line-height&quot;:&quot;lg:24px;&quot;}' ><p>\u00a1CONT\u00c1CTENOS PARA SABER C\u00d3MO LE PODEMOS AYUDAR!<\/p>\n<\/div><\/div>\n<div id=\"la_heading_69f63d679b315\" class=\"la-headings text-left\"><h2 class=\"js-el heading-tag la-unit-responsive\" style=\"\"  data-la_component=\"UnitResponsive\"  data-el_target='#la_heading_69f63d679b315 .heading-tag'  data-el_media_sizes='{&quot;font-size&quot;:&quot;lg:32px;md:24px;sm:20px;&quot;,&quot;line-height&quot;:&quot;&quot;}' >\u00bfTienes un proyecto? Podemos ayudar!<\/h2><div class=\"js-el subheading-tag la-unit-responsive padding-top-15\" style=\"\"  data-la_component=\"UnitResponsive\"  data-el_target='#la_heading_69f63d679b315 .subheading-tag'  data-el_media_sizes='{&quot;font-size&quot;:&quot;lg:16px;&quot;,&quot;line-height&quot;:&quot;lg:24px;&quot;}' ><p>\u00bfTiene una idea o proyecto que desea desarrollar en fibra de vidrio?\u00a0<strong><span style=\"color: #ff9f8b;\">Portugal fiberglass\u2122 <\/span><\/strong> puede ayudarlo a convertir su idea en un molde y un producto magn\u00edfico.<\/p>\n<\/div><\/div>\n<div id=\"la_divider69f63d679b3bb\" class=\"js-el la-divider la-unit-responsive\" data-la_component=\"UnitResponsive\"  data-el_target='#la_divider69f63d679b3bb'  data-el_media_sizes='{&quot;padding-top&quot;:&quot;lg:15px;&quot;}' ><\/div>\n<div id=\"la_icon_boxes_69f63d679b5ad\" class=\"la-sc-icon-boxes wpb_content_element icon-type-img icon-pos-left icon-style-simple ib-link-none\">\n    <div class=\"icon-boxes-inner\"><div class=\"box-icon-left\"><div class=\"box-icon-inner type-img\"><div class=\"wrap-icon\"><div class=\"box-icon box-icon-style-simple\"><span><img loading=\"lazy\" decoding=\"async\" width=\"32\" height=\"32\" src=\"https:\/\/portugal-fiberglass.com\/es-ES\/wp-content\/uploads\/2018\/07\/about-icon1.png\" class=\"attachment-full size-full\" alt=\"\" \/><\/span><\/div><\/div><\/div><\/div><div class=\"box-contents\"><div class=\"box-heading\"><div class=\"h5 js-el la-unit-responsive icon-heading\" style=\"\"  data-la_component=\"UnitResponsive\"  data-el_target='#la_icon_boxes_69f63d679b5ad .icon-heading'  data-el_media_sizes='{&quot;font-size&quot;:&quot;lg:16px;&quot;,&quot;line-height&quot;:&quot;&quot;}' >Nos encanta crear productos de fibra de vidrio<\/div><\/div><\/div><\/div>\n<\/div>\n<style data-la_component=\"InsertCustomCSS\">#la_icon_boxes_69f63d679b5ad.la-sc-icon-boxes .wrap-icon .box-icon span{line-height:32px;font-size:32px;width:32px;height:32px}<\/style>\n        <div id=\"la_icon_boxes_69f63d679b9a6\" class=\"la-sc-icon-boxes wpb_content_element icon-type-img icon-pos-left icon-style-simple ib-link-none\">\n    <div class=\"icon-boxes-inner\"><div class=\"box-icon-left\"><div class=\"box-icon-inner type-img\"><div class=\"wrap-icon\"><div class=\"box-icon box-icon-style-simple\"><span><img loading=\"lazy\" decoding=\"async\" width=\"32\" height=\"32\" src=\"https:\/\/portugal-fiberglass.com\/es-ES\/wp-content\/uploads\/2018\/07\/about-icon2.png\" class=\"attachment-full size-full\" alt=\"\" \/><\/span><\/div><\/div><\/div><\/div><div class=\"box-contents\"><div class=\"box-heading\"><div class=\"h5 js-el la-unit-responsive icon-heading\" style=\"\"  data-la_component=\"UnitResponsive\"  data-el_target='#la_icon_boxes_69f63d679b9a6 .icon-heading'  data-el_media_sizes='{&quot;font-size&quot;:&quot;lg:16px;&quot;,&quot;line-height&quot;:&quot;&quot;}' >Trabajamos con el mejor pol\u00edmero compuesto de fibra de vidrio reforzado (PRFV)<\/div><\/div><\/div><\/div>\n<\/div>\n<style data-la_component=\"InsertCustomCSS\">#la_icon_boxes_69f63d679b9a6.la-sc-icon-boxes .wrap-icon .box-icon span{line-height:32px;font-size:32px;width:32px;height:32px}<\/style>\n        <div id=\"la_icon_boxes_69f63d679bd24\" class=\"la-sc-icon-boxes wpb_content_element icon-type-img icon-pos-left icon-style-simple ib-link-none\">\n    <div class=\"icon-boxes-inner\"><div class=\"box-icon-left\"><div class=\"box-icon-inner type-img\"><div class=\"wrap-icon\"><div class=\"box-icon box-icon-style-simple\"><span><img loading=\"lazy\" decoding=\"async\" width=\"32\" height=\"32\" src=\"https:\/\/portugal-fiberglass.com\/es-ES\/wp-content\/uploads\/2018\/07\/about-icon3.png\" class=\"attachment-full size-full\" alt=\"\" \/><\/span><\/div><\/div><\/div><\/div><div class=\"box-contents\"><div class=\"box-heading\"><div class=\"h5 js-el la-unit-responsive icon-heading\" style=\"\"  data-la_component=\"UnitResponsive\"  data-el_target='#la_icon_boxes_69f63d679bd24 .icon-heading'  data-el_media_sizes='{&quot;font-size&quot;:&quot;lg:16px;&quot;,&quot;line-height&quot;:&quot;&quot;}' >Siempre estamos listos para ayudar a nuestros clientes<\/div><\/div><\/div><\/div>\n<\/div>\n<style data-la_component=\"InsertCustomCSS\">#la_icon_boxes_69f63d679bd24.la-sc-icon-boxes .wrap-icon .box-icon span{line-height:32px;font-size:32px;width:32px;height:32px}<\/style>\n        [\/vc_column][vc_column la_animation_duration=\u00bb1&#8243; la_animation_delay=\u00bb0&#8243; la_animation_iteration_count=\u00bb1&#8243; offset=\u00bbvc_col-md-5&#8243;]\n<div class=\"wpcf7 no-js\" id=\"wpcf7-f1103-o1\" lang=\"es-ES\" dir=\"ltr\">\n<div class=\"screen-reader-response\"><p role=\"status\" aria-live=\"polite\" aria-atomic=\"true\"><\/p> <ul><\/ul><\/div>\n<form action=\"\/es-ES\/wp-json\/wp\/v2\/pages\/1102#wpcf7-f1103-o1\" method=\"post\" class=\"wpcf7-form init\" aria-label=\"Formulario de contacto\" novalidate=\"novalidate\" data-status=\"init\">\n<div style=\"display: none;\">\n<input type=\"hidden\" name=\"_wpcf7\" value=\"1103\" \/>\n<input type=\"hidden\" name=\"_wpcf7_version\" value=\"5.9.8\" \/>\n<input type=\"hidden\" name=\"_wpcf7_locale\" value=\"es_ES\" \/>\n<input type=\"hidden\" name=\"_wpcf7_unit_tag\" value=\"wpcf7-f1103-o1\" \/>\n<input type=\"hidden\" name=\"_wpcf7_container_post\" value=\"0\" \/>\n<input type=\"hidden\" name=\"_wpcf7_posted_data_hash\" value=\"\" \/>\n<input type=\"hidden\" name=\"_wpcf7_recaptcha_response\" value=\"\" \/>\n<\/div>\n<div class=\"cf7-style-default\">\n\t<div class=\"row\">\n\t\t<div class=\"col-xs-6\">\n\t\t\t<p><span class=\"wpcf7-form-control-wrap\" data-name=\"your-name\"><input size=\"40\" maxlength=\"400\" class=\"wpcf7-form-control wpcf7-text wpcf7-validates-as-required\" aria-required=\"true\" aria-invalid=\"false\" placeholder=\"Nombre*\" value=\"\" type=\"text\" name=\"your-name\" \/><\/span>\n\t\t\t<\/p>\n\t\t<\/div>\n\t\t<div class=\"col-xs-6\">\n\t\t\t<p><span class=\"wpcf7-form-control-wrap\" data-name=\"your-phone\"><input size=\"40\" maxlength=\"400\" class=\"wpcf7-form-control wpcf7-text wpcf7-validates-as-required\" aria-required=\"true\" aria-invalid=\"false\" placeholder=\"Tel\u00e9fono*\" value=\"\" type=\"text\" name=\"your-phone\" \/><\/span>\n\t\t\t<\/p>\n\t\t<\/div>\n\t<\/div>\n\t<div class=\"row\">\n\t\t<div class=\"col-xs-12\">\n\t\t\t<p><span class=\"wpcf7-form-control-wrap\" data-name=\"your-email\"><input size=\"40\" maxlength=\"400\" class=\"wpcf7-form-control wpcf7-email wpcf7-validates-as-required wpcf7-text wpcf7-validates-as-email\" aria-required=\"true\" aria-invalid=\"false\" placeholder=\"Email*\" value=\"\" type=\"email\" name=\"your-email\" \/><\/span>\n\t\t\t<\/p>\n\t\t<\/div>\n\t<\/div>\n\t<div class=\"row\">\n\t\t<div class=\"col-xs-12\">\n\t\t\t<p><span class=\"wpcf7-form-control-wrap\" data-name=\"your-message\"><textarea cols=\"40\" rows=\"5\" maxlength=\"2000\" class=\"wpcf7-form-control wpcf7-textarea wpcf7-validates-as-required\" aria-required=\"true\" aria-invalid=\"false\" placeholder=\"Mensaje\" name=\"your-message\"><\/textarea><\/span>\n\t\t\t<\/p>\n\t\t<\/div>\n\t<\/div>\n\n\t<div class=\"row\">\n\t\t<div class=\"col-xs-12\">\n\t\t\t<p><input class=\"wpcf7-form-control wpcf7-submit has-spinner\" id=\"thesubmit\" type=\"submit\" value=\"Enviar\" \/>\n\t\t\t<\/p>\n\t\t<\/div>\n\t<\/div>\n<\/div><div class=\"wpcf7-response-output\" aria-hidden=\"true\"><\/div>\n<\/form>\n<\/div>\n[\/vc_column][\/vc_row][vc_row][vc_column]<div id=\"la_divider69f63d679c745\" class=\"js-el la-divider la-unit-responsive\" data-la_component=\"UnitResponsive\"  data-el_target='#la_divider69f63d679c745'  data-el_media_sizes='{&quot;padding-top&quot;:&quot;lg:80px;sm:40px;xs:20px;&quot;}' ><\/div>\n[\/vc_column][\/vc_row][vc_row][vc_column la_animation_duration=\u00bb1&#8243; la_animation_delay=\u00bb0&#8243; la_animation_iteration_count=\u00bb1&#8243; offset=\u00bbvc_col-md-5&#8243;]<div id=\"la_divider69f63d679c7a8\" class=\"js-el la-divider la-unit-responsive\" data-la_component=\"UnitResponsive\"  data-el_target='#la_divider69f63d679c7a8'  data-el_media_sizes='{&quot;padding-top&quot;:&quot;lg:18px;&quot;}' ><\/div>\n<div id=\"la_heading_69f63d679c894\" class=\"la-headings text-left\"><h2 class=\"js-el heading-tag la-unit-responsive\" style=\"\"  data-la_component=\"UnitResponsive\"  data-el_target='#la_heading_69f63d679c894 .heading-tag'  data-el_media_sizes='{&quot;font-size&quot;:&quot;lg:32px;md:24px;sm:20px;&quot;,&quot;line-height&quot;:&quot;&quot;}' >\u00bfPor qu\u00e9 Portugal fiberglass?<\/h2><div class=\"js-el subheading-tag la-unit-responsive padding-top-15\" style=\"\"  data-la_component=\"UnitResponsive\"  data-el_target='#la_heading_69f63d679c894 .subheading-tag'  data-el_media_sizes='{&quot;font-size&quot;:&quot;lg:13px;&quot;,&quot;line-height&quot;:&quot;lg:24px;&quot;}' ><p>Seleccionamos los mejores materiales compuestos de pol\u00edmero reforzado con fibra de vidrio (PRFV) para crear <strong>productos resistentes, duraderos y seguros<\/strong>.<\/p>\n<\/div><\/div>\n<div id=\"la_divider69f63d679c928\" class=\"js-el la-divider la-unit-responsive\" data-la_component=\"UnitResponsive\"  data-el_target='#la_divider69f63d679c928'  data-el_media_sizes='{&quot;padding-top&quot;:&quot;lg:10px;&quot;}' ><\/div>\n[vc_tta_accordion style=\u00bbla-4&#8243; c_icon=\u00bb\u00bb active_section=\u00bb2&#8243;][vc_tta_section title=\u00bbPor el medio ambiente\u00bb tab_id=\u00bbpor-el-medio-ambientec154-9e94&#8243;][vc_column_text]Al contrario de los demas pl\u00e1sticos reforzados tradicionales, todos nuestros productos est\u00e1n dise\u00f1ados para durar y son f\u00e1ciles de mantener y configurar.[\/vc_column_text][\/vc_tta_section][vc_tta_section title=\u00bbConstruido para durar\u00bb tab_id=\u00bbconstruido-para-durarc154-9e94&#8243;][vc_column_text]Una de las ventajas de la fibra de vidrio es su resistencia. Y con la tecnolog\u00eda NPG \u2122 est\u00e1n preparados para resistir los efectos adversos.[\/vc_column_text][\/vc_tta_section][vc_tta_section title=\u00bbLa seguridad es la prioridad\u00bb tab_id=\u00bbLa-seguridad-es-la-prioridadc154-9e94&#8243;][vc_column_text]Todos los materiales utilizados est\u00e1n certificados en la Uni\u00f3n Europea y todos nuestros productos siguen los est\u00e1ndares europeos. Por ejemplo, nuestras toboganes cumplen con la norma EN 1176.[\/vc_column_text][\/vc_tta_section][\/vc_tta_accordion][\/vc_column][vc_column la_animation_duration=\u00bb1&#8243; la_animation_delay=\u00bb0&#8243; la_animation_iteration_count=\u00bb1&#8243; offset=\u00bbvc_col-md-offset-1 vc_col-md-6&#8243;][vc_single_image image=\u00bb1107&#8243; img_size=\u00bbfull\u00bb alignment=\u00bbcenter\u00bb][\/vc_column][\/vc_row][vc_row][vc_column]<div id=\"la_divider69f63d679c978\" class=\"js-el la-divider la-unit-responsive\" data-la_component=\"UnitResponsive\"  data-el_target='#la_divider69f63d679c978'  data-el_media_sizes='{&quot;padding-top&quot;:&quot;lg:70px;xs:20px;&quot;}' ><\/div>\n[\/vc_column][\/vc_row][vc_row full_width=\u00bbstretch_row\u00bb css=\u00bb.vc_custom_1532976961382{padding-top: 45px !important;padding-bottom: 60px !important;background: #f9f9f9 url(https:\/\/veera.la-studioweb.com\/wp-content\/uploads\/2018\/07\/about2-bg2.jpg?id=1029) !important;background-position: center !important;background-repeat: no-repeat !important;background-size: cover !important;}\u00bb][vc_column la_animation_duration=\u00bb1&#8243; la_animation_delay=\u00bb0&#8243; la_animation_iteration_count=\u00bb1&#8243; css=\u00bb.vc_custom_1532948561762{padding-right: 10% !important;}\u00bb offset=\u00bbvc_col-md-6&#8243;]<div id=\"la_heading_69f63d679ca3d\" class=\"la-headings text-left\"><h2 class=\"js-el heading-tag la-unit-responsive\" style=\"\"  data-la_component=\"UnitResponsive\"  data-el_target='#la_heading_69f63d679ca3d .heading-tag'  data-el_media_sizes='{&quot;font-size&quot;:&quot;lg:32px;md:24px;sm:20px;&quot;,&quot;line-height&quot;:&quot;&quot;}' >Trabajamos en estrecha colaboraci\u00f3n con emprendedores<\/h2><div class=\"js-el subheading-tag la-unit-responsive padding-top-15\" style=\"\"  data-la_component=\"UnitResponsive\"  data-el_target='#la_heading_69f63d679ca3d .subheading-tag'  data-el_media_sizes='{&quot;font-size&quot;:&quot;lg:13px;&quot;,&quot;line-height&quot;:&quot;lg:24px;&quot;}' ><p>Apoyamos a los fabricantes tanto en la producci\u00f3n como en el uso de compuestos de fibra de vidrio para otros fines:<\/p>\n<ul class=\"list-icon-dots element-max-width-430\">\n<li>Arquitectura y construcci\u00f3n civil<\/li>\n<li>Dise\u00f1adores y creativos<\/li>\n<li>Muebles a medida y expositores<\/li>\n<\/ul>\n<p>Hable con <strong><span style=\"color: #ec7a5c;\"><a href=\"https:\/\/portugal-fiberglass.com\/es-ES\/contactos-portugal-fiberglass-telefono-email-y-formulario\/\">nuestro equipo de soporte<\/a><\/span><\/strong> para obtener m\u00e1s informaci\u00f3n.<\/p>\n<\/div><\/div>\n[\/vc_column][vc_column la_animation_duration=\u00bb1&#8243; la_animation_delay=\u00bb0&#8243; la_animation_iteration_count=\u00bb1&#8243; offset=\u00bbvc_col-md-offset-1 vc_col-md-5&#8243;]<div id=\"la_divider69f63d679cae3\" class=\"js-el la-divider la-unit-responsive\" data-la_component=\"UnitResponsive\"  data-el_target='#la_divider69f63d679cae3'  data-el_media_sizes='{&quot;padding-top&quot;:&quot;lg:60px;xs:0px;&quot;}' ><\/div>\n[vc_single_image image=\u00bb1117&#8243; img_size=\u00bbfull\u00bb alignment=\u00bbcenter\u00bb][\/vc_column][\/vc_row][vc_row full_width=\u00bbstretch_row\u00bb][vc_column width=\u00bb2\/3&#8243; la_animation_duration=\u00bb1&#8243; la_animation_delay=\u00bb0&#8243; la_animation_iteration_count=\u00bb1&#8243; offset=\u00bbvc_col-md-offset-3 vc_col-md-6 vc_col-sm-offset-2&#8243;]<div id=\"la_divider69f63d679cb30\" class=\"js-el la-divider la-unit-responsive\" data-la_component=\"UnitResponsive\"  data-el_target='#la_divider69f63d679cb30'  data-el_media_sizes='{&quot;padding-top&quot;:&quot;lg:15px;&quot;}' ><\/div>\n<div id=\"la_testimonial_69f63d679cc0a\" class=\"wpb_content_element la-testimonials margin-bottom-0\"><div class=\"la-loop testimonial-loop la_testimonials loop-style-10 la_testimonials--style-10 grid-items grid-space-default js-el la-slick-slider\" data-la_component=\"AutoCarousel\" data-slider_config=\"{&quot;slidesToShow&quot;:1,&quot;slidesToScroll&quot;:1,&quot;dots&quot;:false,&quot;autoplaySpeed&quot;:5000,&quot;speed&quot;:300,&quot;infinite&quot;:false,&quot;arrows&quot;:false,&quot;swipe&quot;:true,&quot;draggable&quot;:true,&quot;touchMove&quot;:true,&quot;pauseOnHover&quot;:false,&quot;responsive&quot;:[{&quot;breakpoint&quot;:1824,&quot;settings&quot;:{&quot;slidesToShow&quot;:1,&quot;slidesToScroll&quot;:1}},{&quot;breakpoint&quot;:1200,&quot;settings&quot;:{&quot;slidesToShow&quot;:1,&quot;slidesToScroll&quot;:1}},{&quot;breakpoint&quot;:992,&quot;settings&quot;:{&quot;slidesToShow&quot;:1,&quot;slidesToScroll&quot;:1}},{&quot;breakpoint&quot;:768,&quot;settings&quot;:{&quot;slidesToShow&quot;:1,&quot;slidesToScroll&quot;:1}},{&quot;breakpoint&quot;:576,&quot;settings&quot;:{&quot;slidesToShow&quot;:1,&quot;slidesToScroll&quot;:1}}],&quot;pauseOnDotsHover&quot;:true}\"><div class=\"loop__item grid-item testimonial_item post-455 la_testimonial type-la_testimonial status-publish hentry\">\n    <div class=\"loop__item__inner\">\n        <div class=\"loop__item__inner2\">\n            <div class=\"loop__item__info\">\n                <div class=\"loop__item__info2\">\n                    <div class=\"loop__item__desc\">&quot;Sin ning\u00fan problema en la compra y entrega, lo recomiendo! Lleg\u00f3 seg\u00fan lo acordado 3 d\u00edas ya estaba usando<\/div>\n                    <div class=\"loop__item__meta\">\n                        <p class=\"item--rating\"><span class=\"star-rating\"><span style=\"width: 100%\"><\/span><\/span><\/p>                    <\/div>\n                    <div class=\"loop__item__title\">\n                        <h3 class=\"entry-title\">AF Luis<\/h3>                    <\/div>\n                <\/div>\n            <\/div>\n        <\/div>\n    <\/div>\n<\/div><div class=\"loop__item grid-item testimonial_item post-457 la_testimonial type-la_testimonial status-publish hentry\">\n    <div class=\"loop__item__inner\">\n        <div class=\"loop__item__inner2\">\n            <div class=\"loop__item__info\">\n                <div class=\"loop__item__info2\">\n                    <div class=\"loop__item__desc\">&quot;Todo sali\u00f3 bien con nuestro pedido y la entrega fue muy r\u00e1pida. Se correspond\u00eda totalmente con lo que se pretend\u00eda.&quot;<\/div>\n                    <div class=\"loop__item__meta\">\n                        <p class=\"item--rating\"><span class=\"star-rating\"><span style=\"width: 100%\"><\/span><\/span><\/p>                    <\/div>\n                    <div class=\"loop__item__title\">\n                        <h3 class=\"entry-title\">Jos\u00e9 Reis<\/h3>                    <\/div>\n                <\/div>\n            <\/div>\n        <\/div>\n    <\/div>\n<\/div><div class=\"loop__item grid-item testimonial_item post-1099 la_testimonial type-la_testimonial status-publish hentry\">\n    <div class=\"loop__item__inner\">\n        <div class=\"loop__item__inner2\">\n            <div class=\"loop__item__info\">\n                <div class=\"loop__item__info2\">\n                    <div class=\"loop__item__desc\">&quot;Tiene un buen acabado, compacto pero no peque\u00f1o. Buen producto&quot;<\/div>\n                    <div class=\"loop__item__meta\">\n                        <p class=\"item--rating\"><span class=\"star-rating\"><span style=\"width: 100%\"><\/span><\/span><\/p>                    <\/div>\n                    <div class=\"loop__item__title\">\n                        <h3 class=\"entry-title\">Viviane Lima<\/h3>                    <\/div>\n                <\/div>\n            <\/div>\n        <\/div>\n    <\/div>\n<\/div><\/div>\n<!-- .testimonial-loop --><\/div><div id=\"la_divider69f63d679d462\" class=\"js-el la-divider la-unit-responsive\" data-la_component=\"UnitResponsive\"  data-el_target='#la_divider69f63d679d462'  data-el_media_sizes='{&quot;padding-top&quot;:&quot;lg:30px;&quot;}' ><\/div>\n[\/vc_column][\/vc_row]<\/p>\n<\/section>","protected":false},"excerpt":{"rendered":"<p>[vc_row][vc_column la_animation_duration=\u00bb1&#8243; la_animation_delay=\u00bb0&#8243; la_animation_iteration_count=\u00bb1&#8243; offset=\u00bbvc_col-md-offset-1 vc_col-md-6&#8243;][\/vc_column][vc_column la_animation_duration=\u00bb1&#8243; la_animation_delay=\u00bb0&#8243; la_animation_iteration_count=\u00bb1&#8243; offset=\u00bbvc_col-md-5&#8243;][\/vc_column][\/vc_row][vc_row][vc_column][\/vc_column][\/vc_row][vc_row][vc_column la_animation_duration=\u00bb1&#8243; la_animation_delay=\u00bb0&#8243; la_animation_iteration_count=\u00bb1&#8243; offset=\u00bbvc_col-md-5&#8243;][vc_tta_accordion style=\u00bbla-4&#8243; c_icon=\u00bb\u00bb active_section=\u00bb2&#8243;][vc_tta_section title=\u00bbPor el medio&hellip;<\/p>\n","protected":false},"author":1,"featured_media":0,"parent":0,"menu_order":0,"comment_status":"closed","ping_status":"closed","template":"","meta":{"footnotes":""},"class_list":["post-1102","page","type-page","status-publish","hentry"],"_links":{"self":[{"href":"https:\/\/portugal-fiberglass.com\/es-ES\/wp-json\/wp\/v2\/pages\/1102"}],"collection":[{"href":"https:\/\/portugal-fiberglass.com\/es-ES\/wp-json\/wp\/v2\/pages"}],"about":[{"href":"https:\/\/portugal-fiberglass.com\/es-ES\/wp-json\/wp\/v2\/types\/page"}],"author":[{"embeddable":true,"href":"https:\/\/portugal-fiberglass.com\/es-ES\/wp-json\/wp\/v2\/users\/1"}],"replies":[{"embeddable":true,"href":"https:\/\/portugal-fiberglass.com\/es-ES\/wp-json\/wp\/v2\/comments?post=1102"}],"version-history":[{"count":8,"href":"https:\/\/portugal-fiberglass.com\/es-ES\/wp-json\/wp\/v2\/pages\/1102\/revisions"}],"predecessor-version":[{"id":1485,"href":"https:\/\/portugal-fiberglass.com\/es-ES\/wp-json\/wp\/v2\/pages\/1102\/revisions\/1485"}],"wp:attachment":[{"href":"https:\/\/portugal-fiberglass.com\/es-ES\/wp-json\/wp\/v2\/media?parent=1102"}],"curies":[{"name":"wp","href":"https:\/\/api.w.org\/{rel}","templated":true}]}}