{"id":1378,"date":"2020-02-07T11:16:37","date_gmt":"2020-02-07T10:16:37","guid":{"rendered":"https:\/\/portugal-fiberglass.com\/es-ES\/?page_id=1378"},"modified":"2020-02-07T11:19:59","modified_gmt":"2020-02-07T10:19:59","slug":"campana-de-toboganes-exclusiva-para-la-administracion-publica-campana-natacion-para-todos","status":"publish","type":"page","link":"https:\/\/portugal-fiberglass.com\/es-ES\/campana-de-toboganes-exclusiva-para-la-administracion-publica-campana-natacion-para-todos\/","title":{"rendered":"Campa\u00f1a de Toboganes Exclusiva para la Administraci\u00f3n P\u00fablica &#8211; Campa\u00f1a Natacion para Todos"},"content":{"rendered":"<section class=\"wpb-content-wrapper\"><p>[vc_row][vc_column][vc_custom_heading text=\u00bbTumbonas para Piscina Jard\u00edn Playa Hotel de fibra de vidrio en espana\u00bb font_container=\u00bbtag:h1|text_align:left\u00bb use_theme_fonts=\u00bbyes\u00bb el_class=\u00bbhidden\u00bb][vc_custom_heading text=\u00bbTumbonas para Piscina Jard\u00edn Playa Terraza Balc\u00f3n Porche Hotel Exterior hecho en fibra de vidrio, super ligero y resistente. \u00a1Env\u00edo gratis &#8211; Espa\u00f1a peninsular!\u00bb use_theme_fonts=\u00bbyes\u00bb el_class=\u00bbhidden\u00bb]<div id=\"la_divider69f63dac62647\" class=\"js-el la-divider la-unit-responsive\" data-la_component=\"UnitResponsive\"  data-el_target='#la_divider69f63dac62647'  data-el_media_sizes='{&quot;padding-top&quot;:&quot;md:20px;sm:20px;xs:15px;mb:15px;&quot;}' ><\/div>\n[\/vc_column][\/vc_row][vc_row][vc_column width=\u00bb1\/6&#8243;][\/vc_column][vc_column width=\u00bb2\/3&#8243;]<div id=\"la_heading_69f63dac62782\" class=\"la-headings text-center\"><h1 class=\"js-el heading-tag la-unit-responsive\" style=\"\" >Campa\u00f1a de Toboganes <\/h1><div class=\"js-el subheading-tag la-unit-responsive\" style=\"\" ><p>Exclusiva para la Administraci\u00f3n P\u00fablica<\/p>\n<\/div><\/div>\n<div id=\"la_divider69f63dac627e7\" class=\"js-el la-divider la-unit-responsive\" data-la_component=\"UnitResponsive\"  data-el_target='#la_divider69f63dac627e7'  data-el_media_sizes='{&quot;padding-top&quot;:&quot;lg:25px;&quot;}' ><\/div>\n<div id=\"product_category_69f63dac62c48\" class=\"woocommerce products_scenario_product_category\"><div class=\"row\"><div class=\"col-xs-12\"><ul class=\"products grid-space-default grid-items xxl-block-grid-2 xl-block-grid-2 lg-block-grid-2 md-block-grid-1 sm-block-grid-1 block-grid-1 products-grid products-grid-1\"><li class=\"product_item grid-item product thumb-has-effect prod-rating-on prod-has-rating type-product post-1375 status-publish first instock product_cat-toboganes-campana-natacion-para-todos has-post-thumbnail sale taxable shipping-taxable purchasable product-type-simple\" data-width=\"1\" data-height=\"1\">\n\t\t<div class=\"product_item--inner\">\n\t\t<div class=\"product_item--thumbnail\">\n\t\t\t<div class=\"product_item--thumbnail-holder\">\n\t\t\t\t<a href=\"https:\/\/portugal-fiberglass.com\/es-ES\/producto\/mini-tobogan-red-slide-para-ninos-piscina-y-natacion-en-fibra-de-vidrio-anti-uv-exterior-interior\/\" class=\"woocommerce-LoopProduct-link woocommerce-loop-product__link\"><span class=\"la-custom-badge odd\" style=\"background-color:#0c0c0c\"><span>Campa\u00f1a Exclusiva Administraci\u00f3n P\u00fablica<\/span><\/span><span class=\"la-custom-badge onsale\"><span class=\"save-percentage\"><span class=\"hidden\">Save<\/span><span>4%<\/span><\/span><span class=\"save-total\"><span class=\"hidden\">Save<\/span> <span class=\"woocommerce-Price-amount amount\"><bdi>100,00&nbsp;<span class=\"woocommerce-Price-currencySymbol\">&euro;<\/span><\/bdi><\/span><\/span><\/span><img loading=\"lazy\" decoding=\"async\" width=\"600\" height=\"400\" src=\"https:\/\/portugal-fiberglass.com\/es-ES\/wp-content\/uploads\/2020\/02\/8-Mini-Tobogan-Red-Slide-para-ninos-Piscina-en-Fibra-de-Vidrio-anti-UV-exterior-interior-600x400-espana.jpg\" class=\"attachment-woocommerce_thumbnail size-woocommerce_thumbnail\" alt=\"600 8-Mini-Tobogan-Red-Slide-para-ninos-Piscina-en-Fibra-de-Vidrio-anti-UV-exterior-interior-600x400-espana\" \/><div class=\"la-lazyload-image wp-alt-image\" data-background-image=\"\/\/portugal-fiberglass.com\/es-ES\/wp-content\/uploads\/2020\/02\/11-Mini-Tobogan-Red-Slide-para-ninos-Piscina-en-Fibra-de-Vidrio-anti-UV-exterior-interior-800x533-1-600x533.jpg\"><\/div><div class=\"item--overlay\"><\/div><\/a>\t\t\t<\/div>\n\t\t\t<div class=\"product_item_thumbnail_action product_item--action\">\n\t\t\t\t<div class=\"wrap-addto\"><\/div>\t\t\t<\/div>\n\t\t<\/div>\n\t\t<div class=\"product_item--info\">\n\t\t\t<div class=\"product_item--info-inner\">\n\t\t\t\t<h3 class=\"product_item--title\"><a href=\"https:\/\/portugal-fiberglass.com\/es-ES\/producto\/mini-tobogan-red-slide-para-ninos-piscina-y-natacion-en-fibra-de-vidrio-anti-uv-exterior-interior\/\">Mini Tobog\u00e1n Red Slide para Piscina en Fibra de Vidrio &#8211; Natacion para Todos<\/a><\/h3><span class=\"la-custom-badge onsale\"><span class=\"save-percentage\"><span class=\"hidden\">Save<\/span><span>4%<\/span><\/span><span class=\"save-total\"><span class=\"hidden\">Save<\/span> <span class=\"woocommerce-Price-amount amount\"><bdi>100,00&nbsp;<span class=\"woocommerce-Price-currencySymbol\">&euro;<\/span><\/bdi><\/span><\/span><\/span>\n\t<span class=\"price\"><del aria-hidden=\"true\"><span class=\"woocommerce-Price-amount amount\"><bdi>2,499,00&nbsp;<span class=\"woocommerce-Price-currencySymbol\">&euro;<\/span><\/bdi><\/span><\/del> <span class=\"screen-reader-text\">El precio original era: 2,499,00&nbsp;&euro;.<\/span><ins aria-hidden=\"true\"><span class=\"woocommerce-Price-amount amount\"><bdi>2,399,00&nbsp;<span class=\"woocommerce-Price-currencySymbol\">&euro;<\/span><\/bdi><\/span><\/ins><span class=\"screen-reader-text\">El precio actual es: 2,399,00&nbsp;&euro;.<\/span> <small class=\"woocommerce-price-suffix\">con IVA<\/small><\/span>\n\t\t\t<\/div>\n\t\t\t<div class=\"product_item--action\">\n\t\t\t\t<div class=\"wrap-addto\"><\/div>\t\t\t<\/div>\n\t\t<\/div>\n\t\t<\/div>\n<\/li>\n<li class=\"product_item grid-item product thumb-has-effect prod-rating-on prod-has-rating type-product post-1376 status-publish last instock product_cat-toboganes-campana-natacion-para-todos has-post-thumbnail sale taxable shipping-taxable purchasable product-type-simple\" data-width=\"1\" data-height=\"1\">\n\t\t<div class=\"product_item--inner\">\n\t\t<div class=\"product_item--thumbnail\">\n\t\t\t<div class=\"product_item--thumbnail-holder\">\n\t\t\t\t<a href=\"https:\/\/portugal-fiberglass.com\/es-ES\/producto\/super-tobogan-para-piscina-y-natacion-en-fibra-de-vidrio-natacion-para-todos-en-fibra-de-vidrio-anti-uv-exterior-interior\/\" class=\"woocommerce-LoopProduct-link woocommerce-loop-product__link\"><span class=\"la-custom-badge odd\" style=\"background-color:#0a0a0a\"><span>Campa\u00f1a Exclusiva Administraci\u00f3n P\u00fablica<\/span><\/span><span class=\"la-custom-badge onsale\"><span class=\"save-percentage\"><span class=\"hidden\">Save<\/span><span>4%<\/span><\/span><span class=\"save-total\"><span class=\"hidden\">Save<\/span> <span class=\"woocommerce-Price-amount amount\"><bdi>100,00&nbsp;<span class=\"woocommerce-Price-currencySymbol\">&euro;<\/span><\/bdi><\/span><\/span><\/span><img loading=\"lazy\" decoding=\"async\" width=\"600\" height=\"400\" src=\"https:\/\/portugal-fiberglass.com\/es-ES\/wp-content\/uploads\/2020\/02\/Super-Tobogan-para-ninos-Piscina-y-Natacion-Premium-en-Fibra-de-Vidrio-exterior-interior-600x400-portugal-fiberglass-frente-d.jpg\" class=\"attachment-woocommerce_thumbnail size-woocommerce_thumbnail\" alt=\"600 Super-Tobogan-para-ninos-Piscina-y-Natacion-Premium-en-Fibra-de-Vidrio-exterior-interior-600x400-portugal-fiberglass-frente-d\" \/><div class=\"la-lazyload-image wp-alt-image\" data-background-image=\"\/\/portugal-fiberglass.com\/es-ES\/wp-content\/uploads\/2020\/02\/0-E5096-Super-Tobogan-para-ninos-Piscina-y-Natacion-Premium-en-Fibra-de-Vidrio-exterior-interior-portugal-fiberglass545x681.jpg\"><\/div><div class=\"item--overlay\"><\/div><\/a>\t\t\t<\/div>\n\t\t\t<div class=\"product_item_thumbnail_action product_item--action\">\n\t\t\t\t<div class=\"wrap-addto\"><\/div>\t\t\t<\/div>\n\t\t<\/div>\n\t\t<div class=\"product_item--info\">\n\t\t\t<div class=\"product_item--info-inner\">\n\t\t\t\t<h3 class=\"product_item--title\"><a href=\"https:\/\/portugal-fiberglass.com\/es-ES\/producto\/super-tobogan-para-piscina-y-natacion-en-fibra-de-vidrio-natacion-para-todos-en-fibra-de-vidrio-anti-uv-exterior-interior\/\">Super Tobog\u00e1n para Piscina y Nataci\u00f3n en Fibra de Vidrio &#8211; Natacion para Todos<\/a><\/h3><span class=\"la-custom-badge onsale\"><span class=\"save-percentage\"><span class=\"hidden\">Save<\/span><span>4%<\/span><\/span><span class=\"save-total\"><span class=\"hidden\">Save<\/span> <span class=\"woocommerce-Price-amount amount\"><bdi>100,00&nbsp;<span class=\"woocommerce-Price-currencySymbol\">&euro;<\/span><\/bdi><\/span><\/span><\/span>\n\t<span class=\"price\"><del aria-hidden=\"true\"><span class=\"woocommerce-Price-amount amount\"><bdi>2,499,00&nbsp;<span class=\"woocommerce-Price-currencySymbol\">&euro;<\/span><\/bdi><\/span><\/del> <span class=\"screen-reader-text\">El precio original era: 2,499,00&nbsp;&euro;.<\/span><ins aria-hidden=\"true\"><span class=\"woocommerce-Price-amount amount\"><bdi>2,399,00&nbsp;<span class=\"woocommerce-Price-currencySymbol\">&euro;<\/span><\/bdi><\/span><\/ins><span class=\"screen-reader-text\">El precio actual es: 2,399,00&nbsp;&euro;.<\/span> <small class=\"woocommerce-price-suffix\">con IVA<\/small><\/span>\n\t\t\t<\/div>\n\t\t\t<div class=\"product_item--action\">\n\t\t\t\t<div class=\"wrap-addto\"><\/div>\t\t\t<\/div>\n\t\t<\/div>\n\t\t<\/div>\n<\/li>\n<\/ul><\/div><\/div><\/div><div id=\"la_divider69f63dac65730\" class=\"js-el la-divider la-unit-responsive\" data-la_component=\"UnitResponsive\"  data-el_target='#la_divider69f63dac65730'  data-el_media_sizes='{&quot;padding-top&quot;:&quot;lg:25px;&quot;}' ><\/div>\n[\/vc_column][vc_column width=\u00bb1\/6&#8243;][\/vc_column][\/vc_row][vc_row][vc_column width=\u00bb1\/3&#8243;]<div id=\"la_icon_boxes_69f63dac65906\" class=\"la-sc-icon-boxes wpb_content_element icon-type-normal icon-pos-top icon-style-simple ib-link-none centrado-mobile\">\n    <div class=\"icon-boxes-inner\"><div class=\"box-icon-top\"><div class=\"box-icon-inner type-icon\"><div class=\"wrap-icon\"><div class=\"box-icon box-icon-style-simple\"><span><i class=\"la-icon shopping_delivery-fast\"><\/i><\/span><\/div><\/div><\/div><\/div><div class=\"box-contents\"><div class=\"box-heading\"><div class=\"h5 js-el la-unit-responsive icon-heading padding-left-10 font-weight-400 letter-spacing-1 centrado-mobile\" style=\"\" >ENV\u00cdO GRATIS<\/div><\/div><div class=\"js-el la-unit-responsive box-description centrado-mobile\" style=\"\" ><p style=\"text-align: center;\">En todos nuestros productos<br \/>\nPara Espa\u00f1a peninsular<\/p>\n<\/div><\/div><\/div>\n<\/div>\n<style data-la_component=\"InsertCustomCSS\">#la_icon_boxes_69f63dac65906.la-sc-icon-boxes .wrap-icon .box-icon span{line-height:44px;font-size:44px;width:44px;height:44px;color:#111111}#la_icon_boxes_69f63dac65906.icon-type-normal:hover .wrap-icon .box-icon span{color:#111111}<\/style>\n        [\/vc_column][vc_column width=\u00bb1\/3&#8243;]<div id=\"la_icon_boxes_69f63dac65af9\" class=\"la-sc-icon-boxes wpb_content_element icon-type-normal icon-pos-top icon-style-simple ib-link-none centrado-mobile\">\n    <div class=\"icon-boxes-inner\"><div class=\"box-icon-top\"><div class=\"box-icon-inner type-icon\"><div class=\"wrap-icon\"><div class=\"box-icon box-icon-style-simple\"><span><i class=\"la-icon objects_support-17\"><\/i><\/span><\/div><\/div><\/div><\/div><div class=\"box-contents\"><div class=\"box-heading\"><div class=\"h5 js-el la-unit-responsive icon-heading padding-left-10 font-weight-400 letter-spacing-1 centrado-mobile\" style=\"\" >CENTRO DE AYUDA<\/div><\/div><div class=\"js-el la-unit-responsive box-description centrado-mobile\" style=\"\" ><p style=\"text-align: center;\">Disponible por tel\u00e9fono, chat o correo electr\u00f3nico<br \/>\nToda la semana<\/p>\n<\/div><\/div><\/div>\n<\/div>\n<style data-la_component=\"InsertCustomCSS\">#la_icon_boxes_69f63dac65af9.la-sc-icon-boxes .wrap-icon .box-icon span{line-height:44px;font-size:44px;width:44px;height:44px;color:#111111}#la_icon_boxes_69f63dac65af9.icon-type-normal:hover .wrap-icon .box-icon span{color:#111111}<\/style>\n        [\/vc_column][vc_column width=\u00bb1\/3&#8243;]<div id=\"la_icon_boxes_69f63dac65cbf\" class=\"la-sc-icon-boxes wpb_content_element icon-type-normal icon-pos-top icon-style-simple ib-link-none centrado-mobile\">\n    <div class=\"icon-boxes-inner\"><div class=\"box-icon-top\"><div class=\"box-icon-inner type-icon\"><div class=\"wrap-icon\"><div class=\"box-icon box-icon-style-simple\"><span><i class=\"la-icon business_money-time\"><\/i><\/span><\/div><\/div><\/div><\/div><div class=\"box-contents\"><div class=\"box-heading\"><div class=\"h5 js-el la-unit-responsive icon-heading padding-left-10 font-weight-400 letter-spacing-1 centrado-mobile\" style=\"\" >100% SATISFECHO O REEMBOLSADO<\/div><\/div><div class=\"js-el la-unit-responsive box-description centrado-mobile\" style=\"\" ><p style=\"text-align: center;\">Tienes 15 d\u00edas para devolver el pedido<br \/>\nY ser reembolsado<\/p>\n<\/div><\/div><\/div>\n<\/div>\n<style data-la_component=\"InsertCustomCSS\">#la_icon_boxes_69f63dac65cbf.la-sc-icon-boxes .wrap-icon .box-icon span{line-height:44px;font-size:44px;width:44px;height:44px;color:#111111}#la_icon_boxes_69f63dac65cbf.icon-type-normal:hover .wrap-icon .box-icon span{color:#111111}<\/style>\n        [\/vc_column][\/vc_row]<\/p>\n<\/section>","protected":false},"excerpt":{"rendered":"<p>[vc_row][vc_column][vc_custom_heading text=\u00bbTumbonas para Piscina Jard\u00edn Playa Hotel de fibra de vidrio en espana\u00bb font_container=\u00bbtag:h1|text_align:left\u00bb use_theme_fonts=\u00bbyes\u00bb el_class=\u00bbhidden\u00bb][vc_custom_heading text=\u00bbTumbonas para Piscina Jard\u00edn&hellip;<\/p>\n","protected":false},"author":1,"featured_media":0,"parent":0,"menu_order":0,"comment_status":"closed","ping_status":"closed","template":"","meta":{"footnotes":""},"class_list":["post-1378","page","type-page","status-publish","hentry"],"_links":{"self":[{"href":"https:\/\/portugal-fiberglass.com\/es-ES\/wp-json\/wp\/v2\/pages\/1378"}],"collection":[{"href":"https:\/\/portugal-fiberglass.com\/es-ES\/wp-json\/wp\/v2\/pages"}],"about":[{"href":"https:\/\/portugal-fiberglass.com\/es-ES\/wp-json\/wp\/v2\/types\/page"}],"author":[{"embeddable":true,"href":"https:\/\/portugal-fiberglass.com\/es-ES\/wp-json\/wp\/v2\/users\/1"}],"replies":[{"embeddable":true,"href":"https:\/\/portugal-fiberglass.com\/es-ES\/wp-json\/wp\/v2\/comments?post=1378"}],"version-history":[{"count":3,"href":"https:\/\/portugal-fiberglass.com\/es-ES\/wp-json\/wp\/v2\/pages\/1378\/revisions"}],"predecessor-version":[{"id":1382,"href":"https:\/\/portugal-fiberglass.com\/es-ES\/wp-json\/wp\/v2\/pages\/1378\/revisions\/1382"}],"wp:attachment":[{"href":"https:\/\/portugal-fiberglass.com\/es-ES\/wp-json\/wp\/v2\/media?parent=1378"}],"curies":[{"name":"wp","href":"https:\/\/api.w.org\/{rel}","templated":true}]}}