{"id":450,"date":"2018-07-23T10:11:14","date_gmt":"2018-07-23T10:11:14","guid":{"rendered":"https:\/\/veera.la-studioweb.com\/?page_id=450"},"modified":"2020-01-28T17:01:59","modified_gmt":"2020-01-28T16:01:59","slug":"acerca-de-portugal-fiberglass-quienes-somos-y-que-hacemos","status":"publish","type":"page","link":"https:\/\/portugal-fiberglass.com\/es-ES\/acerca-de-portugal-fiberglass-quienes-somos-y-que-hacemos\/","title":{"rendered":"Acerca de Portugal fiberglass &#8211; Qui\u00e9nes Somos y qu\u00e9 Hacemos"},"content":{"rendered":"<section class=\"wpb-content-wrapper\"><p>[vc_row][vc_column la_animation_duration=\u00bb1&#8243; la_animation_delay=\u00bb0&#8243; la_animation_iteration_count=\u00bb1&#8243; offset=\u00bbvc_col-md-5&#8243;]<div id=\"la_divider69f63d68a2345\" class=\"js-el la-divider la-unit-responsive\" data-la_component=\"UnitResponsive\"  data-el_target='#la_divider69f63d68a2345'  data-el_media_sizes='{&quot;padding-top&quot;:&quot;xlg:100px;lg:80px;md:50px;&quot;}' ><\/div>\n[vc_single_image image=\u00bb1091&#8243; img_size=\u00bb225&#215;225&#8243; alignment=\u00bbcenter\u00bb el_class=\u00bbmargin-bottom-0&#8243;][\/vc_column][vc_column la_animation_duration=\u00bb1&#8243; la_animation_delay=\u00bb0&#8243; la_animation_iteration_count=\u00bb1&#8243; offset=\u00bbvc_col-md-offset-1 vc_col-md-6&#8243;]<div id=\"la_heading_69f63d68a24c6\" class=\"la-headings text-left\"><h1 class=\"js-el heading-tag la-unit-responsive hidden\" style=\"\"  data-la_component=\"UnitResponsive\"  data-el_target='#la_heading_69f63d68a24c6 .heading-tag'  data-el_media_sizes='{&quot;font-size&quot;:&quot;lg:32px;md:24px;sm:20px;&quot;,&quot;line-height&quot;:&quot;&quot;}' >Acerca de Portugal fiberglass - Qui\u00e9nes Somos y qu\u00e9 Hacemos<\/h1><\/div>\n<div id=\"la_heading_69f63d68a25ac\" class=\"la-headings text-left\"><h2 class=\"js-el heading-tag la-unit-responsive\" style=\"\"  data-la_component=\"UnitResponsive\"  data-el_target='#la_heading_69f63d68a25ac .heading-tag'  data-el_media_sizes='{&quot;font-size&quot;:&quot;lg:32px;md:24px;sm:20px;&quot;,&quot;line-height&quot;:&quot;&quot;}' >Bienvenido a Portugal fiberglass\u2122<\/h2><div class=\"js-el subheading-tag la-unit-responsive padding-top-15\" style=\"\"  data-la_component=\"UnitResponsive\"  data-el_target='#la_heading_69f63d68a25ac .subheading-tag'  data-el_media_sizes='{&quot;font-size&quot;:&quot;lg:16px;&quot;,&quot;line-height&quot;:&quot;lg:24px;&quot;}' ><p>Creado a finales de 2018, <strong><span style=\"color: #ff9f8b;\">Portugal fiberglass\u2122 <\/span> es una marca compuesta por un grupo de personas que combinan m\u00e1s de 25 a\u00f1os de experiencia en el campo de la fibra de vidrio.<\/strong><\/p>\n<p>Con una f\u00e1brica en Coimbra y una oficina en Lisboa, traemos a nuestros clientes productos \u00fanicos y de alta calidad.<\/p>\n<\/div><\/div>\n<div id=\"la_divider69f63d68a264f\" class=\"js-el la-divider la-unit-responsive\" data-la_component=\"UnitResponsive\"  data-el_target='#la_divider69f63d68a264f'  data-el_media_sizes='{&quot;padding-top&quot;:&quot;lg:15px;&quot;}' ><\/div>\n<div id=\"la_icon_boxes_69f63d68a285e\" class=\"la-sc-icon-boxes wpb_content_element icon-type-img icon-pos-left icon-style-simple ib-link-none\">\n    <div class=\"icon-boxes-inner\"><div class=\"box-icon-left\"><div class=\"box-icon-inner type-img\"><div class=\"wrap-icon\"><div class=\"box-icon box-icon-style-simple\"><span><img loading=\"lazy\" decoding=\"async\" width=\"32\" height=\"32\" src=\"https:\/\/portugal-fiberglass.com\/es-ES\/wp-content\/uploads\/2018\/07\/about-icon1.png\" class=\"attachment-full size-full\" alt=\"\" \/><\/span><\/div><\/div><\/div><\/div><div class=\"box-contents\"><div class=\"box-heading\"><div class=\"h5 js-el la-unit-responsive icon-heading\" style=\"\"  data-la_component=\"UnitResponsive\"  data-el_target='#la_icon_boxes_69f63d68a285e .icon-heading'  data-el_media_sizes='{&quot;font-size&quot;:&quot;lg:16px;&quot;,&quot;line-height&quot;:&quot;&quot;}' >Nos encanta crear productos de fibra de vidrio<\/div><\/div><\/div><\/div>\n<\/div>\n<style data-la_component=\"InsertCustomCSS\">#la_icon_boxes_69f63d68a285e.la-sc-icon-boxes .wrap-icon .box-icon span{line-height:32px;font-size:32px;width:32px;height:32px}<\/style>\n        <div id=\"la_icon_boxes_69f63d68a2c65\" class=\"la-sc-icon-boxes wpb_content_element icon-type-img icon-pos-left icon-style-simple ib-link-none\">\n    <div class=\"icon-boxes-inner\"><div class=\"box-icon-left\"><div class=\"box-icon-inner type-img\"><div class=\"wrap-icon\"><div class=\"box-icon box-icon-style-simple\"><span><img loading=\"lazy\" decoding=\"async\" width=\"32\" height=\"32\" src=\"https:\/\/portugal-fiberglass.com\/es-ES\/wp-content\/uploads\/2018\/07\/about-icon2.png\" class=\"attachment-full size-full\" alt=\"\" \/><\/span><\/div><\/div><\/div><\/div><div class=\"box-contents\"><div class=\"box-heading\"><div class=\"h5 js-el la-unit-responsive icon-heading\" style=\"\"  data-la_component=\"UnitResponsive\"  data-el_target='#la_icon_boxes_69f63d68a2c65 .icon-heading'  data-el_media_sizes='{&quot;font-size&quot;:&quot;lg:16px;&quot;,&quot;line-height&quot;:&quot;&quot;}' >Trabajamos con el mejor pol\u00edmero compuesto de fibra de vidrio reforzado (PRFV)<\/div><\/div><\/div><\/div>\n<\/div>\n<style data-la_component=\"InsertCustomCSS\">#la_icon_boxes_69f63d68a2c65.la-sc-icon-boxes .wrap-icon .box-icon span{line-height:32px;font-size:32px;width:32px;height:32px}<\/style>\n        <div id=\"la_icon_boxes_69f63d68a2fc3\" class=\"la-sc-icon-boxes wpb_content_element icon-type-img icon-pos-left icon-style-simple ib-link-none\">\n    <div class=\"icon-boxes-inner\"><div class=\"box-icon-left\"><div class=\"box-icon-inner type-img\"><div class=\"wrap-icon\"><div class=\"box-icon box-icon-style-simple\"><span><img loading=\"lazy\" decoding=\"async\" width=\"32\" height=\"32\" src=\"https:\/\/portugal-fiberglass.com\/es-ES\/wp-content\/uploads\/2018\/07\/about-icon3.png\" class=\"attachment-full size-full\" alt=\"\" \/><\/span><\/div><\/div><\/div><\/div><div class=\"box-contents\"><div class=\"box-heading\"><div class=\"h5 js-el la-unit-responsive icon-heading\" style=\"\"  data-la_component=\"UnitResponsive\"  data-el_target='#la_icon_boxes_69f63d68a2fc3 .icon-heading'  data-el_media_sizes='{&quot;font-size&quot;:&quot;lg:16px;&quot;,&quot;line-height&quot;:&quot;&quot;}' >Siempre estamos listos para ayudar a nuestros clientes<\/div><\/div><\/div><\/div>\n<\/div>\n<style data-la_component=\"InsertCustomCSS\">#la_icon_boxes_69f63d68a2fc3.la-sc-icon-boxes .wrap-icon .box-icon span{line-height:32px;font-size:32px;width:32px;height:32px}<\/style>\n        [\/vc_column][\/vc_row][vc_row][vc_column]<div id=\"la_divider69f63d68a31f9\" class=\"js-el la-divider la-unit-responsive\" data-la_component=\"UnitResponsive\"  data-el_target='#la_divider69f63d68a31f9'  data-el_media_sizes='{&quot;padding-top&quot;:&quot;lg:80px;sm:40px;xs:20px;&quot;}' ><\/div>\n[\/vc_column][\/vc_row][vc_row][vc_column la_animation_duration=\u00bb1&#8243; la_animation_delay=\u00bb0&#8243; la_animation_iteration_count=\u00bb1&#8243; offset=\u00bbvc_col-md-5&#8243;]<div id=\"la_divider69f63d68a3257\" class=\"js-el la-divider la-unit-responsive\" data-la_component=\"UnitResponsive\"  data-el_target='#la_divider69f63d68a3257'  data-el_media_sizes='{&quot;padding-top&quot;:&quot;lg:18px;&quot;}' ><\/div>\n<div id=\"la_heading_69f63d68a3326\" class=\"la-headings text-left\"><h2 class=\"js-el heading-tag la-unit-responsive\" style=\"\"  data-la_component=\"UnitResponsive\"  data-el_target='#la_heading_69f63d68a3326 .heading-tag'  data-el_media_sizes='{&quot;font-size&quot;:&quot;lg:32px;md:24px;sm:20px;&quot;,&quot;line-height&quot;:&quot;&quot;}' >\u00bfPor qu\u00e9 Portugal fiberglass?<\/h2><div class=\"js-el subheading-tag la-unit-responsive padding-top-15\" style=\"\"  data-la_component=\"UnitResponsive\"  data-el_target='#la_heading_69f63d68a3326 .subheading-tag'  data-el_media_sizes='{&quot;font-size&quot;:&quot;lg:13px;&quot;,&quot;line-height&quot;:&quot;lg:24px;&quot;}' ><p>Seleccionamos los mejores materiales compuestos de pol\u00edmero reforzado con fibra de vidrio (PRFV) para crear <strong>productos resistentes, duraderos y seguros<\/strong>.<\/p>\n<\/div><\/div>\n<div id=\"la_divider69f63d68a33dc\" class=\"js-el la-divider la-unit-responsive\" data-la_component=\"UnitResponsive\"  data-el_target='#la_divider69f63d68a33dc'  data-el_media_sizes='{&quot;padding-top&quot;:&quot;lg:10px;&quot;}' ><\/div>\n[vc_tta_accordion style=\u00bbla-4&#8243; c_icon=\u00bb\u00bb active_section=\u00bb2&#8243;][vc_tta_section title=\u00bbPor el medio ambiente\u00bb tab_id=\u00bbpor-el-medio-ambiente\u00bb][vc_column_text]Al contrario de los demas pl\u00e1sticos reforzados tradicionales, todos nuestros productos est\u00e1n dise\u00f1ados para durar y son f\u00e1ciles de mantener y configurar.[\/vc_column_text][\/vc_tta_section][vc_tta_section title=\u00bbConstruido para durar\u00bb tab_id=\u00bbconstruido-para-durar\u00bb][vc_column_text]Una de las ventajas de la fibra de vidrio es su resistencia. Y con la tecnolog\u00eda NPG \u2122 est\u00e1n preparados para resistir los efectos adversos.[\/vc_column_text][\/vc_tta_section][vc_tta_section title=\u00bbLa seguridad es la prioridad\u00bb tab_id=\u00bbLa-seguridad-es-la-prioridad\u00bb][vc_column_text]Todos los materiales utilizados est\u00e1n certificados en la Uni\u00f3n Europea y todos nuestros productos siguen los est\u00e1ndares europeos. Por ejemplo, nuestras toboganes cumplen con la norma EN 1176.[\/vc_column_text][\/vc_tta_section][\/vc_tta_accordion][\/vc_column][vc_column la_animation_duration=\u00bb1&#8243; la_animation_delay=\u00bb0&#8243; la_animation_iteration_count=\u00bb1&#8243; offset=\u00bbvc_col-md-offset-1 vc_col-md-6&#8243;][vc_single_image image=\u00bb1092&#8243; img_size=\u00bbfull\u00bb alignment=\u00bbcenter\u00bb][\/vc_column][\/vc_row][vc_row][vc_column]<div id=\"la_divider69f63d68a3431\" class=\"js-el la-divider la-unit-responsive\" data-la_component=\"UnitResponsive\"  data-el_target='#la_divider69f63d68a3431'  data-el_media_sizes='{&quot;padding-top&quot;:&quot;lg:70px;xs:20px;&quot;}' ><\/div>\n[\/vc_column][\/vc_row][vc_row full_width=\u00bbstretch_row\u00bb css=\u00bb.vc_custom_1532976961382{padding-top: 45px !important;padding-bottom: 60px !important;background: #f9f9f9 url(https:\/\/veera.la-studioweb.com\/wp-content\/uploads\/2018\/07\/about2-bg2.jpg?id=1029) !important;background-position: center !important;background-repeat: no-repeat !important;background-size: cover !important;}\u00bb][vc_column la_animation_duration=\u00bb1&#8243; la_animation_delay=\u00bb0&#8243; la_animation_iteration_count=\u00bb1&#8243; css=\u00bb.vc_custom_1532948561762{padding-right: 10% !important;}\u00bb offset=\u00bbvc_col-md-6&#8243;]<div id=\"la_heading_69f63d68a34ee\" class=\"la-headings text-left\"><h2 class=\"js-el heading-tag la-unit-responsive\" style=\"\"  data-la_component=\"UnitResponsive\"  data-el_target='#la_heading_69f63d68a34ee .heading-tag'  data-el_media_sizes='{&quot;font-size&quot;:&quot;lg:32px;md:24px;sm:20px;&quot;,&quot;line-height&quot;:&quot;&quot;}' >Trabajamos en estrecha colaboraci\u00f3n con emprendedores<\/h2><div class=\"js-el subheading-tag la-unit-responsive padding-top-15\" style=\"\"  data-la_component=\"UnitResponsive\"  data-el_target='#la_heading_69f63d68a34ee .subheading-tag'  data-el_media_sizes='{&quot;font-size&quot;:&quot;lg:13px;&quot;,&quot;line-height&quot;:&quot;lg:24px;&quot;}' ><p>Apoyamos a los fabricantes tanto en la producci\u00f3n como en el uso de compuestos de fibra de vidrio para otros fines:<\/p>\n<ul class=\"list-icon-dots element-max-width-430\">\n<li>Arquitectura y construcci\u00f3n civil<\/li>\n<li>Dise\u00f1adores y creativos<\/li>\n<li>Muebles a medida y expositores<\/li>\n<\/ul>\n<p>Hable con <strong><span style=\"color: #ec7a5c;\"><a href=\"https:\/\/portugal-fiberglass.com\/store2\/projetos-a-medida-fibra-de-vidro-customizacao-personalizado\/\">nuestro equipo de soporte<\/a><\/span><\/strong> para obtener m\u00e1s informaci\u00f3n.<\/p>\n<\/div><\/div>\n[\/vc_column][vc_column la_animation_duration=\u00bb1&#8243; la_animation_delay=\u00bb0&#8243; la_animation_iteration_count=\u00bb1&#8243; offset=\u00bbvc_col-md-offset-1 vc_col-md-5&#8243;]<div id=\"la_divider69f63d68a3573\" class=\"js-el la-divider la-unit-responsive\" data-la_component=\"UnitResponsive\"  data-el_target='#la_divider69f63d68a3573'  data-el_media_sizes='{&quot;padding-top&quot;:&quot;lg:60px;xs:0px;&quot;}' ><\/div>\n[vc_single_image image=\u00bb1117&#8243; img_size=\u00bbfull\u00bb alignment=\u00bbcenter\u00bb][\/vc_column][\/vc_row][vc_row full_width=\u00bbstretch_row\u00bb][vc_column width=\u00bb2\/3&#8243; la_animation_duration=\u00bb1&#8243; la_animation_delay=\u00bb0&#8243; la_animation_iteration_count=\u00bb1&#8243; offset=\u00bbvc_col-md-offset-3 vc_col-md-6 vc_col-sm-offset-2&#8243;]<div id=\"la_divider69f63d68a35b3\" class=\"js-el la-divider la-unit-responsive\" data-la_component=\"UnitResponsive\"  data-el_target='#la_divider69f63d68a35b3'  data-el_media_sizes='{&quot;padding-top&quot;:&quot;lg:15px;&quot;}' ><\/div>\n<div id=\"la_testimonial_69f63d68a3694\" class=\"wpb_content_element la-testimonials margin-bottom-0\"><div class=\"la-loop testimonial-loop la_testimonials loop-style-10 la_testimonials--style-10 grid-items grid-space-default js-el la-slick-slider\" data-la_component=\"AutoCarousel\" data-slider_config=\"{&quot;slidesToShow&quot;:1,&quot;slidesToScroll&quot;:1,&quot;dots&quot;:false,&quot;autoplaySpeed&quot;:5000,&quot;speed&quot;:300,&quot;infinite&quot;:false,&quot;arrows&quot;:false,&quot;swipe&quot;:true,&quot;draggable&quot;:true,&quot;touchMove&quot;:true,&quot;pauseOnHover&quot;:false,&quot;responsive&quot;:[{&quot;breakpoint&quot;:1824,&quot;settings&quot;:{&quot;slidesToShow&quot;:1,&quot;slidesToScroll&quot;:1}},{&quot;breakpoint&quot;:1200,&quot;settings&quot;:{&quot;slidesToShow&quot;:1,&quot;slidesToScroll&quot;:1}},{&quot;breakpoint&quot;:992,&quot;settings&quot;:{&quot;slidesToShow&quot;:1,&quot;slidesToScroll&quot;:1}},{&quot;breakpoint&quot;:768,&quot;settings&quot;:{&quot;slidesToShow&quot;:1,&quot;slidesToScroll&quot;:1}},{&quot;breakpoint&quot;:576,&quot;settings&quot;:{&quot;slidesToShow&quot;:1,&quot;slidesToScroll&quot;:1}}],&quot;pauseOnDotsHover&quot;:true}\"><div class=\"loop__item grid-item testimonial_item post-455 la_testimonial type-la_testimonial status-publish hentry\">\n    <div class=\"loop__item__inner\">\n        <div class=\"loop__item__inner2\">\n            <div class=\"loop__item__info\">\n                <div class=\"loop__item__info2\">\n                    <div class=\"loop__item__desc\">&quot;Sin ning\u00fan problema en la compra y entrega, lo recomiendo! Lleg\u00f3 seg\u00fan lo acordado 3 d\u00edas ya estaba usando<\/div>\n                    <div class=\"loop__item__meta\">\n                        <p class=\"item--rating\"><span class=\"star-rating\"><span style=\"width: 100%\"><\/span><\/span><\/p>                    <\/div>\n                    <div class=\"loop__item__title\">\n                        <h3 class=\"entry-title\">AF Luis<\/h3>                    <\/div>\n                <\/div>\n            <\/div>\n        <\/div>\n    <\/div>\n<\/div><div class=\"loop__item grid-item testimonial_item post-457 la_testimonial type-la_testimonial status-publish hentry\">\n    <div class=\"loop__item__inner\">\n        <div class=\"loop__item__inner2\">\n            <div class=\"loop__item__info\">\n                <div class=\"loop__item__info2\">\n                    <div class=\"loop__item__desc\">&quot;Todo sali\u00f3 bien con nuestro pedido y la entrega fue muy r\u00e1pida. Se correspond\u00eda totalmente con lo que se pretend\u00eda.&quot;<\/div>\n                    <div class=\"loop__item__meta\">\n                        <p class=\"item--rating\"><span class=\"star-rating\"><span style=\"width: 100%\"><\/span><\/span><\/p>                    <\/div>\n                    <div class=\"loop__item__title\">\n                        <h3 class=\"entry-title\">Jos\u00e9 Reis<\/h3>                    <\/div>\n                <\/div>\n            <\/div>\n        <\/div>\n    <\/div>\n<\/div><div class=\"loop__item grid-item testimonial_item post-1099 la_testimonial type-la_testimonial status-publish hentry\">\n    <div class=\"loop__item__inner\">\n        <div class=\"loop__item__inner2\">\n            <div class=\"loop__item__info\">\n                <div class=\"loop__item__info2\">\n                    <div class=\"loop__item__desc\">&quot;Tiene un buen acabado, compacto pero no peque\u00f1o. Buen producto&quot;<\/div>\n                    <div class=\"loop__item__meta\">\n                        <p class=\"item--rating\"><span class=\"star-rating\"><span style=\"width: 100%\"><\/span><\/span><\/p>                    <\/div>\n                    <div class=\"loop__item__title\">\n                        <h3 class=\"entry-title\">Viviane Lima<\/h3>                    <\/div>\n                <\/div>\n            <\/div>\n        <\/div>\n    <\/div>\n<\/div><\/div>\n<!-- .testimonial-loop --><\/div><div id=\"la_divider69f63d68a5623\" class=\"js-el la-divider la-unit-responsive\" data-la_component=\"UnitResponsive\"  data-el_target='#la_divider69f63d68a5623'  data-el_media_sizes='{&quot;padding-top&quot;:&quot;lg:30px;&quot;}' ><\/div>\n[\/vc_column][\/vc_row]<\/p>\n<\/section>","protected":false},"excerpt":{"rendered":"<p>[vc_row][vc_column la_animation_duration=\u00bb1&#8243; la_animation_delay=\u00bb0&#8243; la_animation_iteration_count=\u00bb1&#8243; offset=\u00bbvc_col-md-5&#8243;][vc_single_image image=\u00bb1091&#8243; img_size=\u00bb225&#215;225&#8243; alignment=\u00bbcenter\u00bb el_class=\u00bbmargin-bottom-0&#8243;][\/vc_column][vc_column la_animation_duration=\u00bb1&#8243; la_animation_delay=\u00bb0&#8243; la_animation_iteration_count=\u00bb1&#8243; offset=\u00bbvc_col-md-offset-1 vc_col-md-6&#8243;][\/vc_column][\/vc_row][vc_row][vc_column][\/vc_column][\/vc_row][vc_row][vc_column la_animation_duration=\u00bb1&#8243; la_animation_delay=\u00bb0&#8243; la_animation_iteration_count=\u00bb1&#8243; offset=\u00bbvc_col-md-5&#8243;][vc_tta_accordion style=\u00bbla-4&#8243; c_icon=\u00bb\u00bb&hellip;<\/p>\n","protected":false},"author":1,"featured_media":0,"parent":0,"menu_order":0,"comment_status":"closed","ping_status":"closed","template":"","meta":{"footnotes":""},"class_list":["post-450","page","type-page","status-publish","hentry"],"_links":{"self":[{"href":"https:\/\/portugal-fiberglass.com\/es-ES\/wp-json\/wp\/v2\/pages\/450"}],"collection":[{"href":"https:\/\/portugal-fiberglass.com\/es-ES\/wp-json\/wp\/v2\/pages"}],"about":[{"href":"https:\/\/portugal-fiberglass.com\/es-ES\/wp-json\/wp\/v2\/types\/page"}],"author":[{"embeddable":true,"href":"https:\/\/portugal-fiberglass.com\/es-ES\/wp-json\/wp\/v2\/users\/1"}],"replies":[{"embeddable":true,"href":"https:\/\/portugal-fiberglass.com\/es-ES\/wp-json\/wp\/v2\/comments?post=450"}],"version-history":[{"count":10,"href":"https:\/\/portugal-fiberglass.com\/es-ES\/wp-json\/wp\/v2\/pages\/450\/revisions"}],"predecessor-version":[{"id":1128,"href":"https:\/\/portugal-fiberglass.com\/es-ES\/wp-json\/wp\/v2\/pages\/450\/revisions\/1128"}],"wp:attachment":[{"href":"https:\/\/portugal-fiberglass.com\/es-ES\/wp-json\/wp\/v2\/media?parent=450"}],"curies":[{"name":"wp","href":"https:\/\/api.w.org\/{rel}","templated":true}]}}