{"id":836,"date":"2018-07-27T13:10:33","date_gmt":"2018-07-27T13:10:33","guid":{"rendered":"https:\/\/veera.la-studioweb.com\/?page_id=836"},"modified":"2020-01-31T01:51:37","modified_gmt":"2020-01-31T00:51:37","slug":"seguimiento-de-envios","status":"publish","type":"page","link":"https:\/\/portugal-fiberglass.com\/es-ES\/seguimiento-de-envios\/","title":{"rendered":"Seguimiento de envios"},"content":{"rendered":"<section class=\"wpb-content-wrapper\"><p>[vc_row equal_height=\u00bbyes\u00bb content_placement=\u00bbmiddle\u00bb][vc_column width=\u00bb1\/2&#8243;][vc_single_image image=\u00bb1154&#8243; img_size=\u00bbfull\u00bb][vc_column_text el_class=\u00bbelement-max-width-380&#8243;]Para rastrear su pedido, ingrese el ID de pedido en el cuadro, el correo electr\u00f3nico correspondiente y presione el bot\u00f3n \u00abSeguir\u00bb. Este n\u00famero se envi\u00f3 en el correo electr\u00f3nico de confirmaci\u00f3n.<\/p>\n<p>(ej: <strong>2311<\/strong> y <strong>ejemplo@ejemplo.es<\/strong>)[\/vc_column_text][\/vc_column][vc_column width=\u00bb1\/2&#8243;]<div class=\"woocommerce\"><\/div>[\/vc_column][\/vc_row][vc_row][vc_column]<div id=\"la_divider69f63d9d87d45\" class=\"js-el la-divider la-unit-responsive\" data-la_component=\"UnitResponsive\"  data-el_target='#la_divider69f63d9d87d45'  data-el_media_sizes='{&quot;padding-top&quot;:&quot;lg:120px;&quot;}' ><\/div>\n[\/vc_column][\/vc_row]<\/p>\n<\/section>","protected":false},"excerpt":{"rendered":"<p>[vc_row equal_height=\u00bbyes\u00bb content_placement=\u00bbmiddle\u00bb][vc_column width=\u00bb1\/2&#8243;][vc_single_image image=\u00bb1154&#8243; img_size=\u00bbfull\u00bb][vc_column_text el_class=\u00bbelement-max-width-380&#8243;]Para rastrear su pedido, ingrese el ID de pedido en el cuadro, el correo&hellip;<\/p>\n","protected":false},"author":1,"featured_media":1154,"parent":0,"menu_order":0,"comment_status":"closed","ping_status":"closed","template":"","meta":{"footnotes":""},"class_list":["post-836","page","type-page","status-publish","has-post-thumbnail","hentry"],"_links":{"self":[{"href":"https:\/\/portugal-fiberglass.com\/es-ES\/wp-json\/wp\/v2\/pages\/836"}],"collection":[{"href":"https:\/\/portugal-fiberglass.com\/es-ES\/wp-json\/wp\/v2\/pages"}],"about":[{"href":"https:\/\/portugal-fiberglass.com\/es-ES\/wp-json\/wp\/v2\/types\/page"}],"author":[{"embeddable":true,"href":"https:\/\/portugal-fiberglass.com\/es-ES\/wp-json\/wp\/v2\/users\/1"}],"replies":[{"embeddable":true,"href":"https:\/\/portugal-fiberglass.com\/es-ES\/wp-json\/wp\/v2\/comments?post=836"}],"version-history":[{"count":6,"href":"https:\/\/portugal-fiberglass.com\/es-ES\/wp-json\/wp\/v2\/pages\/836\/revisions"}],"predecessor-version":[{"id":1164,"href":"https:\/\/portugal-fiberglass.com\/es-ES\/wp-json\/wp\/v2\/pages\/836\/revisions\/1164"}],"wp:featuredmedia":[{"embeddable":true,"href":"https:\/\/portugal-fiberglass.com\/es-ES\/wp-json\/wp\/v2\/media\/1154"}],"wp:attachment":[{"href":"https:\/\/portugal-fiberglass.com\/es-ES\/wp-json\/wp\/v2\/media?parent=836"}],"curies":[{"name":"wp","href":"https:\/\/api.w.org\/{rel}","templated":true}]}}