{"id":13465,"date":"2019-03-04T22:58:44","date_gmt":"2019-03-04T22:58:44","guid":{"rendered":"https:\/\/portugal-fiberglass.com\/tumbona-sumergible-y-chaise-longue-de-jardin\/"},"modified":"2025-07-24T14:37:37","modified_gmt":"2025-07-24T14:37:37","slug":"tumbona-sumergible-y-chaise-longue-de-jardin","status":"publish","type":"page","link":"https:\/\/portugal-fiberglass.com\/es\/tumbona-sumergible-y-chaise-longue-de-jardin\/","title":{"rendered":"Tumbona sumergible y chaise longue de jard\u00edn"},"content":{"rendered":"<div class=\"wpb-content-wrapper\"><p>[vc_row][vc_column css=\u00bb.vc_custom_1721991900883{padding-top: 20px !important;}\u00bb woodmart_css_id=\u00bb66a382c0d0219&#8243; parallax_scroll=\u00bbno\u00bb woodmart_sticky_column=\u00bbfalse\u00bb wd_collapsible_content_switcher=\u00bbno\u00bb wd_column_role_offcanvas_desktop=\u00bbno\u00bb wd_column_role_offcanvas_tablet=\u00bbno\u00bb wd_column_role_offcanvas_mobile=\u00bbno\u00bb wd_column_role_content_desktop=\u00bbno\u00bb wd_column_role_content_tablet=\u00bbno\u00bb wd_column_role_content_mobile=\u00bbno\u00bb mobile_bg_img_hidden=\u00bbno\u00bb tablet_bg_img_hidden=\u00bbno\u00bb woodmart_parallax=\u00bb0&#8243; woodmart_box_shadow=\u00bbno\u00bb responsive_spacing=\u00bbeyJwYXJhbV90eXBlIjoid29vZG1hcnRfcmVzcG9uc2l2ZV9zcGFjaW5nIiwic2VsZWN0b3JfaWQiOiI2NmEzODJjMGQwMjE5Iiwic2hvcnRjb2RlIjoidmNfY29sdW1uIiwiZGF0YSI6eyJ0YWJsZXQiOnt9LCJtb2JpbGUiOnt9fX0=\u00bb mobile_reset_margin=\u00bbno\u00bb tablet_reset_margin=\u00bbno\u00bb wd_z_index=\u00bbno\u00bb]\n\t\t<div id=\"wd-674d939bbbf33\" class=\"title-wrapper wd-wpb wd-set-mb reset-last-child  wd-rs-674d939bbbf33 wd-title-color-default wd-title-style-default text-center  wd-underline-colored\">\n\t\t\t\n\t\t\t<div class=\"liner-continer\">\n\t\t\t\t<h4 class=\"woodmart-title-container title  wd-font-weight- wd-fontsize-l\" >Tumbonas<\/h4>\n\t\t\t\t\t\t\t<\/div>\n\t\t\t\n\t\t\t\n\t\t\t\n\t\t<\/div>\n\t\t\n\t\t[\/vc_column][\/vc_row][vc_row content_placement=\u00bbmiddle\u00bb css=\u00bb.vc_custom_1722962698528{margin-bottom: 25px !important;}\u00bb woodmart_css_id=\u00bb66b252d64938a\u00bb responsive_spacing=\u00bbeyJwYXJhbV90eXBlIjoid29vZG1hcnRfcmVzcG9uc2l2ZV9zcGFjaW5nIiwic2VsZWN0b3JfaWQiOiI2NmIyNTJkNjQ5MzhhIiwic2hvcnRjb2RlIjoidmNfcm93IiwiZGF0YSI6eyJ0YWJsZXQiOnt9LCJtb2JpbGUiOnsibWFyZ2luLXRvcCI6IjAifX19&#8243; mobile_bg_img_hidden=\u00bbno\u00bb tablet_bg_img_hidden=\u00bbno\u00bb woodmart_parallax=\u00bb0&#8243; woodmart_gradient_switch=\u00bbno\u00bb row_reverse_mobile=\u00bb0&#8243; row_reverse_tablet=\u00bb0&#8243; woodmart_disable_overflow=\u00bb0&#8243; woodmart_box_shadow=\u00bbno\u00bb wd_z_index=\u00bbno\u00bb][vc_column css=\u00bb.vc_custom_1503987927476{margin-bottom: 35px !important;padding-top: 0px !important;}\u00bb offset=\u00bbvc_col-md-6&#8243;][vc_row_inner][vc_column_inner width=\u00bb1\/2&#8243; css=\u00bb.vc_custom_1746704666761{padding-top: 40px !important;}\u00bb offset=\u00bbvc_col-xs-12&#8243; woodmart_css_id=\u00bb681c99162ff4e\u00bb responsive_spacing=\u00bbeyJwYXJhbV90eXBlIjoid29vZG1hcnRfcmVzcG9uc2l2ZV9zcGFjaW5nIiwic2VsZWN0b3JfaWQiOiI2ODFjOTkxNjJmZjRlIiwic2hvcnRjb2RlIjoidmNfY29sdW1uX2lubmVyIiwiZGF0YSI6eyJ0YWJsZXQiOnsicGFkZGluZy10b3AiOiIwcHgifSwibW9iaWxlIjp7fX19&#8243; parallax_scroll=\u00bbno\u00bb woodmart_sticky_column=\u00bbfalse\u00bb wd_collapsible_content_switcher=\u00bbno\u00bb wd_column_role_offcanvas_desktop=\u00bbno\u00bb wd_column_role_offcanvas_tablet=\u00bbno\u00bb wd_column_role_offcanvas_mobile=\u00bbno\u00bb wd_column_role_content_desktop=\u00bbno\u00bb wd_column_role_content_tablet=\u00bbno\u00bb wd_column_role_content_mobile=\u00bbno\u00bb mobile_bg_img_hidden=\u00bbno\u00bb tablet_bg_img_hidden=\u00bbno\u00bb woodmart_parallax=\u00bb0&#8243; woodmart_box_shadow=\u00bbno\u00bb wd_z_index=\u00bbno\u00bb][vc_single_image image=\u00bb18267&#8243; img_size=\u00bbfull\u00bb alignment=\u00bbcenter\u00bb onclick=\u00bbcustom_link\u00bb css=\u00bb\u00bb link=\u00bbhttps:\/\/portugal-fiberglass.com\/es\/producto\/tumbona-de-piscina-tagus-1147-fibra-de-vidrio-npg\/\u00bb parallax_scroll=\u00bbno\u00bb woodmart_inline=\u00bbno\u00bb][\/vc_column_inner][vc_column_inner width=\u00bb1\/2&#8243; css=\u00bb.vc_custom_1746704676755{padding-top: 0px !important;}\u00bb offset=\u00bbvc_col-xs-12&#8243; woodmart_css_id=\u00bb681c991c9a23f\u00bb parallax_scroll=\u00bbno\u00bb woodmart_sticky_column=\u00bbfalse\u00bb wd_collapsible_content_switcher=\u00bbno\u00bb wd_column_role_offcanvas_desktop=\u00bbno\u00bb wd_column_role_offcanvas_tablet=\u00bbno\u00bb wd_column_role_offcanvas_mobile=\u00bbno\u00bb wd_column_role_content_desktop=\u00bbno\u00bb wd_column_role_content_tablet=\u00bbno\u00bb wd_column_role_content_mobile=\u00bbno\u00bb mobile_bg_img_hidden=\u00bbno\u00bb tablet_bg_img_hidden=\u00bbno\u00bb woodmart_parallax=\u00bb0&#8243; woodmart_box_shadow=\u00bbno\u00bb responsive_spacing=\u00bbeyJwYXJhbV90eXBlIjoid29vZG1hcnRfcmVzcG9uc2l2ZV9zcGFjaW5nIiwic2VsZWN0b3JfaWQiOiI2ODFjOTkxYzlhMjNmIiwic2hvcnRjb2RlIjoidmNfY29sdW1uX2lubmVyIiwiZGF0YSI6eyJ0YWJsZXQiOnt9LCJtb2JpbGUiOnt9fX0=\u00bb wd_z_index=\u00bbno\u00bb][vc_single_image image=\u00bb18208&#8243; img_size=\u00bbfull\u00bb alignment=\u00bbcenter\u00bb onclick=\u00bbcustom_link\u00bb css=\u00bb\u00bb link=\u00bbhttps:\/\/portugal-fiberglass.com\/es\/producto\/tumbona-de-piscina-tagus-1147-fibra-de-vidrio-npg\/\u00bb parallax_scroll=\u00bbno\u00bb woodmart_inline=\u00bbno\u00bb][\/vc_column_inner][\/vc_row_inner][\/vc_column][vc_column css=\u00bb.vc_custom_1746701789032{margin-bottom: 35px !important;padding-top: 0px !important;}\u00bb offset=\u00bbvc_col-md-6&#8243; woodmart_css_id=\u00bb681c8dd45c1c3&#8243; responsive_spacing=\u00bbeyJwYXJhbV90eXBlIjoid29vZG1hcnRfcmVzcG9uc2l2ZV9zcGFjaW5nIiwic2VsZWN0b3JfaWQiOiI2ODFjOGRkNDVjMWMzIiwic2hvcnRjb2RlIjoidmNfY29sdW1uIiwiZGF0YSI6eyJ0YWJsZXQiOnt9LCJtb2JpbGUiOnt9fX0=\u00bb parallax_scroll=\u00bbno\u00bb mobile_bg_img_hidden=\u00bbno\u00bb tablet_bg_img_hidden=\u00bbno\u00bb woodmart_parallax=\u00bb0&#8243; woodmart_sticky_column=\u00bbfalse\u00bb mobile_reset_margin=\u00bbno\u00bb tablet_reset_margin=\u00bbno\u00bb wd_collapsible_content_switcher=\u00bbno\u00bb wd_column_role_offcanvas_desktop=\u00bbno\u00bb wd_column_role_offcanvas_tablet=\u00bbno\u00bb wd_column_role_offcanvas_mobile=\u00bbno\u00bb wd_column_role_content_desktop=\u00bbno\u00bb wd_column_role_content_tablet=\u00bbno\u00bb wd_column_role_content_mobile=\u00bbno\u00bb woodmart_box_shadow=\u00bbno\u00bb wd_z_index=\u00bbno\u00bb]\t\t<div id=\"wd-681c8def35498\" class=\"wd-text-block wd-wpb reset-last-child wd-rs-681c8def35498 text-center color-primary wd-fontsize-custom font-primary vc_custom_1746701833228\">\n\t\t\t<p><em>para dentro de la piscina <\/em><\/p>\n\t\t<\/div>\n\t\t\n\t\t<div id=\"wd-681c8e0b2a874\" class=\"title-wrapper wd-wpb wd-set-mb reset-last-child  wd-rs-681c8e0b2a874 wd-title-color-default wd-title-style-default text-center vc_custom_1746701840870 wd-width-custom wd-underline-colored\">\n\t\t\t\n\t\t\t<div class=\"liner-continer\">\n\t\t\t\t<h4 class=\"woodmart-title-container title  wd-font-weight-400 wd-fontsize-l\" ><strong>Tagus 1147 NPG<\/strong><\/h4>\n\t\t\t\t\t\t\t<\/div>\n\t\t\t\n\t\t\t\t\t\t\t<div class=\"title-after_title reset-last-child  wd-fontsize-xs\">Con un dise\u00f1o moderno y l\u00edneas elegantes, son piezas que transforman ambientes. Est\u00e1n hechas de fibra de vidrio, son resistentes pero s\u00faper ligeras y f\u00e1ciles de apilar. Dise\u00f1ado para estar dentro de la piscina<\/div>\n\t\t\t\n\t\t\t\n\t\t<\/div>\n\t\t\n\t\t[vc_row_inner content_placement=\u00bbmiddle\u00bb woodmart_css_id=\u00bb66953cf8ea19b\u00bb responsive_spacing=\u00bbeyJwYXJhbV90eXBlIjoid29vZG1hcnRfcmVzcG9uc2l2ZV9zcGFjaW5nIiwic2VsZWN0b3JfaWQiOiI2Njk1M2NmOGVhMTliIiwic2hvcnRjb2RlIjoidmNfcm93X2lubmVyIiwiZGF0YSI6eyJ0YWJsZXQiOnt9LCJtb2JpbGUiOnt9fX0=\u00bb mobile_bg_img_hidden=\u00bbno\u00bb tablet_bg_img_hidden=\u00bbno\u00bb woodmart_parallax=\u00bb0&#8243; woodmart_gradient_switch=\u00bbno\u00bb woodmart_box_shadow=\u00bbno\u00bb wd_z_index=\u00bbno\u00bb woodmart_disable_overflow=\u00bb0&#8243; row_reverse_mobile=\u00bb0&#8243; row_reverse_tablet=\u00bb0&#8243;][vc_column_inner woodmart_text_align=\u00bbcenter\u00bb woodmart_css_id=\u00bb681c8f57c5407&#8243; parallax_scroll=\u00bbno\u00bb woodmart_sticky_column=\u00bbfalse\u00bb wd_collapsible_content_switcher=\u00bbno\u00bb wd_column_role_offcanvas_desktop=\u00bbno\u00bb wd_column_role_offcanvas_tablet=\u00bbno\u00bb wd_column_role_offcanvas_mobile=\u00bbno\u00bb wd_column_role_content_desktop=\u00bbno\u00bb wd_column_role_content_tablet=\u00bbno\u00bb wd_column_role_content_mobile=\u00bbno\u00bb mobile_bg_img_hidden=\u00bbno\u00bb tablet_bg_img_hidden=\u00bbno\u00bb woodmart_parallax=\u00bb0&#8243; woodmart_box_shadow=\u00bbno\u00bb responsive_spacing=\u00bbeyJwYXJhbV90eXBlIjoid29vZG1hcnRfcmVzcG9uc2l2ZV9zcGFjaW5nIiwic2VsZWN0b3JfaWQiOiI2ODFjOGY1N2M1NDA3Iiwic2hvcnRjb2RlIjoidmNfY29sdW1uX2lubmVyIiwiZGF0YSI6eyJ0YWJsZXQiOnt9LCJtb2JpbGUiOnt9fX0=\u00bb wd_z_index=\u00bbno\u00bb]<div id=\"wd-6882430604922\" class=\" wd-rs-6882430604922  wd-button-wrapper text-center inline-element\"><a href=\"https:\/\/portugal-fiberglass.com\/es\/producto\/tumbona-de-piscina-tagus-1147-fibra-de-vidrio-npg\/\" title=\"\" class=\"btn btn-color-primary btn-style-default btn-shape-round btn-size-default\">Ver m\u00e1s<\/a><\/div><div id=\"wd-6882448c44a61\" class=\" wd-rs-6882448c44a61  wd-button-wrapper text-center inline-element\"><a href=\"https:\/\/portugal-fiberglass.com\/es\/producto\/cojin-magnetico-tagus-1255\/\" title=\"\" class=\"btn btn-style-bordered btn-shape-round btn-size-default\">Coj\u00edn Magn\u00e9tico<\/a><\/div>[\/vc_column_inner][\/vc_row_inner][\/vc_column][\/vc_row][vc_row css=\u00bb.vc_custom_1724188837969{margin-bottom: 0px !important;}\u00bb woodmart_css_id=\u00bb66c5089a3b912&#8243; responsive_spacing=\u00bbeyJwYXJhbV90eXBlIjoid29vZG1hcnRfcmVzcG9uc2l2ZV9zcGFjaW5nIiwic2VsZWN0b3JfaWQiOiI2NmM1MDg5YTNiOTEyIiwic2hvcnRjb2RlIjoidmNfcm93IiwiZGF0YSI6eyJ0YWJsZXQiOnt9LCJtb2JpbGUiOnt9fX0=\u00bb mobile_bg_img_hidden=\u00bbno\u00bb tablet_bg_img_hidden=\u00bbno\u00bb woodmart_parallax=\u00bb0&#8243; woodmart_gradient_switch=\u00bbno\u00bb woodmart_box_shadow=\u00bbno\u00bb wd_z_index=\u00bbno\u00bb woodmart_disable_overflow=\u00bb0&#8243; row_reverse_mobile=\u00bb0&#8243; row_reverse_tablet=\u00bb0&#8243;][vc_column]<style data-type=\"vc_shortcodes-custom-css\">.vc_custom_1720599765601{margin-right: 0px !important;margin-bottom: 80px !important;margin-left: 0px !important;}.vc_custom_1722979904060{padding-top: 40px !important;padding-right: 40px !important;padding-bottom: 10px !important;padding-left: 40px !important;background-color: #69a197 !important;border-radius: 10px !important;}#wd-66c3b88099e00 .info-box-title{line-height:34px;font-size:24px;}#wd-66c3b8be45f67 .info-box-title{line-height:34px;font-size:24px;}#wd-66cc91b334c0f .info-box-title{line-height:34px;font-size:24px;}#wd-66c77828a3d55 .info-box-title{line-height:34px;font-size:24px;}<\/style><div class=\"wpb-content-wrapper\">[vc_row css=\".vc_custom_1720599765601{margin-right: 0px !important;margin-bottom: 80px !important;margin-left: 0px !important;}\" woodmart_css_id=\"668e434d9d974\" responsive_spacing=\"eyJwYXJhbV90eXBlIjoid29vZG1hcnRfcmVzcG9uc2l2ZV9zcGFjaW5nIiwic2VsZWN0b3JfaWQiOiI2NjhlNDM0ZDlkOTc0Iiwic2hvcnRjb2RlIjoidmNfcm93IiwiZGF0YSI6eyJ0YWJsZXQiOnt9LCJtb2JpbGUiOnt9fX0=\" mobile_bg_img_hidden=\"no\" tablet_bg_img_hidden=\"no\" woodmart_parallax=\"0\" woodmart_gradient_switch=\"no\" woodmart_box_shadow=\"no\" wd_z_index=\"no\" woodmart_disable_overflow=\"0\" row_reverse_mobile=\"0\" row_reverse_tablet=\"0\"][vc_column][vc_row_inner content_placement=\"top\" css=\".vc_custom_1722979904060{padding-top: 40px !important;padding-right: 40px !important;padding-bottom: 10px !important;padding-left: 40px !important;background-color: #69a197 !important;border-radius: 10px !important;}\" woodmart_css_id=\"66b29635953bd\" responsive_spacing=\"eyJwYXJhbV90eXBlIjoid29vZG1hcnRfcmVzcG9uc2l2ZV9zcGFjaW5nIiwic2VsZWN0b3JfaWQiOiI2NmIyOTYzNTk1M2JkIiwic2hvcnRjb2RlIjoidmNfcm93X2lubmVyIiwiZGF0YSI6eyJ0YWJsZXQiOnt9LCJtb2JpbGUiOnt9fX0=\" mobile_bg_img_hidden=\"no\" tablet_bg_img_hidden=\"no\" woodmart_parallax=\"0\" woodmart_gradient_switch=\"no\" woodmart_box_shadow=\"no\" wd_z_index=\"no\" woodmart_disable_overflow=\"0\" row_reverse_mobile=\"0\" row_reverse_tablet=\"0\"][vc_column_inner width=\"1\/4\"]\t\t\t<div class=\"info-box-wrapper\">\n\t\t\t\t<div id=\"wd-66c3b88099e00\" class=\" wd-rs-66c3b88099e00 wd-info-box wd-wpb text-left box-icon-align-top box-style- color-scheme-light wd-bg-none \">\n\t\t\t\t\t\t\t\t\t\t\t<div class=\"box-icon-wrapper  box-with-icon box-icon-simple\">\n\t\t\t\t\t\t\t<div class=\"info-box-icon\">\n\t\t\t\t\t\t\t\t<div class=\"info-svg-wrapper\" style=\"width: 52px;height: 52px;\"><img decoding=\"async\"  src=\"https:\/\/portugal-fiberglass.com\/wp-content\/uploads\/2024\/08\/icon-fabricado-em-portugal-portugal-fiberglass.svg\"  loading=\"lazy\" width=\"52\" height=\"52\"><\/div>\t\t\t\t\t\t\t<\/div>\n\t\t\t\t\t\t<\/div>\n\t\t\t\t\t\t\t\t\t\t<div class=\"info-box-content\">\n\t\t\t\t\t\t<h4 class=\"info-box-title title box-title-style-default wd-fontsize-m\">Hecho en Portugal<\/h4>\t\t\t\t\t\t<div class=\"info-box-inner reset-last-child\"><p>Desde el concepto hasta la creaci\u00f3n, nuestras piezas son meticulosamente hechas a mano en Portugal utilizando los materiales europeos de la m\u00e1s alta calidad<\/p>\n<\/div>\n\n\t\t\t\t\t\t\t\t\t\t\t<\/div>\n\n\t\t\t\t\t\n\t\t\t\t\t\t\t\t\t<\/div>\n\t\t\t<\/div>\n\t\t[\/vc_column_inner][vc_column_inner width=\"1\/4\"]\t\t\t<div class=\"info-box-wrapper\">\n\t\t\t\t<div id=\"wd-66c3b8be45f67\" class=\" wd-rs-66c3b8be45f67 wd-info-box wd-wpb text-left box-icon-align-top box-style- color-scheme-light wd-bg-none \">\n\t\t\t\t\t\t\t\t\t\t\t<div class=\"box-icon-wrapper  box-with-icon box-icon-simple\">\n\t\t\t\t\t\t\t<div class=\"info-box-icon\">\n\t\t\t\t\t\t\t\t<div class=\"info-svg-wrapper\" style=\"width: 52px;height: 52px;\"><img decoding=\"async\"  src=\"https:\/\/portugal-fiberglass.com\/wp-content\/uploads\/2024\/08\/icone-qualidade-nautica-portugal-fiberglass.svg\"  loading=\"lazy\" width=\"52\" height=\"52\"><\/div>\t\t\t\t\t\t\t<\/div>\n\t\t\t\t\t\t<\/div>\n\t\t\t\t\t\t\t\t\t\t<div class=\"info-box-content\">\n\t\t\t\t\t\t<h4 class=\"info-box-title title box-title-style-default wd-fontsize-m\">Calidad N\u00e1utico<\/h4>\t\t\t\t\t\t<div class=\"info-box-inner reset-last-child\"><p>Elaboradas con los mismos materiales de grado n\u00e1utico que se utilizan en la construcci\u00f3n de yates<\/p>\n<\/div>\n\n\t\t\t\t\t\t\t\t\t\t\t<\/div>\n\n\t\t\t\t\t\n\t\t\t\t\t\t\t\t\t<\/div>\n\t\t\t<\/div>\n\t\t[\/vc_column_inner][vc_column_inner width=\"1\/4\"]\t\t\t<div class=\"info-box-wrapper\">\n\t\t\t\t<div id=\"wd-66cc91b334c0f\" class=\" wd-rs-66cc91b334c0f wd-info-box wd-wpb text-left box-icon-align-top box-style- color-scheme-light wd-bg-none \">\n\t\t\t\t\t\t\t\t\t\t\t<div class=\"box-icon-wrapper  box-with-icon box-icon-simple\">\n\t\t\t\t\t\t\t<div class=\"info-box-icon\">\n\t\t\t\t\t\t\t\t<div class=\"info-svg-wrapper\" style=\"width: 52px;height: 52px;\"><img decoding=\"async\"  src=\"https:\/\/portugal-fiberglass.com\/wp-content\/uploads\/2024\/08\/icon-producao-artesanal-portugal-fiberglass.svg\"  loading=\"lazy\" width=\"52\" height=\"52\"><\/div>\t\t\t\t\t\t\t<\/div>\n\t\t\t\t\t\t<\/div>\n\t\t\t\t\t\t\t\t\t\t<div class=\"info-box-content\">\n\t\t\t\t\t\t<h4 class=\"info-box-title title box-title-style-default wd-fontsize-m\">Producci\u00f3n Artesanal<\/h4>\t\t\t\t\t\t<div class=\"info-box-inner reset-last-child\"><p>Producci\u00f3n consciente con un enfoque en los detalles, mediante un proceso de curado lento que garantiza un bajo consumo de energ\u00eda<\/p>\n<\/div>\n\n\t\t\t\t\t\t\t\t\t\t\t<\/div>\n\n\t\t\t\t\t\n\t\t\t\t\t\t\t\t\t<\/div>\n\t\t\t<\/div>\n\t\t[\/vc_column_inner][vc_column_inner width=\"1\/4\"]\t\t\t<div class=\"info-box-wrapper\">\n\t\t\t\t<div id=\"wd-66c77828a3d55\" class=\" wd-rs-66c77828a3d55 wd-info-box wd-wpb text-left box-icon-align-top box-style- color-scheme-light wd-bg-none \">\n\t\t\t\t\t\t\t\t\t\t\t<div class=\"box-icon-wrapper  box-with-icon box-icon-simple\">\n\t\t\t\t\t\t\t<div class=\"info-box-icon\">\n\t\t\t\t\t\t\t\t<div class=\"info-svg-wrapper\" style=\"width: 52px;height: 52px;\"><img decoding=\"async\"  src=\"https:\/\/portugal-fiberglass.com\/wp-content\/uploads\/2024\/08\/icone-industria-hotelaria-portugal-fiberglass.svg\"  loading=\"lazy\" width=\"52\" height=\"52\"><\/div>\t\t\t\t\t\t\t<\/div>\n\t\t\t\t\t\t<\/div>\n\t\t\t\t\t\t\t\t\t\t<div class=\"info-box-content\">\n\t\t\t\t\t\t<h4 class=\"info-box-title title box-title-style-default wd-fontsize-m\">Hoteler\u00eda<\/h4>\t\t\t\t\t\t<div class=\"info-box-inner reset-last-child\"><p>Puedes encontrar nuestros productos en hoteles extraordinarios. Los materiales utilizados garantizan que sean duraderos, ligeros y f\u00e1ciles de manejar<\/p>\n<\/div>\n\n\t\t\t\t\t\t\t\t\t\t\t<\/div>\n\n\t\t\t\t\t\n\t\t\t\t\t\t\t\t\t<\/div>\n\t\t\t<\/div>\n\t\t[\/vc_column_inner][\/vc_row_inner][\/vc_column][\/vc_row]<\/div>[\/vc_column][\/vc_row][vc_row content_placement=\u00bbmiddle\u00bb row_reverse_mobile=\u00bb1&#8243; css=\u00bb.vc_custom_1724189113870{margin-bottom: 45px !important;}\u00bb woodmart_css_id=\u00bb66c509b3c19e4&#8243; responsive_spacing=\u00bbeyJwYXJhbV90eXBlIjoid29vZG1hcnRfcmVzcG9uc2l2ZV9zcGFjaW5nIiwic2VsZWN0b3JfaWQiOiI2NmM1MDliM2MxOWU0Iiwic2hvcnRjb2RlIjoidmNfcm93IiwiZGF0YSI6eyJ0YWJsZXQiOnt9LCJtb2JpbGUiOnsibWFyZ2luLWJvdHRvbSI6IjE1cHgifX19&#8243; mobile_bg_img_hidden=\u00bbno\u00bb tablet_bg_img_hidden=\u00bbno\u00bb woodmart_parallax=\u00bb0&#8243; woodmart_gradient_switch=\u00bbno\u00bb row_reverse_tablet=\u00bb0&#8243; woodmart_disable_overflow=\u00bb0&#8243; woodmart_box_shadow=\u00bbno\u00bb wd_z_index=\u00bbno\u00bb][vc_column width=\u00bb1\/2&#8243; woodmart_text_align=\u00bbright\u00bb css=\u00bb.vc_custom_1628058490327{margin-bottom: 35px !important;padding-top: 0px !important;}\u00bb woodmart_css_id=\u00bb610a337112ebd\u00bb responsive_spacing=\u00bbeyJwYXJhbV90eXBlIjoid29vZG1hcnRfcmVzcG9uc2l2ZV9zcGFjaW5nIiwic2VsZWN0b3JfaWQiOiI2MTBhMzM3MTEyZWJkIiwic2hvcnRjb2RlIjoidmNfY29sdW1uIiwiZGF0YSI6eyJ0YWJsZXQiOnt9LCJtb2JpbGUiOnt9fX0=\u00bb parallax_scroll=\u00bbno\u00bb mobile_bg_img_hidden=\u00bbno\u00bb tablet_bg_img_hidden=\u00bbno\u00bb woodmart_parallax=\u00bb0&#8243; woodmart_sticky_column=\u00bbfalse\u00bb mobile_reset_margin=\u00bbno\u00bb tablet_reset_margin=\u00bbno\u00bb]\t\t<div id=\"wd-669537313acbe\" class=\"wd-text-block wd-wpb reset-last-child wd-rs-669537313acbe text-right color-scheme-dark color-title wd-fontsize-custom font-primary vc_custom_1721055028668\">\n\t\t\t<p>Eleve su \u00e1rea exterior<br \/>\ncon nuestra tumbona <em><strong>Tagus 1147<\/strong><\/em><\/p>\n\t\t<\/div>\n\t\t\t\t<div id=\"wd-669536997a0a8\" class=\"wd-text-block wd-wpb reset-last-child wd-rs-669536997a0a8 text-right wd-width-enabled color-scheme-dark wd-fontsize-custom vc_custom_1721055010890\" style=\"--wd-max-width: 80%;\">\n\t\t\t<p>Con un dise\u00f1o moderno y l\u00edneas elegantes, es perfecta para relajarse, ya sea en la comodidad de tu jard\u00edn o en un sofisticado hotel. Capaz de transformar cualquier espacio en un lugar \u00fanico.<\/p>\n\t\t<\/div>\n\t\t<div id=\"wd-688244febf9e7\" class=\" wd-rs-688244febf9e7  wd-button-wrapper text-center inline-element\"><a href=\"https:\/\/portugal-fiberglass.com\/es\/producto\/tumbona-de-jardin-tagus-1147-fibra-de-vidrio-espana-exterior\/\" title=\"\" class=\"btn btn-color-primary btn-style-default btn-shape-round btn-size-default\">Ver m\u00e1s<\/a><\/div><div id=\"wd-688245136e26e\" class=\" wd-rs-688245136e26e  wd-button-wrapper text-center inline-element\"><a href=\"https:\/\/portugal-fiberglass.com\/es\/producto\/cojin-magnetico-tagus-1255\/\" title=\"\" class=\"btn btn-style-bordered btn-shape-round btn-size-default\">Coj\u00edn Magn\u00e9tico<\/a><\/div>[\/vc_column][vc_column width=\u00bb1\/2&#8243; css=\u00bb.vc_custom_1634214803028{margin-bottom: 25px !important;padding-top: 0px !important;}\u00bb woodmart_css_id=\u00bb6168238b0cc04&#8243; woodmart_parallax=\u00bb0&#8243; parallax_scroll=\u00bbno\u00bb woodmart_sticky_column=\u00bbfalse\u00bb mobile_bg_img_hidden=\u00bbno\u00bb tablet_bg_img_hidden=\u00bbno\u00bb woodmart_box_shadow=\u00bbno\u00bb wd_z_index=\u00bbno\u00bb responsive_spacing=\u00bbeyJwYXJhbV90eXBlIjoid29vZG1hcnRfcmVzcG9uc2l2ZV9zcGFjaW5nIiwic2VsZWN0b3JfaWQiOiI2MTY4MjM4YjBjYzA0Iiwic2hvcnRjb2RlIjoidmNfY29sdW1uIiwiZGF0YSI6eyJ0YWJsZXQiOnt9LCJtb2JpbGUiOnt9fX0=\u00bb wd_collapsible_content_switcher=\u00bbno\u00bb mobile_reset_margin=\u00bbno\u00bb tablet_reset_margin=\u00bbno\u00bb][vc_row_inner content_placement=\u00bbmiddle\u00bb][vc_column_inner width=\u00bb1\/2&#8243; css=\u00bb.vc_custom_1502454533190{padding-top: 0px !important;}\u00bb][vc_single_image image=\u00bb16811&#8243; img_size=\u00bbfull\u00bb alignment=\u00bbcenter\u00bb onclick=\u00bbcustom_link\u00bb css=\u00bb\u00bb link=\u00bbhttps:\/\/portugal-fiberglass.com\/es\/producto\/tumbona-de-jardin-tagus-1147-fibra-de-vidrio-espana-exterior\/\u00bb parallax_scroll=\u00bbno\u00bb woodmart_inline=\u00bbno\u00bb][\/vc_column_inner][vc_column_inner width=\u00bb1\/2&#8243; css=\u00bb.vc_custom_1502454527869{padding-top: 0px !important;}\u00bb][vc_single_image image=\u00bb16819&#8243; img_size=\u00bbfull\u00bb alignment=\u00bbcenter\u00bb onclick=\u00bbcustom_link\u00bb css=\u00bb\u00bb link=\u00bbhttps:\/\/portugal-fiberglass.com\/es\/producto\/tumbona-de-jardin-tagus-1147-fibra-de-vidrio-espana-exterior\/\u00bb parallax_scroll=\u00bbno\u00bb woodmart_inline=\u00bbno\u00bb][\/vc_column_inner][\/vc_row_inner][\/vc_column][\/vc_row]<\/p>\n<\/div>","protected":false},"excerpt":{"rendered":"<p>[vc_row][vc_column css=\u00bb.vc_custom_1721991900883{padding-top: 20px !important;}\u00bb woodmart_css_id=\u00bb66a382c0d0219&#8243; parallax_scroll=\u00bbno\u00bb woodmart_sticky_column=\u00bbfalse\u00bb wd_collapsible_content_switcher=\u00bbno\u00bb wd_column_role_offcanvas_desktop=\u00bbno\u00bb wd_column_role_offcanvas_tablet=\u00bbno\u00bb wd_column_role_offcanvas_mobile=\u00bbno\u00bb wd_column_role_content_desktop=\u00bbno\u00bb wd_column_role_content_tablet=\u00bbno\u00bb wd_column_role_content_mobile=\u00bbno\u00bb mobile_bg_img_hidden=\u00bbno\u00bb tablet_bg_img_hidden=\u00bbno\u00bb woodmart_parallax=\u00bb0&#8243; woodmart_box_shadow=\u00bbno\u00bb responsive_spacing=\u00bbeyJwYXJhbV90eXBlIjoid29vZG1hcnRfcmVzcG9uc2l2ZV9zcGFjaW5nIiwic2VsZWN0b3JfaWQiOiI2NmEzODJjMGQwMjE5Iiwic2hvcnRjb2RlIjoidmNfY29sdW1uIiwiZGF0YSI6eyJ0YWJsZXQiOnt9LCJtb2JpbGUiOnt9fX0=\u00bb mobile_reset_margin=\u00bbno\u00bb<\/p>\n","protected":false},"author":1,"featured_media":13466,"parent":0,"menu_order":0,"comment_status":"closed","ping_status":"closed","template":"","meta":{"footnotes":""},"class_list":["post-13465","page","type-page","status-publish","has-post-thumbnail","hentry"],"_links":{"self":[{"href":"https:\/\/portugal-fiberglass.com\/es\/wp-json\/wp\/v2\/pages\/13465","targetHints":{"allow":["GET"]}}],"collection":[{"href":"https:\/\/portugal-fiberglass.com\/es\/wp-json\/wp\/v2\/pages"}],"about":[{"href":"https:\/\/portugal-fiberglass.com\/es\/wp-json\/wp\/v2\/types\/page"}],"author":[{"embeddable":true,"href":"https:\/\/portugal-fiberglass.com\/es\/wp-json\/wp\/v2\/users\/1"}],"replies":[{"embeddable":true,"href":"https:\/\/portugal-fiberglass.com\/es\/wp-json\/wp\/v2\/comments?post=13465"}],"version-history":[{"count":17,"href":"https:\/\/portugal-fiberglass.com\/es\/wp-json\/wp\/v2\/pages\/13465\/revisions"}],"predecessor-version":[{"id":18277,"href":"https:\/\/portugal-fiberglass.com\/es\/wp-json\/wp\/v2\/pages\/13465\/revisions\/18277"}],"wp:featuredmedia":[{"embeddable":true,"href":"https:\/\/portugal-fiberglass.com\/es\/wp-json\/wp\/v2\/media\/13466"}],"wp:attachment":[{"href":"https:\/\/portugal-fiberglass.com\/es\/wp-json\/wp\/v2\/media?parent=13465"}],"curies":[{"name":"wp","href":"https:\/\/api.w.org\/{rel}","templated":true}]}}