{"id":13494,"date":"2018-07-27T13:10:33","date_gmt":"2018-07-27T13:10:33","guid":{"rendered":"https:\/\/portugal-fiberglass.com\/seguimiento-de-pedido\/"},"modified":"2024-09-09T23:25:02","modified_gmt":"2024-09-09T23:25:02","slug":"seguimiento-de-pedido","status":"publish","type":"page","link":"https:\/\/portugal-fiberglass.com\/es\/seguimiento-de-pedido\/","title":{"rendered":"Seguimiento de Pedido"},"content":{"rendered":"<div class=\"wpb-content-wrapper\"><p>[vc_row full_width=\u00bbstretch_row\u00bb woodmart_bg_position=\u00bbright-center\u00bb css=\u00bb.vc_custom_1723131830801{margin-top: -40px !important;margin-bottom: -60px !important;padding-top: 120px !important;padding-bottom: 120px !important;background-color: #f8f8f8 !important;background-position: center !important;background-repeat: no-repeat !important;background-size: cover !important;}\u00bb woodmart_css_id=\u00bb66b4e7abc3af1&#8243; responsive_spacing=\u00bbeyJwYXJhbV90eXBlIjoid29vZG1hcnRfcmVzcG9uc2l2ZV9zcGFjaW5nIiwic2VsZWN0b3JfaWQiOiI2NmI0ZTdhYmMzYWYxIiwic2hvcnRjb2RlIjoidmNfcm93IiwiZGF0YSI6eyJ0YWJsZXQiOnsibWFyZ2luLWJvdHRvbSI6IjYwcHgiLCJwYWRkaW5nLXRvcCI6IjkwcHgiLCJwYWRkaW5nLWJvdHRvbSI6IjkwcHgifSwibW9iaWxlIjp7Im1hcmdpbi1ib3R0b20iOiItNjBweCIsInBhZGRpbmctdG9wIjoiNjBweCIsInBhZGRpbmctYm90dG9tIjoiNjBweCJ9fX0=\u00bb mobile_bg_img_hidden=\u00bbno\u00bb tablet_bg_img_hidden=\u00bbno\u00bb woodmart_parallax=\u00bb0&#8243; woodmart_gradient_switch=\u00bbno\u00bb woodmart_box_shadow=\u00bbno\u00bb wd_z_index=\u00bbno\u00bb woodmart_disable_overflow=\u00bb0&#8243; row_reverse_mobile=\u00bb0&#8243; row_reverse_tablet=\u00bb0&#8243;][vc_column css=\u00bb.vc_custom_1651039563227{padding-top: 0px !important;}\u00bb woodmart_css_id=\u00bb6268dd48c6fdd\u00bb parallax_scroll=\u00bbno\u00bb woodmart_sticky_column=\u00bbfalse\u00bb wd_collapsible_content_switcher=\u00bbno\u00bb wd_column_role_offcanvas_desktop=\u00bbno\u00bb wd_column_role_offcanvas_tablet=\u00bbno\u00bb wd_column_role_offcanvas_mobile=\u00bbno\u00bb wd_column_role_content_desktop=\u00bbno\u00bb wd_column_role_content_tablet=\u00bbno\u00bb wd_column_role_content_mobile=\u00bbno\u00bb mobile_bg_img_hidden=\u00bbno\u00bb tablet_bg_img_hidden=\u00bbno\u00bb woodmart_parallax=\u00bb0&#8243; woodmart_box_shadow=\u00bbno\u00bb responsive_spacing=\u00bbeyJwYXJhbV90eXBlIjoid29vZG1hcnRfcmVzcG9uc2l2ZV9zcGFjaW5nIiwic2VsZWN0b3JfaWQiOiI2MjY4ZGQ0OGM2ZmRkIiwic2hvcnRjb2RlIjoidmNfY29sdW1uIiwiZGF0YSI6eyJ0YWJsZXQiOnt9LCJtb2JpbGUiOnt9fX0=\u00bb mobile_reset_margin=\u00bbno\u00bb tablet_reset_margin=\u00bbno\u00bb wd_z_index=\u00bbno\u00bb offset=\u00bbvc_col-lg-offset-2 vc_col-lg-8 vc_col-md-offset-1 vc_col-md-10&#8243;]\n\t\t<div id=\"wd-66ab64f640e29\" class=\"title-wrapper wd-wpb wd-set-mb reset-last-child  wd-rs-66ab64f640e29 wd-title-color-primary wd-title-style-default text-center vc_custom_1722508544540 wd-underline-colored\">\n\t\t\t\n\t\t\t<div class=\"liner-continer\">\n\t\t\t\t<h4 class=\"woodmart-title-container title  wd-font-weight- wd-fontsize-xxl\" >Seguimiento de Pedido<\/h4>\n\t\t\t\t\t\t\t<\/div>\n\t\t\t\n\t\t\t\n\t\t\t\n\t\t<\/div>\n\t\t\n\t\t<div class=\"woocommerce\"><\/div>\t\t<div id=\"wd-66df83c57d278\" class=\"wd-text-block wd-wpb reset-last-child wd-rs-66df83c57d278 text-center vc_custom_1725924298472\">\n\t\t\t<p>Para seguir tu pedido, ingresa el n\u00famero de pedido y la direcci\u00f3n de correo electr\u00f3nico asociada con tu compra, luego haz clic en \u00abSeguir\u00bb.\u00a0Puedes encontrar esta informaci\u00f3n en el correo electr\u00f3nico de confirmaci\u00f3n de tu pedido.<\/p>\n<p>(por ejemplo, 10020 y ejemplo@ejemplo.com)<\/p>\n\t\t<\/div>\n\t\t[\/vc_column][\/vc_row]<\/p>\n<\/div>","protected":false},"excerpt":{"rendered":"<p>[vc_row full_width=\u00bbstretch_row\u00bb woodmart_bg_position=\u00bbright-center\u00bb css=\u00bb.vc_custom_1723131830801{margin-top: -40px !important;margin-bottom: -60px !important;padding-top: 120px !important;padding-bottom: 120px !important;background-color: #f8f8f8 !important;background-position: center !important;background-repeat: no-repeat !important;background-size: cover !important;}\u00bb<\/p>\n","protected":false},"author":1,"featured_media":0,"parent":0,"menu_order":0,"comment_status":"closed","ping_status":"closed","template":"","meta":{"footnotes":""},"class_list":["post-13494","page","type-page","status-publish","hentry"],"_links":{"self":[{"href":"https:\/\/portugal-fiberglass.com\/es\/wp-json\/wp\/v2\/pages\/13494","targetHints":{"allow":["GET"]}}],"collection":[{"href":"https:\/\/portugal-fiberglass.com\/es\/wp-json\/wp\/v2\/pages"}],"about":[{"href":"https:\/\/portugal-fiberglass.com\/es\/wp-json\/wp\/v2\/types\/page"}],"author":[{"embeddable":true,"href":"https:\/\/portugal-fiberglass.com\/es\/wp-json\/wp\/v2\/users\/1"}],"replies":[{"embeddable":true,"href":"https:\/\/portugal-fiberglass.com\/es\/wp-json\/wp\/v2\/comments?post=13494"}],"version-history":[{"count":0,"href":"https:\/\/portugal-fiberglass.com\/es\/wp-json\/wp\/v2\/pages\/13494\/revisions"}],"wp:attachment":[{"href":"https:\/\/portugal-fiberglass.com\/es\/wp-json\/wp\/v2\/media?parent=13494"}],"curies":[{"name":"wp","href":"https:\/\/api.w.org\/{rel}","templated":true}]}}