{"id":13705,"date":"2024-08-30T00:18:27","date_gmt":"2024-08-30T00:18:27","guid":{"rendered":"https:\/\/portugal-fiberglass.com\/privacy-policy\/"},"modified":"2024-09-10T22:22:15","modified_gmt":"2024-09-10T22:22:15","slug":"politica-privacidad","status":"publish","type":"page","link":"https:\/\/portugal-fiberglass.com\/es\/politica-privacidad\/","title":{"rendered":"Pol\u00edtica de Privacidad"},"content":{"rendered":"<div class=\"wpb-content-wrapper\"><p>[vc_row css=\u00bb.vc_custom_1496940694752{margin-bottom: 20px !important;}\u00bb][vc_column css=\u00bb.vc_custom_1484657273903{padding-top: 0px !important;}\u00bb]\n\t\t<div id=\"wd-66e0c53b5967f\" class=\"title-wrapper wd-wpb wd-set-mb reset-last-child  wd-rs-66e0c53b5967f wd-title-color-default wd-title-style-underlined text-left vc_custom_1726006593937 wd-underline-colored\">\n\t\t\t\n\t\t\t<div class=\"liner-continer\">\n\t\t\t\t<h4 class=\"woodmart-title-container title  wd-font-weight- wd-fontsize-l\" >Pol\u00edtica de Privacidad<\/h4>\n\t\t\t\t\t\t\t<\/div>\n\t\t\t\n\t\t\t\n\t\t\t\n\t\t<\/div>\n\t\t\n\t\t[\/vc_column][\/vc_row][vc_row equal_height=\u00bbyes\u00bb css=\u00bb.vc_custom_1629893241850{margin-bottom: 50px !important;}\u00bb wd_z_index=\u00bbno\u00bb woodmart_css_id=\u00bb6126327347fb2&#8243; responsive_spacing=\u00bbeyJwYXJhbV90eXBlIjoid29vZG1hcnRfcmVzcG9uc2l2ZV9zcGFjaW5nIiwic2VsZWN0b3JfaWQiOiI2MTI2MzI3MzQ3ZmIyIiwic2hvcnRjb2RlIjoidmNfcm93IiwiZGF0YSI6eyJ0YWJsZXQiOnt9LCJtb2JpbGUiOnsibWFyZ2luLWJvdHRvbSI6IjMwIn19fQ==\u00bb mobile_bg_img_hidden=\u00bbno\u00bb tablet_bg_img_hidden=\u00bbno\u00bb woodmart_parallax=\u00bb0&#8243; woodmart_gradient_switch=\u00bbno\u00bb row_reverse_mobile=\u00bb0&#8243; row_reverse_tablet=\u00bb0&#8243; woodmart_disable_overflow=\u00bb0&#8243;][vc_column width=\u00bb1\/2&#8243; css=\u00bb.vc_custom_1484657119633{padding-top: 0px !important;}\u00bb]\t\t<div id=\"wd-66e0c57228475\" class=\"wd-text-block wd-wpb reset-last-child wd-rs-66e0c57228475 text-left \">\n\t\t\t<h3>Informaci\u00f3n que Recopilamos y C\u00f3mo la Usamos<\/h3>\n<p>Para ofrecer algunos de nuestros servicios, puede ser necesario recopilar ciertos tipos de informaci\u00f3n:<\/p>\n<p><strong>Informaci\u00f3n Proporcionada por Usted:<\/strong> Cuando crea una cuenta en el sitio web de Portugal Fiberglass o se suscribe a otros servicios\/formularios que requieren registro, solicitamos informaci\u00f3n personal (como su nombre, direcci\u00f3n de correo electr\u00f3nico y\/o contrase\u00f1a de su cuenta). Para ciertos servicios, tambi\u00e9n podemos solicitar una tarjeta de cr\u00e9dito v\u00e1lida u otra informaci\u00f3n de pago, que almacenamos de manera segura en nuestros servidores cifrados. Podemos combinar la informaci\u00f3n que env\u00eda en nuestro sitio web con datos de otros servicios de Portugal Fiberglass o de terceros para brindarle la mejor experiencia posible y mejorar la calidad de nuestros servicios.<\/p>\n<p><strong>Cookies:<\/strong> Cuando visita nuestro sitio, enviamos una o m\u00e1s cookies\u2014a small archivo que contiene una cadena de caracteres\u2014 a su computadora u otros dispositivos que identifican de manera \u00fanica su navegador. Usamos cookies para mejorar la calidad de nuestros servicios, incluyendo el almacenamiento de preferencias del cliente, la mejora de los resultados de b\u00fasqueda en nuestra p\u00e1gina, o la identificaci\u00f3n de tendencias de compra, como el proceso de pago seleccionado. Podemos enviar una o m\u00e1s cookies a su navegador cuando visite nuestro sitio web.<\/p>\n<p><strong>Informaci\u00f3n de Conexi\u00f3n:<\/strong> Cuando accede a los servicios de Portugal Fiberglass, nuestros servidores registran autom\u00e1ticamente la informaci\u00f3n que su navegador env\u00eda cada vez que visita un sitio web. Estos registros del servidor pueden incluir detalles como su solicitud en l\u00ednea, direcci\u00f3n IP (Protocolo de Internet), tipo de navegador, idioma seleccionado en el navegador, fecha y hora de su solicitud, y una o m\u00e1s cookies que identifican de manera \u00fanica su navegador.<\/p>\n<p><strong>Correspondencia de Usuario:<\/strong> Cuando env\u00eda correos electr\u00f3nicos u otras comunicaciones a Portugal Fiberglass, podemos conservar esos mensajes para procesar sus consultas, responder a sus solicitudes y mejorar nuestros servicios.<\/p>\n<p><strong>Como tienda en l\u00ednea, registramos:<\/strong><\/p>\n<ul>\n<li><strong>Productos que ha Visto:<\/strong> Usaremos esta informaci\u00f3n, por ejemplo, para mostrarle productos que ha mirado recientemente.<\/li>\n<li><strong>Ubicaci\u00f3n, Direcci\u00f3n IP y Tipo de Navegador:<\/strong> Usaremos esto para estimaciones fiscales y de env\u00edo.<\/li>\n<li><strong>Direcci\u00f3n de Env\u00edo:<\/strong> Le pediremos que la ingrese para estimar los costos de env\u00edo antes de realizar un pedido.<\/li>\n<\/ul>\n<p>Tambi\u00e9n usamos cookies para mantener el contenido de su carrito mientras navega por nuestro sitio. Cuando realiza una compra en nuestra tienda, le pediremos que proporcione informaci\u00f3n, incluyendo su nombre, direcci\u00f3n de facturaci\u00f3n, direcci\u00f3n de env\u00edo, direcci\u00f3n de correo electr\u00f3nico, n\u00famero de tel\u00e9fono, n\u00famero de identificaci\u00f3n fiscal, detalles de tarjeta de cr\u00e9dito\/pago y, opcionalmente, informaci\u00f3n de cuenta como nombre de usuario y contrase\u00f1a. Usaremos esta informaci\u00f3n para:<\/p>\n<ul>\n<li>Proporcionarle informaci\u00f3n sobre su cuenta y pedido.<\/li>\n<li>Cumplir con sus solicitudes.<\/li>\n<li>Procesamiento de pagos y prevenci\u00f3n de fraude.<\/li>\n<li>Configuraci\u00f3n de su cuenta en nuestra tienda.<\/li>\n<li>Cumplir con todos nuestros requisitos legales, incluyendo c\u00e1lculos fiscales.<\/li>\n<li>Mejorar nuestras ofertas en la tienda.<\/li>\n<li>Enviarle mensajes de marketing, si acepta recibirlos.<\/li>\n<\/ul>\n<p>Si crea una cuenta, almacenamos su nombre, direcci\u00f3n, correo electr\u00f3nico y n\u00famero de tel\u00e9fono, que se utilizar\u00e1n para completar autom\u00e1ticamente sus datos para futuros pedidos. En general, retenemos su informaci\u00f3n mientras sea necesario para los fines para los que fue recopilada y seg\u00fan lo exija la ley. Por ejemplo, mantenemos datos durante cinco a\u00f1os para fines fiscales y contables. Esto incluye su nombre, direcci\u00f3n de correo electr\u00f3nico, direcci\u00f3n de facturaci\u00f3n y direcci\u00f3n de env\u00edo.<\/p>\n<p><strong>Datos de Inicio de Sesi\u00f3n Social:<\/strong> Recopilamos sus datos de perfil p\u00fablico solo con su consentimiento, el cual otorga antes de iniciar sesi\u00f3n con una red social en nuestro sitio web. Estos datos incluyen su nombre y apellido, direcci\u00f3n de correo electr\u00f3nico, enlace al perfil de la red social, identificador \u00fanico y enlace del avatar del perfil social. Estos detalles se utilizan para crear su perfil de usuario en nuestro sitio web.<\/p>\n<p>Portugal Fiberglass solo procesar\u00e1 informaci\u00f3n personal para los fines descritos en esta Pol\u00edtica de Privacidad y\/o en cualquier aviso de privacidad suplementario dentro de servicios espec\u00edficos. Adem\u00e1s de los principios ya mencionados, estos fines incluyen:<\/p>\n<ul>\n<li>Proporcionar nuestros servicios, incluyendo la visualizaci\u00f3n de contenido y anuncios personalizados.<\/li>\n<li>Realizar auditor\u00edas, investigaciones y an\u00e1lisis para mantener, proteger y mejorar nuestros servicios.<\/li>\n<li>Asegurar la funcionalidad t\u00e9cnica de nuestra red.<\/li>\n<li>Proteger los derechos de propiedad de Portugal Fiberglass y nuestros clientes.<\/li>\n<li>Desarrollar nuevos servicios.<\/li>\n<\/ul>\n<p>En Portugal Fiberglass, procesamos la informaci\u00f3n personal en nuestros servidores en Alemania, as\u00ed como en otros pa\u00edses. En algunos casos, podemos procesar la informaci\u00f3n personal en un servidor fuera de su pa\u00eds. Podemos procesar la informaci\u00f3n personal para ofrecer nuestros servicios y, en algunos casos, procesarla en nombre de y de acuerdo con las instrucciones de terceros.<\/p>\n\t\t<\/div>\n\t\t\t\t<div id=\"wd-66e0c57eeea7c\" class=\"wd-text-block wd-wpb reset-last-child wd-rs-66e0c57eeea7c text-left \">\n\t\t\t<p>Toda la informaci\u00f3n personal que recopilamos se utilizar\u00e1 para hacer que su visita a nuestro sitio web sea lo m\u00e1s productiva y agradable posible. Estamos comprometidos con la protecci\u00f3n de la privacidad de nuestros usuarios. Toda la informaci\u00f3n personal relacionada con miembros, suscriptores, clientes o visitantes que utilicen nuestro sitio se tratar\u00e1 de acuerdo con las leyes de protecci\u00f3n de datos. Al utilizar nuestro sitio web, usted acepta esta Pol\u00edtica de Privacidad. Nos reservamos el derecho de modificar esta pol\u00edtica sin previo aviso. Por lo tanto, le recomendamos que revise nuestra Pol\u00edtica de Privacidad regularmente para mantenerse actualizado. \u00daltima actualizaci\u00f3n: 10 de setembro de 2024.<\/p>\n\t\t<\/div>\n\t\t[\/vc_column][vc_column width=\u00bb1\/2&#8243; css=\u00bb.vc_custom_1484657123074{padding-top: 0px !important;}\u00bb]\t\t<div id=\"wd-66e0c59cd1f38\" class=\"wd-text-block wd-wpb reset-last-child wd-rs-66e0c59cd1f38 text-left \">\n\t\t\t<p><strong>Acceso y actualizaci\u00f3n de la informaci\u00f3n personal<\/strong><\/p>\n<p>Cuando utilice nuestros servicios, hacemos un esfuerzo de buena fe para proporcionarle acceso a su informaci\u00f3n personal para que pueda corregirla si es inexacta o eliminarla a su solicitud, si ya no es necesaria para fines legales o nuestros intereses comerciales leg\u00edtimos. Antes de poder cumplir con estas solicitudes, se le pedir\u00e1 que se identifique y especifique la informaci\u00f3n que desea acceder, corregir o eliminar. Nos reservamos el derecho de rechazar el procesamiento de solicitudes que sean manifiestamente infundadas o excesivas, que requieran un esfuerzo t\u00e9cnico desproporcionado, que pongan en riesgo la privacidad de otros, que sean impracticables (por ejemplo, solicitudes relacionadas con informaci\u00f3n almacenada en copias de seguridad) o en casos donde el derecho de acceso no est\u00e9 legalmente requerido. Algunos de nuestros servicios tienen procedimientos diferentes para acceder, corregir o eliminar la informaci\u00f3n personal. Proporcionamos detalles de estos procedimientos en avisos de privacidad adicionales o en las preguntas frecuentes (FAQs) para servicios espec\u00edficos. Si desea eliminar todos sus datos personales registrados en <a href=\"http:\/\/www.portugal-fiberglass.com\" target=\"_new\" rel=\"noopener\">www.portugal-fiberglass.com<\/a>, por favor contacte a nuestro servicio de atenci\u00f3n al cliente en welcome @ portugal-fiberglass .com.<\/p>\n\t\t<\/div>\n\t\t\t\t<div id=\"wd-66e0c5bf6938a\" class=\"wd-text-block wd-wpb reset-last-child wd-rs-66e0c5bf6938a text-left \">\n\t\t\t<p><strong>Lo que compartimos con terceros<\/strong><\/p>\n<p>Compartimos su informaci\u00f3n con proveedores de servicios de terceros que nos ayudan a procesar sus pedidos, como diversos transportistas, bancos, PayPal, IfThenPay y Stripe.<\/p>\n\t\t<\/div>\n\t\t\t\t<div id=\"wd-66e0c5daeb09a\" class=\"wd-text-block wd-wpb reset-last-child wd-rs-66e0c5daeb09a text-left \">\n\t\t\t<p><strong>Qui\u00e9n en nuestro equipo tiene acceso a esta informaci\u00f3n<\/strong><\/p>\n<p>Los miembros de nuestro equipo tienen acceso a la informaci\u00f3n que nos proporciona. Por ejemplo, los administradores y los encargados de la tienda pueden acceder a:<\/p>\n<ul>\n<li><strong>Detalles del pedido:<\/strong> Incluyendo qu\u00e9 compr\u00f3, cu\u00e1ndo lo compr\u00f3 y la direcci\u00f3n de env\u00edo.<\/li>\n<li><strong>Informaci\u00f3n del cliente:<\/strong> Incluyendo nombre, direcci\u00f3n de correo electr\u00f3nico y direcciones de facturaci\u00f3n y env\u00edo.<\/li>\n<\/ul>\n<p>Nuestros miembros del equipo tienen acceso a esta informaci\u00f3n con el prop\u00f3sito de procesar pedidos, manejar devoluciones y brindar soporte al cliente.<\/p>\n\t\t<\/div>\n\t\t\t\t<div id=\"wd-66e0c5ee54fcb\" class=\"wd-text-block wd-wpb reset-last-child wd-rs-66e0c5ee54fcb text-left \">\n\t\t\t<p><strong>Cookies<\/strong><\/p>\n<p>Las cookies son peque\u00f1os archivos de texto que un sitio web, cuando es visitado por un usuario, coloca en el ordenador o dispositivo m\u00f3vil del usuario a trav\u00e9s del navegador web. La colocaci\u00f3n de cookies ayuda al sitio web a reconocer tu dispositivo la pr\u00f3xima vez que lo visites. Utilizamos cookies para almacenar informaci\u00f3n, como tus preferencias personales al visitar nuestro sitio web. Esto puede incluir un simple aviso emergente o un enlace en diversos servicios que proporcionamos.<\/p>\n<p>El visitante tiene la opci\u00f3n de desactivar las cookies en las opciones de su navegador o realizando cambios en las herramientas de programas antivirus. Sin embargo, esto puede alterar la forma en que interact\u00faas con nuestro sitio web u otros sitios web. Esto podr\u00eda afectar o impedir que inicies sesi\u00f3n en programas, sitios o foros en nuestra red y en otros sitios.<\/p>\n\t\t<\/div>\n\t\t\t\t<div id=\"wd-66e0c60006e29\" class=\"wd-text-block wd-wpb reset-last-child wd-rs-66e0c60006e29 text-left \">\n\t\t\t<p><strong>Enlaces a sitios web externos<\/strong><\/p>\n<p>Nuestro sitio web contiene enlaces a otros sitios web que creemos que pueden ofrecer informaci\u00f3n o herramientas \u00fatiles para nuestros visitantes. Nuestra pol\u00edtica de privacidad no se aplica a los sitios web de terceros, por lo que, si visitas otro sitio web desde el nuestro, te recomendamos revisar su pol\u00edtica de privacidad. No somos responsables de las pr\u00e1cticas de privacidad ni del contenido de dichos sitios web.<\/p>\n\t\t<\/div>\n\t\t\t\t<div id=\"wd-66e0c61724f28\" class=\"wd-text-block wd-wpb reset-last-child wd-rs-66e0c61724f28 text-left \">\n\t\t\t<p><strong>Derechos de los Sujetos de Datos<\/strong><\/p>\n<p>Los visitantes pueden ejercer sus derechos contactando al controlador de datos mencionado a continuaci\u00f3n en esta Pol\u00edtica de Privacidad. Los visitantes de Portugal Fiberglass tienen y pueden ejercer los siguientes derechos con respecto a sus datos personales:<\/p>\n<ul>\n<li><strong>Derecho a la Informaci\u00f3n:<\/strong> En el momento de la recolecci\u00f3n o procesamiento, el sujeto de datos tiene el derecho a ser informado sobre el prop\u00f3sito del procesamiento, el controlador de datos, las entidades a las que se pueden divulgar sus datos, las condiciones para el acceso y la rectificaci\u00f3n, y cu\u00e1les datos son obligatorios u opcionales de proporcionar.<\/li>\n<li><strong>Derecho de Acceso:<\/strong> El sujeto de datos tiene el derecho a acceder a sus datos personales sin restricciones ni demoras, as\u00ed como a ser informado sobre el origen de los datos, los fines de su procesamiento y los destinatarios de terceros.<\/li>\n<li><strong>Derecho a la Rectificaci\u00f3n:<\/strong> El sujeto de datos tiene el derecho a asegurar que sus datos sean precisos y est\u00e9n actualizados, y puede solicitar la rectificaci\u00f3n al controlador de datos de Portugal Fiberglass en cualquier momento.<\/li>\n<li><strong>Derecho al Borrado:<\/strong> El sujeto de datos tiene el derecho a que sus datos sean borrados y eliminados bajo ciertas condiciones, como cuando los datos ya no sean necesarios para el prop\u00f3sito para el cual fueron recolectados, cuando el sujeto de datos retire su consentimiento u objete al procesamiento, o si el procesamiento no cumple con las disposiciones legales. Las solicitudes de eliminaci\u00f3n pueden hacerse por correo electr\u00f3nico, desde la direcci\u00f3n asociada con la cuenta, a <a rel=\"noopener\">welcome @ portugal-fiberglass.com<\/a> con el asunto \u00abeliminar datos personales.\u00bb<\/li>\n<li><strong>Derecho a la Restricci\u00f3n del Procesamiento:<\/strong> El sujeto de datos tiene el derecho a restringir el procesamiento de sus datos a lo estrictamente necesario para el prop\u00f3sito previsto.<\/li>\n<li><strong>Derecho a la Portabilidad de los Datos:<\/strong> El sujeto de datos tiene el derecho a recibir sus datos o solicitar su transferencia a otra entidad que se convertir\u00e1 en el nuevo controlador de datos, siempre que sea t\u00e9cnicamente factible.<\/li>\n<li><strong>Derecho a la Oposici\u00f3n:<\/strong> El sujeto de datos tiene el derecho a oponerse, de forma gratuita, al procesamiento de sus datos personales para fines de marketing directo o cualquier otra forma de prospecci\u00f3n, as\u00ed como a la comunicaci\u00f3n de sus datos a terceros, a menos que se requiera legalmente lo contrario.<\/li>\n<li><strong>Derecho a Ser Informado de una Brecha de Datos:<\/strong> El sujeto de datos tiene el derecho a ser informado en caso de una brecha de seguridad que comprometa sus datos.<\/li>\n<li><strong>Derecho a Presentar una Queja ante una Autoridad de Control:<\/strong> El sujeto de datos tiene el derecho a presentar una queja no solo al controlador de datos de la empresa, sino tambi\u00e9n ante la autoridad de control, la Comisi\u00f3n Nacional de Protecci\u00f3n de Datos.<\/li>\n<\/ul>\n\t\t<\/div>\n\t\t[\/vc_column][\/vc_row]<\/p>\n<\/div>","protected":false},"excerpt":{"rendered":"<p>[vc_row css=\u00bb.vc_custom_1496940694752{margin-bottom: 20px !important;}\u00bb][vc_column css=\u00bb.vc_custom_1484657273903{padding-top: 0px !important;}\u00bb][\/vc_column][\/vc_row][vc_row equal_height=\u00bbyes\u00bb css=\u00bb.vc_custom_1629893241850{margin-bottom: 50px !important;}\u00bb wd_z_index=\u00bbno\u00bb woodmart_css_id=\u00bb6126327347fb2&#8243; responsive_spacing=\u00bbeyJwYXJhbV90eXBlIjoid29vZG1hcnRfcmVzcG9uc2l2ZV9zcGFjaW5nIiwic2VsZWN0b3JfaWQiOiI2MTI2MzI3MzQ3ZmIyIiwic2hvcnRjb2RlIjoidmNfcm93IiwiZGF0YSI6eyJ0YWJsZXQiOnt9LCJtb2JpbGUiOnsibWFyZ2luLWJvdHRvbSI6IjMwIn19fQ==\u00bb mobile_bg_img_hidden=\u00bbno\u00bb tablet_bg_img_hidden=\u00bbno\u00bb woodmart_parallax=\u00bb0&#8243; woodmart_gradient_switch=\u00bbno\u00bb row_reverse_mobile=\u00bb0&#8243; row_reverse_tablet=\u00bb0&#8243;<\/p>\n","protected":false},"author":1,"featured_media":0,"parent":0,"menu_order":0,"comment_status":"closed","ping_status":"closed","template":"","meta":{"footnotes":""},"class_list":["post-13705","page","type-page","status-publish","hentry"],"_links":{"self":[{"href":"https:\/\/portugal-fiberglass.com\/es\/wp-json\/wp\/v2\/pages\/13705","targetHints":{"allow":["GET"]}}],"collection":[{"href":"https:\/\/portugal-fiberglass.com\/es\/wp-json\/wp\/v2\/pages"}],"about":[{"href":"https:\/\/portugal-fiberglass.com\/es\/wp-json\/wp\/v2\/types\/page"}],"author":[{"embeddable":true,"href":"https:\/\/portugal-fiberglass.com\/es\/wp-json\/wp\/v2\/users\/1"}],"replies":[{"embeddable":true,"href":"https:\/\/portugal-fiberglass.com\/es\/wp-json\/wp\/v2\/comments?post=13705"}],"version-history":[{"count":0,"href":"https:\/\/portugal-fiberglass.com\/es\/wp-json\/wp\/v2\/pages\/13705\/revisions"}],"wp:attachment":[{"href":"https:\/\/portugal-fiberglass.com\/es\/wp-json\/wp\/v2\/media?parent=13705"}],"curies":[{"name":"wp","href":"https:\/\/api.w.org\/{rel}","templated":true}]}}