{"id":13784,"date":"2018-09-25T19:43:51","date_gmt":"2018-09-25T19:43:51","guid":{"rendered":"https:\/\/portugal-fiberglass.com\/toboggans-pour-piscine-mini-slide-npg-et-super-slide-npg\/"},"modified":"2025-05-13T09:58:52","modified_gmt":"2025-05-13T09:58:52","slug":"toboggans-pour-piscine-mini-slide-npg-et-super-slide-npg","status":"publish","type":"page","link":"https:\/\/portugal-fiberglass.com\/fr\/toboggans-pour-piscine-mini-slide-npg-et-super-slide-npg\/","title":{"rendered":"Toboggans pour piscine Mini Slide NPG et Super Slide NPG"},"content":{"rendered":"<div class=\"wpb-content-wrapper\"><p>[vc_row][vc_column css=\u00a0\u00bb.vc_custom_1721991900883{padding-top: 20px !important;}\u00a0\u00bb woodmart_css_id=\u00a0\u00bb66a382c0d0219&Prime; parallax_scroll=\u00a0\u00bbno\u00a0\u00bb woodmart_sticky_column=\u00a0\u00bbfalse\u00a0\u00bb wd_collapsible_content_switcher=\u00a0\u00bbno\u00a0\u00bb wd_column_role_offcanvas_desktop=\u00a0\u00bbno\u00a0\u00bb wd_column_role_offcanvas_tablet=\u00a0\u00bbno\u00a0\u00bb wd_column_role_offcanvas_mobile=\u00a0\u00bbno\u00a0\u00bb wd_column_role_content_desktop=\u00a0\u00bbno\u00a0\u00bb wd_column_role_content_tablet=\u00a0\u00bbno\u00a0\u00bb wd_column_role_content_mobile=\u00a0\u00bbno\u00a0\u00bb mobile_bg_img_hidden=\u00a0\u00bbno\u00a0\u00bb tablet_bg_img_hidden=\u00a0\u00bbno\u00a0\u00bb woodmart_parallax=\u00a0\u00bb0&Prime; woodmart_box_shadow=\u00a0\u00bbno\u00a0\u00bb responsive_spacing=\u00a0\u00bbeyJwYXJhbV90eXBlIjoid29vZG1hcnRfcmVzcG9uc2l2ZV9zcGFjaW5nIiwic2VsZWN0b3JfaWQiOiI2NmEzODJjMGQwMjE5Iiwic2hvcnRjb2RlIjoidmNfY29sdW1uIiwiZGF0YSI6eyJ0YWJsZXQiOnt9LCJtb2JpbGUiOnt9fX0=\u00a0\u00bb mobile_reset_margin=\u00a0\u00bbno\u00a0\u00bb tablet_reset_margin=\u00a0\u00bbno\u00a0\u00bb wd_z_index=\u00a0\u00bbno\u00a0\u00bb]\n\t\t<div id=\"wd-674d91ba3ca34\" class=\"title-wrapper wd-wpb wd-set-mb reset-last-child  wd-rs-674d91ba3ca34 wd-title-color-default wd-title-style-default text-center  wd-underline-colored\">\n\t\t\t\n\t\t\t<div class=\"liner-continer\">\n\t\t\t\t<h1 class=\"woodmart-title-container title  wd-font-weight- wd-fontsize-l\" >Toboggans pour l'int\u00e9rieur de la piscine<\/h1>\n\t\t\t\t\t\t\t<\/div>\n\t\t\t\n\t\t\t\n\t\t\t\n\t\t<\/div>\n\t\t\n\t\t[\/vc_column][\/vc_row][vc_row content_placement=\u00a0\u00bbmiddle\u00a0\u00bb css=\u00a0\u00bb.vc_custom_1720884087291{margin-top: 50px !important;margin-bottom: 50px !important;}\u00a0\u00bb woodmart_css_id=\u00a0\u00bb66929b643cbe0&Prime; responsive_spacing=\u00a0\u00bbeyJwYXJhbV90eXBlIjoid29vZG1hcnRfcmVzcG9uc2l2ZV9zcGFjaW5nIiwic2VsZWN0b3JfaWQiOiI2NjkyOWI2NDNjYmUwIiwic2hvcnRjb2RlIjoidmNfcm93IiwiZGF0YSI6eyJ0YWJsZXQiOnt9LCJtb2JpbGUiOnt9fX0=\u00a0\u00bb mobile_bg_img_hidden=\u00a0\u00bbno\u00a0\u00bb tablet_bg_img_hidden=\u00a0\u00bbno\u00a0\u00bb woodmart_parallax=\u00a0\u00bb0&Prime; woodmart_gradient_switch=\u00a0\u00bbno\u00a0\u00bb row_reverse_mobile=\u00a0\u00bb0&Prime; row_reverse_tablet=\u00a0\u00bb0&Prime; woodmart_disable_overflow=\u00a0\u00bb0&Prime; woodmart_box_shadow=\u00a0\u00bbno\u00a0\u00bb wd_z_index=\u00a0\u00bbno\u00a0\u00bb][vc_column width=\u00a0\u00bb1\/2&Prime; css=\u00a0\u00bb.vc_custom_1504079673177{margin-bottom: 25px !important;padding-top: 0px !important;}\u00a0\u00bb][vc_row_inner content_placement=\u00a0\u00bbmiddle\u00a0\u00bb][vc_column_inner width=\u00a0\u00bb1\/2&Prime; css=\u00a0\u00bb.vc_custom_1502454527869{padding-top: 0px !important;}\u00a0\u00bb][vc_single_image image=\u00a0\u00bb13768&Prime; img_size=\u00a0\u00bbfull\u00a0\u00bb alignment=\u00a0\u00bbcenter\u00a0\u00bb onclick=\u00a0\u00bbcustom_link\u00a0\u00bb css=\u00a0\u00bb\u00a0\u00bb link=\u00a0\u00bbhttps:\/\/portugal-fiberglass.com\/fr\/produit\/toboggan-de-piscine-mini-slide-npg\/\u00a0\u00bb parallax_scroll=\u00a0\u00bbno\u00a0\u00bb woodmart_inline=\u00a0\u00bbno\u00a0\u00bb][\/vc_column_inner][vc_column_inner width=\u00a0\u00bb1\/2&Prime; css=\u00a0\u00bb.vc_custom_1502454533190{padding-top: 0px !important;}\u00a0\u00bb][vc_single_image image=\u00a0\u00bb13769&Prime; img_size=\u00a0\u00bbfull\u00a0\u00bb alignment=\u00a0\u00bbcenter\u00a0\u00bb onclick=\u00a0\u00bbcustom_link\u00a0\u00bb css=\u00a0\u00bb\u00a0\u00bb link=\u00a0\u00bbhttps:\/\/portugal-fiberglass.com\/fr\/produit\/toboggan-de-piscine-mini-slide-npg\/\u00a0\u00bb parallax_scroll=\u00a0\u00bbno\u00a0\u00bb woodmart_inline=\u00a0\u00bbno\u00a0\u00bb][\/vc_column_inner][\/vc_row_inner][\/vc_column][vc_column width=\u00a0\u00bb1\/2&Prime; css=\u00a0\u00bb.vc_custom_1628058506078{margin-bottom: 35px !important;padding-top: 0px !important;}\u00a0\u00bb woodmart_css_id=\u00a0\u00bb610a3386b697b\u00a0\u00bb responsive_spacing=\u00a0\u00bbeyJwYXJhbV90eXBlIjoid29vZG1hcnRfcmVzcG9uc2l2ZV9zcGFjaW5nIiwic2VsZWN0b3JfaWQiOiI2MTBhMzM4NmI2OTdiIiwic2hvcnRjb2RlIjoidmNfY29sdW1uIiwiZGF0YSI6eyJ0YWJsZXQiOnt9LCJtb2JpbGUiOnt9fX0=\u00a0\u00bb parallax_scroll=\u00a0\u00bbno\u00a0\u00bb mobile_bg_img_hidden=\u00a0\u00bbno\u00a0\u00bb tablet_bg_img_hidden=\u00a0\u00bbno\u00a0\u00bb woodmart_parallax=\u00a0\u00bb0&Prime; woodmart_sticky_column=\u00a0\u00bbfalse\u00a0\u00bb mobile_reset_margin=\u00a0\u00bbno\u00a0\u00bb tablet_reset_margin=\u00a0\u00bbno\u00a0\u00bb]\t\t<div id=\"wd-66c500bcc88da\" class=\"wd-text-block wd-wpb reset-last-child wd-rs-66c500bcc88da text-left color-scheme-dark color-title wd-fontsize-custom font-primary vc_custom_1724186819912\">\n\t\t\t<p>Pour nos petits<br \/>\ntoboggan <em><strong>Mini Slide NPG <\/strong><\/em><\/p>\n\t\t<\/div>\n\t\t\t\t<div id=\"wd-669533a28a3c9\" class=\"wd-text-block wd-wpb reset-last-child wd-rs-669533a28a3c9 text-left wd-width-enabled color-scheme-dark wd-fontsize-custom vc_custom_1721054638555\" style=\"--wd-max-width: 80%;\">\n\t\t\t<p>Fabriqu\u00e9 avec la m\u00eame qualit\u00e9 que nos chaises longues, notre toboggan est con\u00e7u pour \u00eatre utilis\u00e9 dans l&rsquo;eau. Avec des marches antid\u00e9rapantes, des bords arrondis et une finition hautement polie, il cr\u00e9e un espace s\u00e9curis\u00e9 pour que les enfants puissent jouer pendant que vous vous relaxez \u00e0 proximit\u00e9.<\/p>\n\t\t<\/div>\n\t\t<div id=\"wd-682317a7debf1\" class=\" wd-rs-682317a7debf1  wd-button-wrapper text-center inline-element\"><a href=\"https:\/\/portugal-fiberglass.com\/fr\/produit\/toboggan-de-piscine-mini-slide-npg\/\" title=\"\" class=\"btn btn-color-primary btn-style-default btn-shape-round btn-size-default\">Voir plus<\/a><\/div>[\/vc_column][\/vc_row][vc_row css=\u00a0\u00bb.vc_custom_1724188837969{margin-bottom: 0px !important;}\u00a0\u00bb woodmart_css_id=\u00a0\u00bb66c5089a3b912&Prime; responsive_spacing=\u00a0\u00bbeyJwYXJhbV90eXBlIjoid29vZG1hcnRfcmVzcG9uc2l2ZV9zcGFjaW5nIiwic2VsZWN0b3JfaWQiOiI2NmM1MDg5YTNiOTEyIiwic2hvcnRjb2RlIjoidmNfcm93IiwiZGF0YSI6eyJ0YWJsZXQiOnt9LCJtb2JpbGUiOnt9fX0=\u00a0\u00bb mobile_bg_img_hidden=\u00a0\u00bbno\u00a0\u00bb tablet_bg_img_hidden=\u00a0\u00bbno\u00a0\u00bb woodmart_parallax=\u00a0\u00bb0&Prime; woodmart_gradient_switch=\u00a0\u00bbno\u00a0\u00bb woodmart_box_shadow=\u00a0\u00bbno\u00a0\u00bb wd_z_index=\u00a0\u00bbno\u00a0\u00bb woodmart_disable_overflow=\u00a0\u00bb0&Prime; row_reverse_mobile=\u00a0\u00bb0&Prime; row_reverse_tablet=\u00a0\u00bb0&Prime;][vc_column]<style data-type=\"vc_shortcodes-custom-css\">.vc_custom_1720599765601{margin-right: 0px !important;margin-bottom: 80px !important;margin-left: 0px !important;}.vc_custom_1722979904060{padding-top: 40px !important;padding-right: 40px !important;padding-bottom: 10px !important;padding-left: 40px !important;background-color: #69a197 !important;border-radius: 10px !important;}#wd-66c3b88099e00 .info-box-title{line-height:34px;font-size:24px;}#wd-66c3b8be45f67 .info-box-title{line-height:34px;font-size:24px;}#wd-66cc91b334c0f .info-box-title{line-height:34px;font-size:24px;}#wd-66c77828a3d55 .info-box-title{line-height:34px;font-size:24px;}<\/style><div class=\"wpb-content-wrapper\">[vc_row css=\".vc_custom_1720599765601{margin-right: 0px !important;margin-bottom: 80px !important;margin-left: 0px !important;}\" woodmart_css_id=\"668e434d9d974\" responsive_spacing=\"eyJwYXJhbV90eXBlIjoid29vZG1hcnRfcmVzcG9uc2l2ZV9zcGFjaW5nIiwic2VsZWN0b3JfaWQiOiI2NjhlNDM0ZDlkOTc0Iiwic2hvcnRjb2RlIjoidmNfcm93IiwiZGF0YSI6eyJ0YWJsZXQiOnt9LCJtb2JpbGUiOnt9fX0=\" mobile_bg_img_hidden=\"no\" tablet_bg_img_hidden=\"no\" woodmart_parallax=\"0\" woodmart_gradient_switch=\"no\" woodmart_box_shadow=\"no\" wd_z_index=\"no\" woodmart_disable_overflow=\"0\" row_reverse_mobile=\"0\" row_reverse_tablet=\"0\"][vc_column][vc_row_inner content_placement=\"top\" css=\".vc_custom_1722979904060{padding-top: 40px !important;padding-right: 40px !important;padding-bottom: 10px !important;padding-left: 40px !important;background-color: #69a197 !important;border-radius: 10px !important;}\" woodmart_css_id=\"66b29635953bd\" responsive_spacing=\"eyJwYXJhbV90eXBlIjoid29vZG1hcnRfcmVzcG9uc2l2ZV9zcGFjaW5nIiwic2VsZWN0b3JfaWQiOiI2NmIyOTYzNTk1M2JkIiwic2hvcnRjb2RlIjoidmNfcm93X2lubmVyIiwiZGF0YSI6eyJ0YWJsZXQiOnt9LCJtb2JpbGUiOnt9fX0=\" mobile_bg_img_hidden=\"no\" tablet_bg_img_hidden=\"no\" woodmart_parallax=\"0\" woodmart_gradient_switch=\"no\" woodmart_box_shadow=\"no\" wd_z_index=\"no\" woodmart_disable_overflow=\"0\" row_reverse_mobile=\"0\" row_reverse_tablet=\"0\"][vc_column_inner width=\"1\/4\"]\t\t\t<div class=\"info-box-wrapper\">\n\t\t\t\t<div id=\"wd-66c3b88099e00\" class=\" wd-rs-66c3b88099e00 wd-info-box wd-wpb text-left box-icon-align-top box-style- color-scheme-light wd-bg-none \">\n\t\t\t\t\t\t\t\t\t\t\t<div class=\"box-icon-wrapper  box-with-icon box-icon-simple\">\n\t\t\t\t\t\t\t<div class=\"info-box-icon\">\n\t\t\t\t\t\t\t\t<div class=\"info-svg-wrapper\" style=\"width: 52px;height: 52px;\"><img decoding=\"async\"  src=\"https:\/\/portugal-fiberglass.com\/wp-content\/uploads\/2024\/08\/icon-fabricado-em-portugal-portugal-fiberglass.svg\"  loading=\"lazy\" width=\"52\" height=\"52\"><\/div>\t\t\t\t\t\t\t<\/div>\n\t\t\t\t\t\t<\/div>\n\t\t\t\t\t\t\t\t\t\t<div class=\"info-box-content\">\n\t\t\t\t\t\t<h4 class=\"info-box-title title box-title-style-default wd-fontsize-m\">Fabriqu\u00e9 au Portugal<\/h4>\t\t\t\t\t\t<div class=\"info-box-inner reset-last-child\"><p>De la conception \u00e0 la cr\u00e9ation, nos pi\u00e8ces sont m\u00e9ticuleusement fabriqu\u00e9es \u00e0 la main au Portugal en utilisant des mat\u00e9riaux europ\u00e9ens de la plus haute qualit\u00e9.<\/p>\n<\/div>\n\n\t\t\t\t\t\t\t\t\t\t\t<\/div>\n\n\t\t\t\t\t\n\t\t\t\t\t\t\t\t\t<\/div>\n\t\t\t<\/div>\n\t\t[\/vc_column_inner][vc_column_inner width=\"1\/4\"]\t\t\t<div class=\"info-box-wrapper\">\n\t\t\t\t<div id=\"wd-66c3b8be45f67\" class=\" wd-rs-66c3b8be45f67 wd-info-box wd-wpb text-left box-icon-align-top box-style- color-scheme-light wd-bg-none \">\n\t\t\t\t\t\t\t\t\t\t\t<div class=\"box-icon-wrapper  box-with-icon box-icon-simple\">\n\t\t\t\t\t\t\t<div class=\"info-box-icon\">\n\t\t\t\t\t\t\t\t<div class=\"info-svg-wrapper\" style=\"width: 52px;height: 52px;\"><img decoding=\"async\"  src=\"https:\/\/portugal-fiberglass.com\/wp-content\/uploads\/2024\/08\/icone-qualidade-nautica-portugal-fiberglass.svg\"  loading=\"lazy\" width=\"52\" height=\"52\"><\/div>\t\t\t\t\t\t\t<\/div>\n\t\t\t\t\t\t<\/div>\n\t\t\t\t\t\t\t\t\t\t<div class=\"info-box-content\">\n\t\t\t\t\t\t<h4 class=\"info-box-title title box-title-style-default wd-fontsize-m\">Qualit\u00e9 Marine<\/h4>\t\t\t\t\t\t<div class=\"info-box-inner reset-last-child\"><p>Con\u00e7ues avec les m\u00eames mat\u00e9riaux de qualit\u00e9 marine que ceux utilis\u00e9s dans la construction de yachts.<\/p>\n<\/div>\n\n\t\t\t\t\t\t\t\t\t\t\t<\/div>\n\n\t\t\t\t\t\n\t\t\t\t\t\t\t\t\t<\/div>\n\t\t\t<\/div>\n\t\t[\/vc_column_inner][vc_column_inner width=\"1\/4\"]\t\t\t<div class=\"info-box-wrapper\">\n\t\t\t\t<div id=\"wd-66cc91b334c0f\" class=\" wd-rs-66cc91b334c0f wd-info-box wd-wpb text-left box-icon-align-top box-style- color-scheme-light wd-bg-none \">\n\t\t\t\t\t\t\t\t\t\t\t<div class=\"box-icon-wrapper  box-with-icon box-icon-simple\">\n\t\t\t\t\t\t\t<div class=\"info-box-icon\">\n\t\t\t\t\t\t\t\t<div class=\"info-svg-wrapper\" style=\"width: 52px;height: 52px;\"><img decoding=\"async\"  src=\"https:\/\/portugal-fiberglass.com\/wp-content\/uploads\/2024\/08\/icon-producao-artesanal-portugal-fiberglass.svg\"  loading=\"lazy\" width=\"52\" height=\"52\"><\/div>\t\t\t\t\t\t\t<\/div>\n\t\t\t\t\t\t<\/div>\n\t\t\t\t\t\t\t\t\t\t<div class=\"info-box-content\">\n\t\t\t\t\t\t<h4 class=\"info-box-title title box-title-style-default wd-fontsize-m\">Production Artisanale<\/h4>\t\t\t\t\t\t<div class=\"info-box-inner reset-last-child\"><p>Une production artisanale, pens\u00e9e avec soin et un souci du d\u00e9tail, gr\u00e2ce \u00e0 un processus de s\u00e9chage lent qui garantit une faible consommation d\u2019\u00e9nergie.<\/p>\n<\/div>\n\n\t\t\t\t\t\t\t\t\t\t\t<\/div>\n\n\t\t\t\t\t\n\t\t\t\t\t\t\t\t\t<\/div>\n\t\t\t<\/div>\n\t\t[\/vc_column_inner][vc_column_inner width=\"1\/4\"]\t\t\t<div class=\"info-box-wrapper\">\n\t\t\t\t<div id=\"wd-66c77828a3d55\" class=\" wd-rs-66c77828a3d55 wd-info-box wd-wpb text-left box-icon-align-top box-style- color-scheme-light wd-bg-none \">\n\t\t\t\t\t\t\t\t\t\t\t<div class=\"box-icon-wrapper  box-with-icon box-icon-simple\">\n\t\t\t\t\t\t\t<div class=\"info-box-icon\">\n\t\t\t\t\t\t\t\t<div class=\"info-svg-wrapper\" style=\"width: 52px;height: 52px;\"><img decoding=\"async\"  src=\"https:\/\/portugal-fiberglass.com\/wp-content\/uploads\/2024\/08\/icone-industria-hotelaria-portugal-fiberglass.svg\"  loading=\"lazy\" width=\"52\" height=\"52\"><\/div>\t\t\t\t\t\t\t<\/div>\n\t\t\t\t\t\t<\/div>\n\t\t\t\t\t\t\t\t\t\t<div class=\"info-box-content\">\n\t\t\t\t\t\t<h4 class=\"info-box-title title box-title-style-default wd-fontsize-m\">H\u00f4tellerie<\/h4>\t\t\t\t\t\t<div class=\"info-box-inner reset-last-child\"><p>Nos produits sont pr\u00e9sents dans des h\u00f4tels d'exception. Les mat\u00e9riaux utilis\u00e9s garantissent leur durabilit\u00e9, leur l\u00e9g\u00e8ret\u00e9, et leur facilit\u00e9 de manipulation.<\/p>\n<\/div>\n\n\t\t\t\t\t\t\t\t\t\t\t<\/div>\n\n\t\t\t\t\t\n\t\t\t\t\t\t\t\t\t<\/div>\n\t\t\t<\/div>\n\t\t[\/vc_column_inner][\/vc_row_inner][\/vc_column][\/vc_row]<\/div>[\/vc_column][\/vc_row][vc_row content_placement=\u00a0\u00bbmiddle\u00a0\u00bb css=\u00a0\u00bb.vc_custom_1724189088942{margin-bottom: 50px !important;}\u00a0\u00bb woodmart_css_id=\u00a0\u00bb66c5099c3c106&Prime; responsive_spacing=\u00a0\u00bbeyJwYXJhbV90eXBlIjoid29vZG1hcnRfcmVzcG9uc2l2ZV9zcGFjaW5nIiwic2VsZWN0b3JfaWQiOiI2NmM1MDk5YzNjMTA2Iiwic2hvcnRjb2RlIjoidmNfcm93IiwiZGF0YSI6eyJ0YWJsZXQiOnt9LCJtb2JpbGUiOnt9fX0=\u00a0\u00bb mobile_bg_img_hidden=\u00a0\u00bbno\u00a0\u00bb tablet_bg_img_hidden=\u00a0\u00bbno\u00a0\u00bb woodmart_parallax=\u00a0\u00bb0&Prime; woodmart_gradient_switch=\u00a0\u00bbno\u00a0\u00bb row_reverse_mobile=\u00a0\u00bb0&Prime; row_reverse_tablet=\u00a0\u00bb0&Prime; woodmart_disable_overflow=\u00a0\u00bb0&Prime; woodmart_box_shadow=\u00a0\u00bbno\u00a0\u00bb wd_z_index=\u00a0\u00bbno\u00a0\u00bb][vc_column width=\u00a0\u00bb1\/2&Prime; css=\u00a0\u00bb.vc_custom_1628058506078{margin-bottom: 35px !important;padding-top: 0px !important;}\u00a0\u00bb woodmart_css_id=\u00a0\u00bb610a3386b697b\u00a0\u00bb responsive_spacing=\u00a0\u00bbeyJwYXJhbV90eXBlIjoid29vZG1hcnRfcmVzcG9uc2l2ZV9zcGFjaW5nIiwic2VsZWN0b3JfaWQiOiI2MTBhMzM4NmI2OTdiIiwic2hvcnRjb2RlIjoidmNfY29sdW1uIiwiZGF0YSI6eyJ0YWJsZXQiOnt9LCJtb2JpbGUiOnt9fX0=\u00a0\u00bb parallax_scroll=\u00a0\u00bbno\u00a0\u00bb mobile_bg_img_hidden=\u00a0\u00bbno\u00a0\u00bb tablet_bg_img_hidden=\u00a0\u00bbno\u00a0\u00bb woodmart_parallax=\u00a0\u00bb0&Prime; woodmart_sticky_column=\u00a0\u00bbfalse\u00a0\u00bb mobile_reset_margin=\u00a0\u00bbno\u00a0\u00bb tablet_reset_margin=\u00a0\u00bbno\u00a0\u00bb]\t\t<div id=\"wd-66cb4e9e047c6\" class=\"wd-text-block wd-wpb reset-last-child wd-rs-66cb4e9e047c6 text-right color-scheme-dark color-title wd-fontsize-custom font-primary vc_custom_1724599991677\">\n\t\t\t<p>Pr\u00e9parez vos enfants \u00e0 s\u2019amuser avec le<br \/>\ntoboggan <em><strong>Super Slide NPG <\/strong><\/em><\/p>\n\t\t<\/div>\n\t\t\t\t<div id=\"wd-66cb4eba10690\" class=\"wd-text-block wd-wpb reset-last-child wd-rs-66cb4eba10690 text-right wd-width-enabled color-scheme-dark wd-fontsize-custom vc_custom_1724600015277\" style=\"--wd-max-width: 80%;\">\n\t\t\t<p>Offrant une descente rapide directement dans la piscine, notre toboggan promet des heures de plaisir. Pr\u00eat \u00e0 \u00eatre utilis\u00e9 dans l\u2019eau, il est \u00e9quip\u00e9 de marches antid\u00e9rapantes, de bords arrondis et d\u2019une finition brillante.<\/p>\n\t\t<\/div>\n\t\t<div id=\"wd-682317d7be346\" class=\" wd-rs-682317d7be346  wd-button-wrapper text-right\"><a href=\"https:\/\/portugal-fiberglass.com\/fr\/produit\/super-slide-npg-toboggan-de-piscine\/\" title=\"\" class=\"btn btn-color-primary btn-style-default btn-shape-round btn-size-default\">Voir plus<\/a><\/div>[\/vc_column][vc_column width=\u00a0\u00bb1\/2&Prime; css=\u00a0\u00bb.vc_custom_1504079673177{margin-bottom: 25px !important;padding-top: 0px !important;}\u00a0\u00bb][vc_row_inner content_placement=\u00a0\u00bbmiddle\u00a0\u00bb][vc_column_inner width=\u00a0\u00bb1\/2&Prime; css=\u00a0\u00bb.vc_custom_1502454527869{padding-top: 0px !important;}\u00a0\u00bb][vc_single_image image=\u00a0\u00bb14040&Prime; img_size=\u00a0\u00bbfull\u00a0\u00bb alignment=\u00a0\u00bbcenter\u00a0\u00bb onclick=\u00a0\u00bbcustom_link\u00a0\u00bb css=\u00a0\u00bb\u00a0\u00bb link=\u00a0\u00bbhttps:\/\/portugal-fiberglass.com\/fr\/produit\/super-slide-npg-toboggan-de-piscine\/\u00a0\u00bb parallax_scroll=\u00a0\u00bbno\u00a0\u00bb woodmart_inline=\u00a0\u00bbno\u00a0\u00bb][\/vc_column_inner][vc_column_inner width=\u00a0\u00bb1\/2&Prime; css=\u00a0\u00bb.vc_custom_1502454533190{padding-top: 0px !important;}\u00a0\u00bb][vc_single_image image=\u00a0\u00bb14037&Prime; img_size=\u00a0\u00bbfull\u00a0\u00bb alignment=\u00a0\u00bbcenter\u00a0\u00bb onclick=\u00a0\u00bbcustom_link\u00a0\u00bb css=\u00a0\u00bb\u00a0\u00bb link=\u00a0\u00bbhttps:\/\/portugal-fiberglass.com\/fr\/produit\/super-slide-npg-toboggan-de-piscine\/\u00a0\u00bb parallax_scroll=\u00a0\u00bbno\u00a0\u00bb woodmart_inline=\u00a0\u00bbno\u00a0\u00bb][\/vc_column_inner][\/vc_row_inner][\/vc_column][\/vc_row]<\/p>\n<\/div>","protected":false},"excerpt":{"rendered":"<p>[vc_row][vc_column css=\u00a0\u00bb.vc_custom_1721991900883{padding-top: 20px !important;}\u00a0\u00bb woodmart_css_id=\u00a0\u00bb66a382c0d0219&Prime; parallax_scroll=\u00a0\u00bbno\u00a0\u00bb woodmart_sticky_column=\u00a0\u00bbfalse\u00a0\u00bb wd_collapsible_content_switcher=\u00a0\u00bbno\u00a0\u00bb wd_column_role_offcanvas_desktop=\u00a0\u00bbno\u00a0\u00bb wd_column_role_offcanvas_tablet=\u00a0\u00bbno\u00a0\u00bb wd_column_role_offcanvas_mobile=\u00a0\u00bbno\u00a0\u00bb wd_column_role_content_desktop=\u00a0\u00bbno\u00a0\u00bb wd_column_role_content_tablet=\u00a0\u00bbno\u00a0\u00bb wd_column_role_content_mobile=\u00a0\u00bbno\u00a0\u00bb mobile_bg_img_hidden=\u00a0\u00bbno\u00a0\u00bb tablet_bg_img_hidden=\u00a0\u00bbno\u00a0\u00bb woodmart_parallax=\u00a0\u00bb0&Prime; woodmart_box_shadow=\u00a0\u00bbno\u00a0\u00bb responsive_spacing=\u00a0\u00bbeyJwYXJhbV90eXBlIjoid29vZG1hcnRfcmVzcG9uc2l2ZV9zcGFjaW5nIiwic2VsZWN0b3JfaWQiOiI2NmEzODJjMGQwMjE5Iiwic2hvcnRjb2RlIjoidmNfY29sdW1uIiwiZGF0YSI6eyJ0YWJsZXQiOnt9LCJtb2JpbGUiOnt9fX0=\u00a0\u00bb mobile_reset_margin=\u00a0\u00bbno\u00a0\u00bb<\/p>\n","protected":false},"author":1,"featured_media":0,"parent":0,"menu_order":0,"comment_status":"closed","ping_status":"closed","template":"","meta":{"footnotes":""},"class_list":["post-13784","page","type-page","status-publish","hentry"],"_links":{"self":[{"href":"https:\/\/portugal-fiberglass.com\/fr\/wp-json\/wp\/v2\/pages\/13784","targetHints":{"allow":["GET"]}}],"collection":[{"href":"https:\/\/portugal-fiberglass.com\/fr\/wp-json\/wp\/v2\/pages"}],"about":[{"href":"https:\/\/portugal-fiberglass.com\/fr\/wp-json\/wp\/v2\/types\/page"}],"author":[{"embeddable":true,"href":"https:\/\/portugal-fiberglass.com\/fr\/wp-json\/wp\/v2\/users\/1"}],"replies":[{"embeddable":true,"href":"https:\/\/portugal-fiberglass.com\/fr\/wp-json\/wp\/v2\/comments?post=13784"}],"version-history":[{"count":11,"href":"https:\/\/portugal-fiberglass.com\/fr\/wp-json\/wp\/v2\/pages\/13784\/revisions"}],"predecessor-version":[{"id":17544,"href":"https:\/\/portugal-fiberglass.com\/fr\/wp-json\/wp\/v2\/pages\/13784\/revisions\/17544"}],"wp:attachment":[{"href":"https:\/\/portugal-fiberglass.com\/fr\/wp-json\/wp\/v2\/media?parent=13784"}],"curies":[{"name":"wp","href":"https:\/\/api.w.org\/{rel}","templated":true}]}}