{"id":14067,"date":"2024-08-30T00:18:27","date_gmt":"2024-08-30T00:18:27","guid":{"rendered":"https:\/\/portugal-fiberglass.com\/privacy-policy\/"},"modified":"2024-09-25T15:37:16","modified_gmt":"2024-09-25T15:37:16","slug":"politique-confidentialite","status":"publish","type":"page","link":"https:\/\/portugal-fiberglass.com\/fr\/politique-confidentialite\/","title":{"rendered":"Politique de Confidentialit\u00e9"},"content":{"rendered":"<div class=\"wpb-content-wrapper\"><p>[vc_row css=\u00a0\u00bb.vc_custom_1496940694752{margin-bottom: 20px !important;}\u00a0\u00bb][vc_column css=\u00a0\u00bb.vc_custom_1484657273903{padding-top: 0px !important;}\u00a0\u00bb]\n\t\t<div id=\"wd-66f42babe877f\" class=\"title-wrapper wd-wpb wd-set-mb reset-last-child  wd-rs-66f42babe877f wd-title-color-default wd-title-style-underlined text-left vc_custom_1727278042880 wd-underline-colored\">\n\t\t\t\n\t\t\t<div class=\"liner-continer\">\n\t\t\t\t<h4 class=\"woodmart-title-container title  wd-font-weight- wd-fontsize-l\" >Politique de Confidentialit\u00e9<\/h4>\n\t\t\t\t\t\t\t<\/div>\n\t\t\t\n\t\t\t\n\t\t\t\n\t\t<\/div>\n\t\t\n\t\t[\/vc_column][\/vc_row][vc_row equal_height=\u00a0\u00bbyes\u00a0\u00bb css=\u00a0\u00bb.vc_custom_1629893241850{margin-bottom: 50px !important;}\u00a0\u00bb wd_z_index=\u00a0\u00bbno\u00a0\u00bb woodmart_css_id=\u00a0\u00bb6126327347fb2&Prime; responsive_spacing=\u00a0\u00bbeyJwYXJhbV90eXBlIjoid29vZG1hcnRfcmVzcG9uc2l2ZV9zcGFjaW5nIiwic2VsZWN0b3JfaWQiOiI2MTI2MzI3MzQ3ZmIyIiwic2hvcnRjb2RlIjoidmNfcm93IiwiZGF0YSI6eyJ0YWJsZXQiOnt9LCJtb2JpbGUiOnsibWFyZ2luLWJvdHRvbSI6IjMwIn19fQ==\u00a0\u00bb mobile_bg_img_hidden=\u00a0\u00bbno\u00a0\u00bb tablet_bg_img_hidden=\u00a0\u00bbno\u00a0\u00bb woodmart_parallax=\u00a0\u00bb0&Prime; woodmart_gradient_switch=\u00a0\u00bbno\u00a0\u00bb row_reverse_mobile=\u00a0\u00bb0&Prime; row_reverse_tablet=\u00a0\u00bb0&Prime; woodmart_disable_overflow=\u00a0\u00bb0&Prime;][vc_column width=\u00a0\u00bb1\/2&Prime; css=\u00a0\u00bb.vc_custom_1484657119633{padding-top: 0px !important;}\u00a0\u00bb]\t\t<div id=\"wd-66f42ba5deeee\" class=\"wd-text-block wd-wpb reset-last-child wd-rs-66f42ba5deeee text-left \">\n\t\t\t<p><strong>Informations que nous collectons et comment nous les utilisons<\/strong><\/p>\n<p>Pour fournir certains de nos services, il peut \u00eatre n\u00e9cessaire de collecter certains types d&rsquo;informations :<\/p>\n<p><strong>Informations fournies par vous :<\/strong> Lorsque vous cr\u00e9ez un compte sur le site web de Portugal Fiberglass ou vous abonnez \u00e0 d&rsquo;autres services ou formulaires n\u00e9cessitant une inscription, nous vous demandons certaines informations personnelles (comme votre nom, adresse e-mail et\/ou mot de passe pour votre compte). Pour certains services, nous pouvons \u00e9galement demander des informations de paiement valides, telles qu&rsquo;une carte de cr\u00e9dit, que nous stockons de mani\u00e8re s\u00e9curis\u00e9e sur nos serveurs crypt\u00e9s. Nous pouvons combiner les informations que vous soumettez sur notre site avec des donn\u00e9es provenant d&rsquo;autres services Portugal Fiberglass ou de tiers afin de vous offrir la meilleure exp\u00e9rience possible tout en am\u00e9liorant la qualit\u00e9 de nos services.<\/p>\n<p><strong>Cookies :<\/strong> Lorsque vous visitez notre site, nous envoyons un ou plusieurs cookies \u2014 un petit fichier contenant une cha\u00eene de caract\u00e8res \u2014 \u00e0 votre ordinateur ou \u00e0 vos autres appareils qui identifie de mani\u00e8re unique votre navigateur. Nous utilisons les cookies pour am\u00e9liorer la qualit\u00e9 de nos services, notamment en stockant les pr\u00e9f\u00e9rences des clients, en am\u00e9liorant les r\u00e9sultats de recherche sur notre page ou en identifiant les tendances d&rsquo;achat, comme le processus de paiement s\u00e9lectionn\u00e9. Nous pouvons envoyer un ou plusieurs cookies \u00e0 votre navigateur lors de votre visite sur notre site web.<\/p>\n<p><strong>Informations de connexion :<\/strong> Lorsque vous acc\u00e9dez aux services de Portugal Fiberglass, nos serveurs enregistrent automatiquement les informations envoy\u00e9es par votre navigateur chaque fois que vous visitez un site web. Ces journaux de serveur peuvent inclure des d\u00e9tails tels que votre demande en ligne, l&rsquo;adresse IP (Protocole Internet), le type de navigateur, la langue s\u00e9lectionn\u00e9e dans le navigateur, la date et l&rsquo;heure de votre demande, et un ou plusieurs cookies qui identifient de mani\u00e8re unique votre navigateur.<\/p>\n<p><strong>Correspondance des utilisateurs :<\/strong> Lorsque vous envoyez des e-mails ou d&rsquo;autres communications \u00e0 Portugal Fiberglass, nous pouvons conserver ces messages pour traiter vos demandes, r\u00e9pondre \u00e0 vos requ\u00eates et am\u00e9liorer nos services.<\/p>\n<p><strong>En tant que boutique en ligne, nous enregistrerons :<\/strong><\/p>\n<ul>\n<li>Produits que vous avez consult\u00e9s : Nous utiliserons ces informations pour, par exemple, vous montrer les produits que vous avez r\u00e9cemment regard\u00e9s.<\/li>\n<li>Localisation, adresse IP et type de navigateur : Nous utiliserons ces informations pour les estimations fiscales et d&rsquo;exp\u00e9dition.<\/li>\n<li>Adresse de livraison : Nous vous demanderons d&rsquo;entrer cette information pour estimer les co\u00fbts d&rsquo;exp\u00e9dition avant de passer une commande.<\/li>\n<\/ul>\n<p>Nous utilisons \u00e9galement des cookies pour conserver le contenu de votre panier pendant que vous naviguez sur notre site. Lorsque vous effectuez un achat dans notre boutique, nous vous demanderons de fournir des informations, y compris votre nom, adresse de facturation, adresse de livraison, adresse e-mail, num\u00e9ro de t\u00e9l\u00e9phone, num\u00e9ro de contribuable, d\u00e9tails de paiement\/carte de cr\u00e9dit, et des informations de compte optionnelles comme un nom d&rsquo;utilisateur et un mot de passe. Nous utiliserons ces informations \u00e0 des fins telles que :<\/p>\n<ul>\n<li>Vous fournir des informations concernant votre compte et votre commande<\/li>\n<li>R\u00e9pondre \u00e0 vos demandes<\/li>\n<li>Traitement des paiements et pr\u00e9vention des fraudes<\/li>\n<li>Cr\u00e9er votre compte pour notre boutique<\/li>\n<li>Respecter toutes nos obligations l\u00e9gales, y compris les calculs fiscaux<\/li>\n<li>Am\u00e9liorer les offres de notre boutique<\/li>\n<li>Vous envoyer des messages marketing, si vous acceptez de les recevoir.<\/li>\n<\/ul>\n<p>Si vous cr\u00e9ez un compte, nous enregistrons votre nom, adresse, e-mail et num\u00e9ro de t\u00e9l\u00e9phone, qui seront utilis\u00e9s pour pr\u00e9-remplir vos d\u00e9tails lors de commandes futures. En r\u00e8gle g\u00e9n\u00e9rale, nous conservons vos informations aussi longtemps que n\u00e9cessaire pour les objectifs pour lesquels elles ont \u00e9t\u00e9 collect\u00e9es et conform\u00e9ment \u00e0 la loi. Par exemple, nous conservons les donn\u00e9es pendant cinq ans \u00e0 des fins fiscales et comptables. Cela inclut votre nom, adresse e-mail, adresse de facturation et d&rsquo;exp\u00e9dition.<\/p>\n<p><strong>Donn\u00e9es de connexion sociale :<\/strong> Nous collectons vos donn\u00e9es de profil public uniquement avec votre consentement, que vous accordez avant d&rsquo;initier la connexion sociale depuis le r\u00e9seau social utilis\u00e9 pour vous connecter \u00e0 notre site web. Ces donn\u00e9es incluent votre pr\u00e9nom, nom de famille, adresse e-mail, lien vers votre profil social, identifiant unique et lien vers l&rsquo;avatar de votre profil social. Ces d\u00e9tails sont utilis\u00e9s pour cr\u00e9er votre profil utilisateur sur notre site web.<\/p>\n<p>Portugal Fiberglass ne traitera les informations personnelles que dans le cadre des objectifs d\u00e9crits dans cette politique de confidentialit\u00e9 et\/ou dans tout avis de confidentialit\u00e9 compl\u00e9mentaire pour des services sp\u00e9cifiques. En plus des principes d\u00e9j\u00e0 mentionn\u00e9s, ces objectifs incluent :<\/p>\n<ul>\n<li>Fournir nos services, y compris l&rsquo;affichage de contenu et de publicit\u00e9s personnalis\u00e9s<\/li>\n<li>R\u00e9aliser des audits, recherches et analyses pour maintenir, prot\u00e9ger et am\u00e9liorer nos services<\/li>\n<li>Assurer la fonctionnalit\u00e9 technique de notre r\u00e9seau<\/li>\n<li>Prot\u00e9ger les droits de propri\u00e9t\u00e9 de Portugal Fiberglass et de nos clients<\/li>\n<li>D\u00e9velopper de nouveaux services.<\/li>\n<\/ul>\n<p>Chez Portugal Fiberglass, nous traitons les informations personnelles sur nos serveurs en Allemagne ainsi que dans d&rsquo;autres pays. Dans certains cas, nous pouvons traiter des informations personnelles sur un serveur situ\u00e9 en dehors de votre pays. Nous pouvons traiter des informations personnelles pour offrir nos services et, dans certains cas, les traiter au nom de et conform\u00e9ment aux instructions de tiers.<\/p>\n\t\t<\/div>\n\t\t\t\t<div id=\"wd-66f42dcbb7f89\" class=\"wd-text-block wd-wpb reset-last-child wd-rs-66f42dcbb7f89 text-left \">\n\t\t\t<p>Toutes les informations personnelles que nous collectons seront utilis\u00e9es pour rendre votre visite sur notre site aussi productive et agr\u00e9able que possible. Nous nous engageons \u00e0 prot\u00e9ger la vie priv\u00e9e de nos utilisateurs. Toutes les informations personnelles relatives aux membres, abonn\u00e9s, clients ou visiteurs qui utilisent notre site seront trait\u00e9es conform\u00e9ment aux lois sur la protection des donn\u00e9es. En utilisant notre site, vous acceptez cette Politique de confidentialit\u00e9. Nous nous r\u00e9servons le droit de modifier cette politique sans pr\u00e9avis. Nous vous recommandons donc de consulter r\u00e9guli\u00e8rement notre Politique de confidentialit\u00e9 pour rester inform\u00e9 des mises \u00e0 jour. Derni\u00e8re mise \u00e0 jour : 30 ao\u00fbt 2024.<\/p>\n\t\t<\/div>\n\t\t[\/vc_column][vc_column width=\u00a0\u00bb1\/2&Prime; css=\u00a0\u00bb.vc_custom_1484657123074{padding-top: 0px !important;}\u00a0\u00bb]\t\t<div id=\"wd-66f42c9d5dde9\" class=\"wd-text-block wd-wpb reset-last-child wd-rs-66f42c9d5dde9 text-left \">\n\t\t\t<p><strong>Acc\u00e8s et mise \u00e0 jour des informations personnelles<\/strong><\/p>\n<p>Lorsque vous utilisez nos services, nous faisons de notre mieux pour vous donner acc\u00e8s \u00e0 vos informations personnelles afin que vous puissiez les corriger si elles sont inexactes ou les supprimer \u00e0 votre demande, si elles ne sont plus n\u00e9cessaires \u00e0 des fins l\u00e9gales ou \u00e0 nos int\u00e9r\u00eats commerciaux l\u00e9gitimes. Avant de r\u00e9pondre \u00e0 ces demandes, vous serez invit\u00e9 \u00e0 vous identifier et \u00e0 sp\u00e9cifier les informations que vous souhaitez consulter, corriger ou supprimer. Nous nous r\u00e9servons le droit de refuser de traiter des demandes manifestement infond\u00e9es ou excessives, qui n\u00e9cessitent un effort technique disproportionn\u00e9, qui compromettent la confidentialit\u00e9 des autres, qui sont irr\u00e9alisables (par exemple, les demandes relatives \u00e0 des informations stock\u00e9es dans des copies de sauvegarde), ou dans les cas o\u00f9 le droit d&rsquo;acc\u00e8s n&rsquo;est pas autrement requis. Certains de nos services ont des proc\u00e9dures diff\u00e9rentes pour acc\u00e9der, corriger ou supprimer des informations personnelles. Nous fournissons les d\u00e9tails de ces proc\u00e9dures dans les avis de confidentialit\u00e9 suppl\u00e9mentaires ou dans les FAQ pour des services sp\u00e9cifiques. Si vous souhaitez supprimer toutes vos donn\u00e9es personnelles enregistr\u00e9es sur <a href=\"http:\/\/www.portugal-fiberglass.com\" target=\"_new\" rel=\"noopener\">www.portugal-fiberglass.com<\/a>, veuillez contacter notre service client\u00e8le \u00e0 l&rsquo;adresse suivante : welcome @ portugal-fiberglass.com.<\/p>\n\t\t<\/div>\n\t\t\t\t<div id=\"wd-66f42cb4c133c\" class=\"wd-text-block wd-wpb reset-last-child wd-rs-66f42cb4c133c text-left \">\n\t\t\t<p><strong>Ce que nous partageons avec des tiers<\/strong><\/p>\n<p>Nous partageons vos informations avec des prestataires de services tiers qui nous aident \u00e0 traiter vos commandes, tels que divers transporteurs, banques, PayPal, IfThenPay et Stripe.<\/p>\n\t\t<\/div>\n\t\t\t\t<div id=\"wd-66f42d9abd9b1\" class=\"wd-text-block wd-wpb reset-last-child wd-rs-66f42d9abd9b1 text-left \">\n\t\t\t<p><strong>Qui, dans notre \u00e9quipe, a acc\u00e8s \u00e0 ces informations<\/strong><\/p>\n<p>Les membres de notre \u00e9quipe ont acc\u00e8s aux informations que vous nous fournissez. Par exemple, les administrateurs et les gestionnaires de la boutique peuvent acc\u00e9der \u00e0 :<\/p>\n<ul>\n<li>Les d\u00e9tails des commandes, y compris ce que vous avez achet\u00e9, quand vous l&rsquo;avez achet\u00e9, et l&rsquo;adresse de livraison.<\/li>\n<li>Les informations des clients, y compris le nom, l&rsquo;adresse e-mail, ainsi que les adresses de facturation et de livraison.<\/li>\n<\/ul>\n<p>Nos membres ont acc\u00e8s \u00e0 ces informations dans le but de traiter les commandes, de g\u00e9rer les retours et de fournir un service client.<\/p>\n\t\t<\/div>\n\t\t\t\t<div id=\"wd-66f42daeaf877\" class=\"wd-text-block wd-wpb reset-last-child wd-rs-66f42daeaf877 text-left \">\n\t\t\t<p><strong>Cookies<\/strong><\/p>\n<p>Les cookies sont de petits fichiers texte qu&rsquo;un site web, lorsqu&rsquo;il est visit\u00e9 par un utilisateur, place sur l&rsquo;ordinateur ou l&rsquo;appareil mobile de l&rsquo;utilisateur via le navigateur web. L&rsquo;installation de cookies aide le site \u00e0 reconna\u00eetre votre appareil lors de votre prochaine visite. Nous utilisons des cookies pour stocker des informations, telles que vos pr\u00e9f\u00e9rences personnelles lorsque vous visitez notre site web. Cela peut inclure une simple fen\u00eatre contextuelle ou un lien vers divers services que nous proposons. Le visiteur a la possibilit\u00e9 de d\u00e9sactiver les cookies dans les options de son navigateur ou en apportant des modifications aux outils des programmes antivirus. Cependant, cela peut alt\u00e9rer la fa\u00e7on dont vous interagissez avec notre site web ou d&rsquo;autres sites web. Cela peut affecter ou vous emp\u00eacher de vous connecter \u00e0 des programmes, des sites ou des forums sur notre r\u00e9seau et ailleurs.<\/p>\n\t\t<\/div>\n\t\t\t\t<div id=\"wd-66f42db7552b9\" class=\"wd-text-block wd-wpb reset-last-child wd-rs-66f42db7552b9 text-left \">\n\t\t\t<p><strong>Liens vers des sites web externes<\/strong><\/p>\n<p>Notre site web contient des liens vers d&rsquo;autres sites web que nous estimons pouvoir offrir des informations ou des outils utiles \u00e0 nos visiteurs. Notre politique de confidentialit\u00e9 ne s&rsquo;applique pas aux sites web tiers. Si vous visitez un autre site \u00e0 partir du n\u00f4tre, veuillez consulter sa politique de confidentialit\u00e9. Nous ne sommes pas responsables des pratiques de confidentialit\u00e9 ou du contenu de ces sites.<\/p>\n\t\t<\/div>\n\t\t\t\t<div id=\"wd-66f42dc021293\" class=\"wd-text-block wd-wpb reset-last-child wd-rs-66f42dc021293 text-left \">\n\t\t\t<p><strong>Droits des personnes concern\u00e9es<\/strong><\/p>\n<p>Les visiteurs peuvent exercer leurs droits en contactant le responsable du traitement mentionn\u00e9 ci-dessous dans cette Politique de confidentialit\u00e9. Les visiteurs de Portugal Fiberglass disposent des droits suivants concernant leurs donn\u00e9es personnelles :<\/p>\n<p><strong>Droit \u00e0 l&rsquo;information :<\/strong> Au moment de la collecte ou du traitement, la personne concern\u00e9e a le droit d&rsquo;\u00eatre inform\u00e9e de la finalit\u00e9 du traitement, du responsable du traitement, des entit\u00e9s auxquelles ses donn\u00e9es peuvent \u00eatre divulgu\u00e9es, des conditions d&rsquo;acc\u00e8s et de rectification, ainsi que des donn\u00e9es obligatoires ou facultatives \u00e0 fournir.<\/p>\n<p><strong>Droit d&rsquo;acc\u00e8s :<\/strong> La personne concern\u00e9e a le droit d&rsquo;acc\u00e9der \u00e0 ses donn\u00e9es personnelles sans restriction ni d\u00e9lai, ainsi que d&rsquo;\u00eatre inform\u00e9e de l&rsquo;origine des donn\u00e9es, des finalit\u00e9s de leur traitement et de tout destinataire tiers.<\/p>\n<p><strong>Droit de rectification :<\/strong> La personne concern\u00e9e a le droit de veiller \u00e0 ce que ses donn\u00e9es soient exactes et \u00e0 jour, et peut \u00e0 tout moment demander une rectification au responsable du traitement des donn\u00e9es de Portugal Fiberglass.<\/p>\n<p><strong>Droit \u00e0 l&rsquo;effacement :<\/strong> La personne concern\u00e9e a le droit de faire effacer ses donn\u00e9es et de les supprimer dans certaines conditions, telles que lorsque les donn\u00e9es ne sont plus n\u00e9cessaires aux fins pour lesquelles elles ont \u00e9t\u00e9 collect\u00e9es, lorsque la personne concern\u00e9e retire son consentement ou s&rsquo;oppose au traitement, ou si le traitement ne respecte pas les dispositions l\u00e9gales. Les demandes de suppression peuvent \u00eatre faites par e-mail, \u00e0 partir de l&rsquo;adresse e-mail associ\u00e9e au compte, \u00e0 l&rsquo;adresse suivante : welcome @portugal-fiberglass.com avec pour objet \u00ab\u00a0supprimer les donn\u00e9es personnelles\u00a0\u00bb.<\/p>\n<p><strong>Droit \u00e0 la limitation du traitement :<\/strong> La personne concern\u00e9e a le droit de limiter le traitement de ses donn\u00e9es \u00e0 ce qui est strictement n\u00e9cessaire \u00e0 la finalit\u00e9 vis\u00e9e.<\/p>\n<p><strong>Droit \u00e0 la portabilit\u00e9 des donn\u00e9es :<\/strong> La personne concern\u00e9e a le droit de recevoir ses donn\u00e9es ou de demander leur transfert \u00e0 une autre entit\u00e9 qui deviendra le nouveau responsable du traitement, \u00e0 condition que cela soit techniquement faisable.<\/p>\n<p><strong>Droit d&rsquo;opposition :<\/strong> La personne concern\u00e9e a le droit de s&rsquo;opposer, sans frais, au traitement de ses donn\u00e9es personnelles \u00e0 des fins de marketing direct ou \u00e0 toute autre forme de prospection, ainsi qu&rsquo;\u00e0 la communication de ses donn\u00e9es \u00e0 des tiers, sauf si cela est requis par la loi.<\/p>\n<p><strong>Droit d&rsquo;\u00eatre inform\u00e9 en cas de violation des donn\u00e9es :<\/strong> La personne concern\u00e9e a le droit d&rsquo;\u00eatre inform\u00e9e en cas de violation de s\u00e9curit\u00e9 compromettant ses donn\u00e9es.<\/p>\n<p><strong>Droit de d\u00e9poser une plainte aupr\u00e8s d&rsquo;une autorit\u00e9 de contr\u00f4le :<\/strong> La personne concern\u00e9e a le droit de d\u00e9poser une plainte non seulement aupr\u00e8s du responsable du traitement des donn\u00e9es de l&rsquo;entreprise, mais aussi aupr\u00e8s de l&rsquo;autorit\u00e9 de contr\u00f4le, la Commission Nationale de Protection des Donn\u00e9es.<\/p>\n\t\t<\/div>\n\t\t[\/vc_column][\/vc_row]<\/p>\n<\/div>","protected":false},"excerpt":{"rendered":"<p>[vc_row css=\u00a0\u00bb.vc_custom_1496940694752{margin-bottom: 20px !important;}\u00a0\u00bb][vc_column css=\u00a0\u00bb.vc_custom_1484657273903{padding-top: 0px !important;}\u00a0\u00bb][\/vc_column][\/vc_row][vc_row equal_height=\u00a0\u00bbyes\u00a0\u00bb css=\u00a0\u00bb.vc_custom_1629893241850{margin-bottom: 50px !important;}\u00a0\u00bb wd_z_index=\u00a0\u00bbno\u00a0\u00bb woodmart_css_id=\u00a0\u00bb6126327347fb2&Prime; responsive_spacing=\u00a0\u00bbeyJwYXJhbV90eXBlIjoid29vZG1hcnRfcmVzcG9uc2l2ZV9zcGFjaW5nIiwic2VsZWN0b3JfaWQiOiI2MTI2MzI3MzQ3ZmIyIiwic2hvcnRjb2RlIjoidmNfcm93IiwiZGF0YSI6eyJ0YWJsZXQiOnt9LCJtb2JpbGUiOnsibWFyZ2luLWJvdHRvbSI6IjMwIn19fQ==\u00a0\u00bb mobile_bg_img_hidden=\u00a0\u00bbno\u00a0\u00bb tablet_bg_img_hidden=\u00a0\u00bbno\u00a0\u00bb woodmart_parallax=\u00a0\u00bb0&Prime; woodmart_gradient_switch=\u00a0\u00bbno\u00a0\u00bb row_reverse_mobile=\u00a0\u00bb0&Prime; row_reverse_tablet=\u00a0\u00bb0&Prime;<\/p>\n","protected":false},"author":1,"featured_media":0,"parent":0,"menu_order":0,"comment_status":"closed","ping_status":"closed","template":"","meta":{"footnotes":""},"class_list":["post-14067","page","type-page","status-publish","hentry"],"_links":{"self":[{"href":"https:\/\/portugal-fiberglass.com\/fr\/wp-json\/wp\/v2\/pages\/14067","targetHints":{"allow":["GET"]}}],"collection":[{"href":"https:\/\/portugal-fiberglass.com\/fr\/wp-json\/wp\/v2\/pages"}],"about":[{"href":"https:\/\/portugal-fiberglass.com\/fr\/wp-json\/wp\/v2\/types\/page"}],"author":[{"embeddable":true,"href":"https:\/\/portugal-fiberglass.com\/fr\/wp-json\/wp\/v2\/users\/1"}],"replies":[{"embeddable":true,"href":"https:\/\/portugal-fiberglass.com\/fr\/wp-json\/wp\/v2\/comments?post=14067"}],"version-history":[{"count":0,"href":"https:\/\/portugal-fiberglass.com\/fr\/wp-json\/wp\/v2\/pages\/14067\/revisions"}],"wp:attachment":[{"href":"https:\/\/portugal-fiberglass.com\/fr\/wp-json\/wp\/v2\/media?parent=14067"}],"curies":[{"name":"wp","href":"https:\/\/api.w.org\/{rel}","templated":true}]}}